{"id":8995,"date":"2025-07-22T09:25:28","date_gmt":"2025-07-22T09:25:28","guid":{"rendered":"https:\/\/siera-alliance.com\/?page_id=8995"},"modified":"2025-07-22T09:33:44","modified_gmt":"2025-07-22T09:33:44","slug":"environmental-software","status":"publish","type":"page","link":"https:\/\/siera-alliance.com\/de\/environment-engineering-solutions\/impact-technologies\/environmental-software\/","title":{"rendered":"Umwelt-Software"},"content":{"rendered":"<div data-elementor-type=\"wp-page\" data-elementor-id=\"8995\" class=\"elementor elementor-8995\" data-elementor-post-type=\"page\">\n\t\t\t\t<div class=\"elementor-element elementor-element-753f6d7 e-flex e-con-boxed e-con e-parent\" data-id=\"753f6d7\" data-element_type=\"container\" data-e-type=\"container\" data-settings=\"{&quot;background_background&quot;:&quot;classic&quot;}\">\n\t\t\t\t\t<div class=\"e-con-inner\">\n\t\t\t\t<div class=\"elementor-element elementor-element-0690cec elementor-widget__width-initial elementor-widget elementor-widget-heading\" data-id=\"0690cec\" data-element_type=\"widget\" data-e-type=\"widget\" data-widget_type=\"heading.default\">\n\t\t\t\t<div class=\"elementor-widget-container\">\n\t\t\t\t\t<h5 class=\"elementor-heading-title elementor-size-default\">Siera Alliance<\/h5>\t\t\t\t<\/div>\n\t\t\t\t<\/div>\n\t\t\t\t<div class=\"elementor-element elementor-element-8bc1e9f elementor-widget__width-initial elementor-widget elementor-widget-heading\" data-id=\"8bc1e9f\" data-element_type=\"widget\" data-e-type=\"widget\" data-widget_type=\"heading.default\">\n\t\t\t\t<div class=\"elementor-widget-container\">\n\t\t\t\t\t<h1 class=\"elementor-heading-title elementor-size-default\">Umwelt-Software<\/h1>\t\t\t\t<\/div>\n\t\t\t\t<\/div>\n\t\t\t\t\t<\/div>\n\t\t\t\t<\/div>\n\t\t<div class=\"elementor-element elementor-element-1ed9f65 e-flex e-con-boxed e-con e-parent\" data-id=\"1ed9f65\" data-element_type=\"container\" data-e-type=\"container\">\n\t\t\t\t\t<div class=\"e-con-inner\">\n\t\t<div class=\"elementor-element elementor-element-0b87d88 e-con-full e-flex e-con e-child\" data-id=\"0b87d88\" data-element_type=\"container\" data-e-type=\"container\">\n\t\t\t\t<div class=\"elementor-element elementor-element-db841f4 elementor-widget__width-initial elementor-widget elementor-widget-heading\" data-id=\"db841f4\" data-element_type=\"widget\" data-e-type=\"widget\" data-widget_type=\"heading.default\">\n\t\t\t\t<div class=\"elementor-widget-container\">\n\t\t\t\t\t<h5 class=\"elementor-heading-title elementor-size-default\">Umwelttechnische L\u00f6sungen<\/h5>\t\t\t\t<\/div>\n\t\t\t\t<\/div>\n\t\t\t\t<div class=\"elementor-element elementor-element-7c3b695 elementor-widget__width-initial elementor-widget elementor-widget-heading\" data-id=\"7c3b695\" data-element_type=\"widget\" data-e-type=\"widget\" data-widget_type=\"heading.default\">\n\t\t\t\t<div class=\"elementor-widget-container\">\n\t\t\t\t\t<h2 class=\"elementor-heading-title elementor-size-default\">Umwelt-Software<\/h2>\t\t\t\t<\/div>\n\t\t\t\t<\/div>\n\t\t\t\t<div class=\"elementor-element elementor-element-b69dda2 elementor-widget__width-initial elementor-widget elementor-widget-text-editor\" data-id=\"b69dda2\" data-element_type=\"widget\" data-e-type=\"widget\" data-widget_type=\"text-editor.default\">\n\t\t\t\t<div class=\"elementor-widget-container\">\n\t\t\t\t\t\t\t\t\t<p>SIERA Alliance bietet fortschrittliche Umweltsoftwarel\u00f6sungen f\u00fcr die Verwaltung und Analyse r\u00e4umlicher Daten, um die Nachhaltigkeit zu f\u00f6rdern. Dazu geh\u00f6ren:<\/p><ul><li><strong>Geodatenerfassung und -verwaltung<\/strong> Werkzeuge, die Informationen zu bestimmten Orten auf der Erde sammeln, um fundierte Entscheidungen zu treffen<\/li><li><strong>Datenanalyse und -visualisierung<\/strong> Techniken, um Erkenntnisse \u00fcber Umweltbedingungen und -auswirkungen zu gewinnen<\/li><li><strong>Tools f\u00fcr Impact Finance<\/strong> die Umweltdaten einbeziehen, um nachhaltige Investitionen und Projekte zu unterst\u00fctzen<\/li><\/ul><p><br \/>Durch die Bereitstellung einer robusten Umweltsoftware sorgt SIERA daf\u00fcr, dass Unternehmen Daten, die sich auf die Nachhaltigkeit und die Einhaltung von Vorschriften auswirken, visualisieren und darauf reagieren k\u00f6nnen.<\/p>\t\t\t\t\t\t\t\t<\/div>\n\t\t\t\t<\/div>\n\t\t\t\t<div class=\"elementor-element elementor-element-3f7a6a4 elementor-align-left elementor-widget__width-initial elementor-widget elementor-widget-button\" data-id=\"3f7a6a4\" data-element_type=\"widget\" data-e-type=\"widget\" data-widget_type=\"button.default\">\n\t\t\t\t<div class=\"elementor-widget-container\">\n\t\t\t\t\t\t\t\t\t<div class=\"elementor-button-wrapper\">\n\t\t\t\t\t<a class=\"elementor-button elementor-button-link elementor-size-sm\" href=\"https:\/\/siera-alliance.com\/de\/event-calendar\/\">\n\t\t\t\t\t\t<span class=\"elementor-button-content-wrapper\">\n\t\t\t\t\t\t\t\t\t<span class=\"elementor-button-text\">Registriere dich f\u00fcr unsere kostenlosen Webinare<\/span>\n\t\t\t\t\t<\/span>\n\t\t\t\t\t<\/a>\n\t\t\t\t<\/div>\n\t\t\t\t\t\t\t\t<\/div>\n\t\t\t\t<\/div>\n\t\t\t\t<\/div>\n\t\t<div class=\"elementor-element elementor-element-93819d6 e-con-full e-flex e-con e-child\" data-id=\"93819d6\" data-element_type=\"container\" data-e-type=\"container\">\n\t\t\t\t<div class=\"elementor-element elementor-element-31400e8 elementor-widget elementor-widget-image\" data-id=\"31400e8\" data-element_type=\"widget\" data-e-type=\"widget\" data-widget_type=\"image.default\">\n\t\t\t\t<div class=\"elementor-widget-container\">\n\t\t\t\t\t\t\t\t\t\t\t\t\t\t\t<img fetchpriority=\"high\" decoding=\"async\" width=\"800\" height=\"302\" src=\"https:\/\/siera-alliance.com\/wp-content\/uploads\/2025\/07\/siera-alliance-environmental-solutions-75-1024x387.webp\" class=\"attachment-large size-large wp-image-8599\" alt=\"siera alliance environmental solutions ()\" srcset=\"https:\/\/siera-alliance.com\/wp-content\/uploads\/2025\/07\/siera-alliance-environmental-solutions-75-1024x387.webp 1024w, https:\/\/siera-alliance.com\/wp-content\/uploads\/2025\/07\/siera-alliance-environmental-solutions-75-300x113.webp 300w, https:\/\/siera-alliance.com\/wp-content\/uploads\/2025\/07\/siera-alliance-environmental-solutions-75-768x290.webp 768w, https:\/\/siera-alliance.com\/wp-content\/uploads\/2025\/07\/siera-alliance-environmental-solutions-75-1536x581.webp 1536w, https:\/\/siera-alliance.com\/wp-content\/uploads\/2025\/07\/siera-alliance-environmental-solutions-75-2048x774.webp 2048w\" sizes=\"(max-width: 800px) 100vw, 800px\" \/>\t\t\t\t\t\t\t\t\t\t\t\t\t\t\t<\/div>\n\t\t\t\t<\/div>\n\t\t<div class=\"elementor-element elementor-element-c1bb66c e-con-full e-flex e-con e-child\" data-id=\"c1bb66c\" data-element_type=\"container\" data-e-type=\"container\">\n\t\t\t\t<div class=\"elementor-element elementor-element-cc43567 elementor-widget__width-initial elementor-widget elementor-widget-image\" data-id=\"cc43567\" data-element_type=\"widget\" data-e-type=\"widget\" data-widget_type=\"image.default\">\n\t\t\t\t<div class=\"elementor-widget-container\">\n\t\t\t\t\t\t\t\t\t\t\t\t\t\t\t<img decoding=\"async\" width=\"800\" height=\"534\" src=\"https:\/\/siera-alliance.com\/wp-content\/uploads\/2025\/07\/siera-alliance-environmental-solutions-69.webp\" class=\"attachment-large size-large wp-image-8593\" alt=\"siera alliance environmental solutions ()\" srcset=\"https:\/\/siera-alliance.com\/wp-content\/uploads\/2025\/07\/siera-alliance-environmental-solutions-69.webp 1000w, https:\/\/siera-alliance.com\/wp-content\/uploads\/2025\/07\/siera-alliance-environmental-solutions-69-300x200.webp 300w, https:\/\/siera-alliance.com\/wp-content\/uploads\/2025\/07\/siera-alliance-environmental-solutions-69-768x512.webp 768w\" sizes=\"(max-width: 800px) 100vw, 800px\" \/>\t\t\t\t\t\t\t\t\t\t\t\t\t\t\t<\/div>\n\t\t\t\t<\/div>\n\t\t\t\t<div class=\"elementor-element elementor-element-5c6522a elementor-widget__width-initial elementor-widget elementor-widget-image\" data-id=\"5c6522a\" data-element_type=\"widget\" data-e-type=\"widget\" data-widget_type=\"image.default\">\n\t\t\t\t<div class=\"elementor-widget-container\">\n\t\t\t\t\t\t\t\t\t\t\t\t\t\t\t<img decoding=\"async\" width=\"800\" height=\"541\" src=\"https:\/\/siera-alliance.com\/wp-content\/uploads\/2025\/07\/siera-alliance-environmental-solutions-68.webp\" class=\"attachment-large size-large wp-image-8592\" alt=\"siera alliance environmental solutions ()\" srcset=\"https:\/\/siera-alliance.com\/wp-content\/uploads\/2025\/07\/siera-alliance-environmental-solutions-68.webp 1000w, https:\/\/siera-alliance.com\/wp-content\/uploads\/2025\/07\/siera-alliance-environmental-solutions-68-300x203.webp 300w, https:\/\/siera-alliance.com\/wp-content\/uploads\/2025\/07\/siera-alliance-environmental-solutions-68-768x519.webp 768w\" sizes=\"(max-width: 800px) 100vw, 800px\" \/>\t\t\t\t\t\t\t\t\t\t\t\t\t\t\t<\/div>\n\t\t\t\t<\/div>\n\t\t\t\t<\/div>\n\t\t\t\t<\/div>\n\t\t\t\t\t<\/div>\n\t\t\t\t<\/div>\n\t\t<div class=\"elementor-element elementor-element-5ab98a1 e-flex e-con-boxed e-con e-parent\" data-id=\"5ab98a1\" data-element_type=\"container\" data-e-type=\"container\" data-settings=\"{&quot;background_background&quot;:&quot;classic&quot;}\">\n\t\t\t\t\t<div class=\"e-con-inner\">\n\t\t<div class=\"elementor-element elementor-element-247335c e-con-full e-flex e-con e-child\" data-id=\"247335c\" data-element_type=\"container\" data-e-type=\"container\">\n\t\t\t\t<div class=\"elementor-element elementor-element-625ab63 elementor-widget__width-initial elementor-widget elementor-widget-heading\" data-id=\"625ab63\" data-element_type=\"widget\" data-e-type=\"widget\" data-widget_type=\"heading.default\">\n\t\t\t\t<div class=\"elementor-widget-container\">\n\t\t\t\t\t<h5 class=\"elementor-heading-title elementor-size-default\">Umwelttechnische L\u00f6sungen<\/h5>\t\t\t\t<\/div>\n\t\t\t\t<\/div>\n\t\t\t\t<div class=\"elementor-element elementor-element-ee16a15 elementor-widget__width-initial elementor-widget elementor-widget-heading\" data-id=\"ee16a15\" data-element_type=\"widget\" data-e-type=\"widget\" data-widget_type=\"heading.default\">\n\t\t\t\t<div class=\"elementor-widget-container\">\n\t\t\t\t\t<h2 class=\"elementor-heading-title elementor-size-default\">Technik f\u00fcr ein besseres Morgen <\/h2>\t\t\t\t<\/div>\n\t\t\t\t<\/div>\n\t\t\t\t<div class=\"elementor-element elementor-element-2a90ef4 elementor-widget__width-initial elementor-widget elementor-widget-text-editor\" data-id=\"2a90ef4\" data-element_type=\"widget\" data-e-type=\"widget\" data-widget_type=\"text-editor.default\">\n\t\t\t\t<div class=\"elementor-widget-container\">\n\t\t\t\t\t\t\t\t\t<p>Umwelttechnische L\u00f6sungen organisieren die Auswirkungen in diesen Schwerpunktbereichen, in denen der Wandel greifbar wird.<\/p>\t\t\t\t\t\t\t\t<\/div>\n\t\t\t\t<\/div>\n\t\t\t\t<\/div>\n\t\t<div class=\"elementor-element elementor-element-59d61b3 e-con-full e-flex e-con e-child\" data-id=\"59d61b3\" data-element_type=\"container\" data-e-type=\"container\">\n\t\t\t\t<div class=\"elementor-element elementor-element-cb68f77 elementor-flip-box--effect-slide elementor-widget__width-initial elementor-flip-box--direction-up elementor-widget elementor-widget-flip-box\" data-id=\"cb68f77\" data-element_type=\"widget\" data-e-type=\"widget\" data-widget_type=\"flip-box.default\">\n\t\t\t\t<div class=\"elementor-widget-container\">\n\t\t\t\t\t\t\t<div class=\"elementor-flip-box\" tabindex=\"0\">\n\t\t\t<div class=\"elementor-flip-box__layer elementor-flip-box__front\">\n\t\t\t\t<div class=\"elementor-flip-box__layer__overlay\">\n\t\t\t\t\t<div class=\"elementor-flip-box__layer__inner\">\n\t\t\t\t\t\t\n\t\t\t\t\t\t\t\t\t\t\t\t\t<h3 class=\"elementor-flip-box__layer__title\">\n\t\t\t\t\t\t\t\tGeo-Informationen \t\t\t\t\t\t\t<\/h3>\n\t\t\t\t\t\t\n\t\t\t\t\t\t\t\t\t\t\t<\/div>\n\t\t\t\t<\/div>\n\t\t\t<\/div>\n\t\t\t<a class=\"elementor-flip-box__layer elementor-flip-box__back\" href=\"https:\/\/siera-alliance.com\/de\/environment-engineering-solutions\/impact-technologies\/geo-information\/\">\n\t\t\t<div class=\"elementor-flip-box__layer__overlay\">\n\t\t\t\t<div class=\"elementor-flip-box__layer__inner\">\n\t\t\t\t\t\n\t\t\t\t\t\t\t\t\t\t\t<div class=\"elementor-flip-box__layer__description\">\n\t\t\t\t\t\t\tSIERA Alliance ist auf die Bereitstellung von Geoinformationsl\u00f6sungen spezialisiert, die belastbare Infrastrukturprojekte untermauern. \t\t\t\t\t\t<\/div>\n\t\t\t\t\t\n\t\t\t\t\t\t\t\t\t\t\t<span class=\"elementor-flip-box__button elementor-button elementor-size-sm\">\n\t\t\t\t\t\t\tMehr erfahren\t\t\t\t\t\t<\/span>\n\t\t\t\t\t\t\t\t<\/div>\n\t\t<\/div>\n\t\t<\/a>\n\t\t<\/div>\n\t\t\t\t\t\t<\/div>\n\t\t\t\t<\/div>\n\t\t\t\t<div class=\"elementor-element elementor-element-76d63fc elementor-flip-box--effect-slide elementor-widget__width-initial elementor-flip-box--direction-up elementor-widget elementor-widget-flip-box\" data-id=\"76d63fc\" data-element_type=\"widget\" data-e-type=\"widget\" data-widget_type=\"flip-box.default\">\n\t\t\t\t<div class=\"elementor-widget-container\">\n\t\t\t\t\t\t\t<div class=\"elementor-flip-box\" tabindex=\"0\">\n\t\t\t<div class=\"elementor-flip-box__layer elementor-flip-box__front\">\n\t\t\t\t<div class=\"elementor-flip-box__layer__overlay\">\n\t\t\t\t\t<div class=\"elementor-flip-box__layer__inner\">\n\t\t\t\t\t\t\n\t\t\t\t\t\t\t\t\t\t\t\t\t<h3 class=\"elementor-flip-box__layer__title\">\n\t\t\t\t\t\t\t\tUmwelt ERP \t\t\t\t\t\t\t<\/h3>\n\t\t\t\t\t\t\n\t\t\t\t\t\t\t\t\t\t\t<\/div>\n\t\t\t\t<\/div>\n\t\t\t<\/div>\n\t\t\t<a class=\"elementor-flip-box__layer elementor-flip-box__back\" href=\"https:\/\/siera-alliance.com\/de\/environment-engineering-solutions\/impact-technologies\/environment-erp\/\">\n\t\t\t<div class=\"elementor-flip-box__layer__overlay\">\n\t\t\t\t<div class=\"elementor-flip-box__layer__inner\">\n\t\t\t\t\t\n\t\t\t\t\t\t\t\t\t\t\t<div class=\"elementor-flip-box__layer__description\">\n\t\t\t\t\t\t\tUmwelt-ERP-Systeme bieten einen umfassenden Ansatz f\u00fcr das Management der Umweltleistung einer Organisation. \t\t\t\t\t\t<\/div>\n\t\t\t\t\t\n\t\t\t\t\t\t\t\t\t\t\t<span class=\"elementor-flip-box__button elementor-button elementor-size-sm\">\n\t\t\t\t\t\t\tMehr erfahren\t\t\t\t\t\t<\/span>\n\t\t\t\t\t\t\t\t<\/div>\n\t\t<\/div>\n\t\t<\/a>\n\t\t<\/div>\n\t\t\t\t\t\t<\/div>\n\t\t\t\t<\/div>\n\t\t\t\t<div class=\"elementor-element elementor-element-1c8def4 elementor-flip-box--effect-slide elementor-widget__width-initial elementor-flip-box--direction-up elementor-widget elementor-widget-flip-box\" data-id=\"1c8def4\" data-element_type=\"widget\" data-e-type=\"widget\" data-widget_type=\"flip-box.default\">\n\t\t\t\t<div class=\"elementor-widget-container\">\n\t\t\t\t\t\t\t<div class=\"elementor-flip-box\" tabindex=\"0\">\n\t\t\t<div class=\"elementor-flip-box__layer elementor-flip-box__front\">\n\t\t\t\t<div class=\"elementor-flip-box__layer__overlay\">\n\t\t\t\t\t<div class=\"elementor-flip-box__layer__inner\">\n\t\t\t\t\t\t\n\t\t\t\t\t\t\t\t\t\t\t\t\t<h3 class=\"elementor-flip-box__layer__title\">\n\t\t\t\t\t\t\t\tUmwelt-Software \t\t\t\t\t\t\t<\/h3>\n\t\t\t\t\t\t\n\t\t\t\t\t\t\t\t\t\t\t<\/div>\n\t\t\t\t<\/div>\n\t\t\t<\/div>\n\t\t\t<a class=\"elementor-flip-box__layer elementor-flip-box__back\" href=\"https:\/\/siera-alliance.com\/de\/environment-engineering-solutions\/impact-technologies\/environmental-software\/\">\n\t\t\t<div class=\"elementor-flip-box__layer__overlay\">\n\t\t\t\t<div class=\"elementor-flip-box__layer__inner\">\n\t\t\t\t\t\n\t\t\t\t\t\t\t\t\t\t\t<div class=\"elementor-flip-box__layer__description\">\n\t\t\t\t\t\t\tSIERA Alliance bietet fortschrittliche Umweltsoftwarel\u00f6sungen f\u00fcr die Verwaltung und Analyse r\u00e4umlicher Daten, um die Nachhaltigkeit zu f\u00f6rdern. \t\t\t\t\t\t<\/div>\n\t\t\t\t\t\n\t\t\t\t\t\t\t\t\t\t\t<span class=\"elementor-flip-box__button elementor-button elementor-size-sm\">\n\t\t\t\t\t\t\tMehr erfahren\t\t\t\t\t\t<\/span>\n\t\t\t\t\t\t\t\t<\/div>\n\t\t<\/div>\n\t\t<\/a>\n\t\t<\/div>\n\t\t\t\t\t\t<\/div>\n\t\t\t\t<\/div>\n\t\t\t\t<div class=\"elementor-element elementor-element-a95b538 elementor-flip-box--effect-slide elementor-widget__width-initial elementor-flip-box--direction-up elementor-widget elementor-widget-flip-box\" data-id=\"a95b538\" data-element_type=\"widget\" data-e-type=\"widget\" data-widget_type=\"flip-box.default\">\n\t\t\t\t<div class=\"elementor-widget-container\">\n\t\t\t\t\t\t\t<div class=\"elementor-flip-box\" tabindex=\"0\">\n\t\t\t<div class=\"elementor-flip-box__layer elementor-flip-box__front\">\n\t\t\t\t<div class=\"elementor-flip-box__layer__overlay\">\n\t\t\t\t\t<div class=\"elementor-flip-box__layer__inner\">\n\t\t\t\t\t\t\n\t\t\t\t\t\t\t\t\t\t\t\t\t<h3 class=\"elementor-flip-box__layer__title\">\n\t\t\t\t\t\t\t\tNachhaltigkeit Software \t\t\t\t\t\t\t<\/h3>\n\t\t\t\t\t\t\n\t\t\t\t\t\t\t\t\t\t\t<\/div>\n\t\t\t\t<\/div>\n\t\t\t<\/div>\n\t\t\t<a class=\"elementor-flip-box__layer elementor-flip-box__back\" href=\"https:\/\/siera-alliance.com\/de\/environment-engineering-solutions\/impact-technologies\/sustainability-software\/\">\n\t\t\t<div class=\"elementor-flip-box__layer__overlay\">\n\t\t\t\t<div class=\"elementor-flip-box__layer__inner\">\n\t\t\t\t\t\n\t\t\t\t\t\t\t\t\t\t\t<div class=\"elementor-flip-box__layer__description\">\n\t\t\t\t\t\t\tDie Softwarel\u00f6sungen von SIERA f\u00fcr Nachhaltigkeit stehen an der Spitze der digitalen Innovation und unterst\u00fctzen Unternehmen bei ihren Bem\u00fchungen, nachhaltige Praktiken zu f\u00f6rdern. \t\t\t\t\t\t<\/div>\n\t\t\t\t\t\n\t\t\t\t\t\t\t\t\t\t\t<span class=\"elementor-flip-box__button elementor-button elementor-size-sm\">\n\t\t\t\t\t\t\tMehr erfahren\t\t\t\t\t\t<\/span>\n\t\t\t\t\t\t\t\t<\/div>\n\t\t<\/div>\n\t\t<\/a>\n\t\t<\/div>\n\t\t\t\t\t\t<\/div>\n\t\t\t\t<\/div>\n\t\t\t\t<\/div>\n\t\t\t\t\t<\/div>\n\t\t\t\t<\/div>\n\t\t\t\t<\/div>","protected":false},"excerpt":{"rendered":"<p>Siera Alliance Environmental Software Environment Engineering Solutions Environmental Software SIERA Alliance offers advanced environmental software solutions designed to manage and analyze spatial data to drive sustainability. This includes: Spatial Data Collection and Management tools that gather information tied to specific locations on Earth for informed decision-making Data Analysis and Visualization techniques to uncover insights about [&hellip;]<\/p>\n","protected":false},"author":3,"featured_media":0,"parent":8982,"menu_order":0,"comment_status":"closed","ping_status":"closed","template":"elementor_header_footer","meta":{"footnotes":""},"class_list":["post-8995","page","type-page","status-publish","hentry"],"aioseo_notices":[],"_links":{"self":[{"href":"https:\/\/siera-alliance.com\/de\/wp-json\/wp\/v2\/pages\/8995","targetHints":{"allow":["GET"]}}],"collection":[{"href":"https:\/\/siera-alliance.com\/de\/wp-json\/wp\/v2\/pages"}],"about":[{"href":"https:\/\/siera-alliance.com\/de\/wp-json\/wp\/v2\/types\/page"}],"author":[{"embeddable":true,"href":"https:\/\/siera-alliance.com\/de\/wp-json\/wp\/v2\/users\/3"}],"replies":[{"embeddable":true,"href":"https:\/\/siera-alliance.com\/de\/wp-json\/wp\/v2\/comments?post=8995"}],"version-history":[{"count":13,"href":"https:\/\/siera-alliance.com\/de\/wp-json\/wp\/v2\/pages\/8995\/revisions"}],"predecessor-version":[{"id":9039,"href":"https:\/\/siera-alliance.com\/de\/wp-json\/wp\/v2\/pages\/8995\/revisions\/9039"}],"up":[{"embeddable":true,"href":"https:\/\/siera-alliance.com\/de\/wp-json\/wp\/v2\/pages\/8982"}],"wp:attachment":[{"href":"https:\/\/siera-alliance.com\/de\/wp-json\/wp\/v2\/media?parent=8995"}],"curies":[{"name":"wp","href":"https:\/\/api.w.org\/{rel}","templated":true}]}}