{"id":8886,"date":"2025-07-22T07:11:48","date_gmt":"2025-07-22T07:11:48","guid":{"rendered":"https:\/\/siera-alliance.com\/?page_id=8886"},"modified":"2025-08-01T06:36:23","modified_gmt":"2025-08-01T06:36:23","slug":"sustainable-site-development","status":"publish","type":"page","link":"https:\/\/siera-alliance.com\/de\/environment-engineering-solutions\/urban-sustainability\/sustainable-site-development\/","title":{"rendered":"Nachhaltige Standortentwicklung"},"content":{"rendered":"<div data-elementor-type=\"wp-page\" data-elementor-id=\"8886\" class=\"elementor elementor-8886\" data-elementor-post-type=\"page\">\n\t\t\t\t<div class=\"elementor-element elementor-element-753f6d7 e-flex e-con-boxed e-con e-parent\" data-id=\"753f6d7\" data-element_type=\"container\" data-e-type=\"container\" data-settings=\"{&quot;background_background&quot;:&quot;classic&quot;}\">\n\t\t\t\t\t<div class=\"e-con-inner\">\n\t\t\t\t<div class=\"elementor-element elementor-element-0690cec elementor-widget__width-initial elementor-widget elementor-widget-heading\" data-id=\"0690cec\" data-element_type=\"widget\" data-e-type=\"widget\" data-widget_type=\"heading.default\">\n\t\t\t\t<div class=\"elementor-widget-container\">\n\t\t\t\t\t<h5 class=\"elementor-heading-title elementor-size-default\">Siera Alliance<\/h5>\t\t\t\t<\/div>\n\t\t\t\t<\/div>\n\t\t\t\t<div class=\"elementor-element elementor-element-8bc1e9f elementor-widget__width-initial elementor-widget elementor-widget-heading\" data-id=\"8bc1e9f\" data-element_type=\"widget\" data-e-type=\"widget\" data-widget_type=\"heading.default\">\n\t\t\t\t<div class=\"elementor-widget-container\">\n\t\t\t\t\t<h1 class=\"elementor-heading-title elementor-size-default\">Nachhaltige Standortentwicklung<\/h1>\t\t\t\t<\/div>\n\t\t\t\t<\/div>\n\t\t\t\t\t<\/div>\n\t\t\t\t<\/div>\n\t\t<div class=\"elementor-element elementor-element-1ed9f65 e-flex e-con-boxed e-con e-parent\" data-id=\"1ed9f65\" data-element_type=\"container\" data-e-type=\"container\">\n\t\t\t\t\t<div class=\"e-con-inner\">\n\t\t<div class=\"elementor-element elementor-element-0b87d88 e-con-full e-flex e-con e-child\" data-id=\"0b87d88\" data-element_type=\"container\" data-e-type=\"container\">\n\t\t\t\t<div class=\"elementor-element elementor-element-db841f4 elementor-widget__width-initial elementor-widget elementor-widget-heading\" data-id=\"db841f4\" data-element_type=\"widget\" data-e-type=\"widget\" data-widget_type=\"heading.default\">\n\t\t\t\t<div class=\"elementor-widget-container\">\n\t\t\t\t\t<h5 class=\"elementor-heading-title elementor-size-default\">Umwelttechnische L\u00f6sungen<\/h5>\t\t\t\t<\/div>\n\t\t\t\t<\/div>\n\t\t\t\t<div class=\"elementor-element elementor-element-7c3b695 elementor-widget__width-initial elementor-widget elementor-widget-heading\" data-id=\"7c3b695\" data-element_type=\"widget\" data-e-type=\"widget\" data-widget_type=\"heading.default\">\n\t\t\t\t<div class=\"elementor-widget-container\">\n\t\t\t\t\t<h2 class=\"elementor-heading-title elementor-size-default\">Nachhaltige Standortentwicklung<\/h2>\t\t\t\t<\/div>\n\t\t\t\t<\/div>\n\t\t\t\t<div class=\"elementor-element elementor-element-b69dda2 elementor-widget__width-initial elementor-widget elementor-widget-text-editor\" data-id=\"b69dda2\" data-element_type=\"widget\" data-e-type=\"widget\" data-widget_type=\"text-editor.default\">\n\t\t\t\t<div class=\"elementor-widget-container\">\n\t\t\t\t\t\t\t\t\t<p>Nachhaltige Standortentwicklung erfordert einen multidisziplin\u00e4ren Ansatz, um wirtschaftliche, \u00f6kologische und soziale Nachhaltigkeit zu gew\u00e4hrleisten. Bei SIERA Alliance umfasst dies:<\/p><ul><li><strong>Interdisziplin\u00e4re Integration<\/strong> wo Stadtplaner, Architekten und Umweltingenieure zusammenarbeiten, um optimierte, verantwortungsvolle Standortpl\u00e4ne zu entwerfen<\/li><li><strong>Optimierung der Umweltleistung<\/strong> durch den Einsatz von gr\u00fcner Infrastruktur, Regenwassermanagement und energieeffizienter Planung<\/li><li><strong>Wirtschaftliche Tragf\u00e4higkeit und langfristiger Erfolg<\/strong> indem wir uns auf nachhaltige Praktiken konzentrieren, die Werte schaffen und die Betriebskosten im Laufe der Zeit senken<\/li><\/ul><p><br \/>Die nachhaltigen Standortentwicklungsstrategien von SIERA schaffen St\u00e4dte, die nicht nur lebenswert, sondern auch widerstandsf\u00e4hig und wirtschaftlich gesund sind.<\/p>\t\t\t\t\t\t\t\t<\/div>\n\t\t\t\t<\/div>\n\t\t\t\t<div class=\"elementor-element elementor-element-3f7a6a4 elementor-align-left elementor-widget__width-initial elementor-widget elementor-widget-button\" data-id=\"3f7a6a4\" data-element_type=\"widget\" data-e-type=\"widget\" data-widget_type=\"button.default\">\n\t\t\t\t<div class=\"elementor-widget-container\">\n\t\t\t\t\t\t\t\t\t<div class=\"elementor-button-wrapper\">\n\t\t\t\t\t<a class=\"elementor-button elementor-button-link elementor-size-sm\" href=\"https:\/\/siera-alliance.com\/de\/event-calendar\/\">\n\t\t\t\t\t\t<span class=\"elementor-button-content-wrapper\">\n\t\t\t\t\t\t\t\t\t<span class=\"elementor-button-text\">Registriere dich f\u00fcr unsere kostenlosen Webinare<\/span>\n\t\t\t\t\t<\/span>\n\t\t\t\t\t<\/a>\n\t\t\t\t<\/div>\n\t\t\t\t\t\t\t\t<\/div>\n\t\t\t\t<\/div>\n\t\t\t\t<\/div>\n\t\t<div class=\"elementor-element elementor-element-93819d6 e-con-full e-flex e-con e-child\" data-id=\"93819d6\" data-element_type=\"container\" data-e-type=\"container\">\n\t\t\t\t<div class=\"elementor-element elementor-element-31400e8 elementor-widget elementor-widget-image\" data-id=\"31400e8\" data-element_type=\"widget\" data-e-type=\"widget\" data-widget_type=\"image.default\">\n\t\t\t\t<div class=\"elementor-widget-container\">\n\t\t\t\t\t\t\t\t\t\t\t\t\t\t\t<img fetchpriority=\"high\" decoding=\"async\" width=\"800\" height=\"600\" src=\"https:\/\/siera-alliance.com\/wp-content\/uploads\/2025\/07\/siera-alliance-environmental-solutions-20.webp\" class=\"attachment-large size-large wp-image-8629\" alt=\"siera alliance environmental solutions ()\" srcset=\"https:\/\/siera-alliance.com\/wp-content\/uploads\/2025\/07\/siera-alliance-environmental-solutions-20.webp 1000w, https:\/\/siera-alliance.com\/wp-content\/uploads\/2025\/07\/siera-alliance-environmental-solutions-20-300x225.webp 300w, https:\/\/siera-alliance.com\/wp-content\/uploads\/2025\/07\/siera-alliance-environmental-solutions-20-768x576.webp 768w\" sizes=\"(max-width: 800px) 100vw, 800px\" \/>\t\t\t\t\t\t\t\t\t\t\t\t\t\t\t<\/div>\n\t\t\t\t<\/div>\n\t\t<div class=\"elementor-element elementor-element-c1bb66c e-con-full e-flex e-con e-child\" data-id=\"c1bb66c\" data-element_type=\"container\" data-e-type=\"container\">\n\t\t\t\t<div class=\"elementor-element elementor-element-cc43567 elementor-widget__width-initial elementor-widget elementor-widget-image\" data-id=\"cc43567\" data-element_type=\"widget\" data-e-type=\"widget\" data-widget_type=\"image.default\">\n\t\t\t\t<div class=\"elementor-widget-container\">\n\t\t\t\t\t\t\t\t\t\t\t\t\t\t\t<img decoding=\"async\" width=\"800\" height=\"534\" src=\"https:\/\/siera-alliance.com\/wp-content\/uploads\/2025\/07\/siera-alliance-environmental-solutions-13.webp\" class=\"attachment-large size-large wp-image-8622\" alt=\"siera alliance environmental solutions ()\" srcset=\"https:\/\/siera-alliance.com\/wp-content\/uploads\/2025\/07\/siera-alliance-environmental-solutions-13.webp 1000w, https:\/\/siera-alliance.com\/wp-content\/uploads\/2025\/07\/siera-alliance-environmental-solutions-13-300x200.webp 300w, https:\/\/siera-alliance.com\/wp-content\/uploads\/2025\/07\/siera-alliance-environmental-solutions-13-768x512.webp 768w\" sizes=\"(max-width: 800px) 100vw, 800px\" \/>\t\t\t\t\t\t\t\t\t\t\t\t\t\t\t<\/div>\n\t\t\t\t<\/div>\n\t\t\t\t<div class=\"elementor-element elementor-element-5c6522a elementor-widget__width-initial elementor-widget elementor-widget-image\" data-id=\"5c6522a\" data-element_type=\"widget\" data-e-type=\"widget\" data-widget_type=\"image.default\">\n\t\t\t\t<div class=\"elementor-widget-container\">\n\t\t\t\t\t\t\t\t\t\t\t\t\t\t\t<img decoding=\"async\" width=\"800\" height=\"534\" src=\"https:\/\/siera-alliance.com\/wp-content\/uploads\/2025\/07\/siera-alliance-environmental-solutions-12.webp\" class=\"attachment-large size-large wp-image-8621\" alt=\"siera alliance environmental solutions ()\" srcset=\"https:\/\/siera-alliance.com\/wp-content\/uploads\/2025\/07\/siera-alliance-environmental-solutions-12.webp 1000w, https:\/\/siera-alliance.com\/wp-content\/uploads\/2025\/07\/siera-alliance-environmental-solutions-12-300x200.webp 300w, https:\/\/siera-alliance.com\/wp-content\/uploads\/2025\/07\/siera-alliance-environmental-solutions-12-768x512.webp 768w\" sizes=\"(max-width: 800px) 100vw, 800px\" \/>\t\t\t\t\t\t\t\t\t\t\t\t\t\t\t<\/div>\n\t\t\t\t<\/div>\n\t\t\t\t<\/div>\n\t\t\t\t<\/div>\n\t\t\t\t\t<\/div>\n\t\t\t\t<\/div>\n\t\t<div class=\"elementor-element elementor-element-50c8fe7 e-flex e-con-boxed e-con e-parent\" data-id=\"50c8fe7\" data-element_type=\"container\" data-e-type=\"container\" data-settings=\"{&quot;background_background&quot;:&quot;classic&quot;}\">\n\t\t\t\t\t<div class=\"e-con-inner\">\n\t\t<div class=\"elementor-element elementor-element-41d113b e-con-full e-flex e-con e-child\" data-id=\"41d113b\" data-element_type=\"container\" data-e-type=\"container\">\n\t\t\t\t<div class=\"elementor-element elementor-element-11a21e0 elementor-widget__width-initial elementor-widget elementor-widget-heading\" data-id=\"11a21e0\" data-element_type=\"widget\" data-e-type=\"widget\" data-widget_type=\"heading.default\">\n\t\t\t\t<div class=\"elementor-widget-container\">\n\t\t\t\t\t<h5 class=\"elementor-heading-title elementor-size-default\">Umwelttechnische L\u00f6sungen<\/h5>\t\t\t\t<\/div>\n\t\t\t\t<\/div>\n\t\t\t\t<div class=\"elementor-element elementor-element-b811d5d elementor-widget__width-initial elementor-widget elementor-widget-heading\" data-id=\"b811d5d\" data-element_type=\"widget\" data-e-type=\"widget\" data-widget_type=\"heading.default\">\n\t\t\t\t<div class=\"elementor-widget-container\">\n\t\t\t\t\t<h2 class=\"elementor-heading-title elementor-size-default\">Technik f\u00fcr ein besseres Morgen <\/h2>\t\t\t\t<\/div>\n\t\t\t\t<\/div>\n\t\t\t\t<div class=\"elementor-element elementor-element-2ae1670 elementor-widget__width-initial elementor-widget elementor-widget-text-editor\" data-id=\"2ae1670\" data-element_type=\"widget\" data-e-type=\"widget\" data-widget_type=\"text-editor.default\">\n\t\t\t\t<div class=\"elementor-widget-container\">\n\t\t\t\t\t\t\t\t\t<p>Umwelttechnische L\u00f6sungen organisieren die Auswirkungen in diesen Schwerpunktbereichen, in denen der Wandel greifbar wird.<\/p>\t\t\t\t\t\t\t\t<\/div>\n\t\t\t\t<\/div>\n\t\t\t\t<\/div>\n\t\t<div class=\"elementor-element elementor-element-9fbd361 e-con-full e-flex e-con e-child\" data-id=\"9fbd361\" data-element_type=\"container\" data-e-type=\"container\">\n\t\t\t\t<div class=\"elementor-element elementor-element-6bf37db elementor-flip-box--effect-slide elementor-widget__width-initial elementor-flip-box--direction-up elementor-widget elementor-widget-flip-box\" data-id=\"6bf37db\" data-element_type=\"widget\" data-e-type=\"widget\" data-widget_type=\"flip-box.default\">\n\t\t\t\t<div class=\"elementor-widget-container\">\n\t\t\t\t\t\t\t<div class=\"elementor-flip-box\" tabindex=\"0\">\n\t\t\t<div class=\"elementor-flip-box__layer elementor-flip-box__front\">\n\t\t\t\t<div class=\"elementor-flip-box__layer__overlay\">\n\t\t\t\t\t<div class=\"elementor-flip-box__layer__inner\">\n\t\t\t\t\t\t\n\t\t\t\t\t\t\t\t\t\t\t\t\t<h3 class=\"elementor-flip-box__layer__title\">\n\t\t\t\t\t\t\t\tNachhaltige Immobilien \t\t\t\t\t\t\t<\/h3>\n\t\t\t\t\t\t\n\t\t\t\t\t\t\t\t\t\t\t<\/div>\n\t\t\t\t<\/div>\n\t\t\t<\/div>\n\t\t\t<a class=\"elementor-flip-box__layer elementor-flip-box__back\" href=\"https:\/\/siera-alliance.com\/de\/environment-engineering-solutions\/urban-sustainability\/sustainable-real-estate\/\">\n\t\t\t<div class=\"elementor-flip-box__layer__overlay\">\n\t\t\t\t<div class=\"elementor-flip-box__layer__inner\">\n\t\t\t\t\t\n\t\t\t\t\t\t\t\t\t\t\t<div class=\"elementor-flip-box__layer__description\">\n\t\t\t\t\t\t\tDer Immobiliensektor spielt eine zentrale Rolle bei der Gestaltung nachhaltiger St\u00e4dte, und die SIERA Alliance steht bei diesem Wandel an vorderster Front. \t\t\t\t\t\t<\/div>\n\t\t\t\t\t\n\t\t\t\t\t\t\t\t\t\t\t<span class=\"elementor-flip-box__button elementor-button elementor-size-sm\">\n\t\t\t\t\t\t\tMehr erfahren\t\t\t\t\t\t<\/span>\n\t\t\t\t\t\t\t\t<\/div>\n\t\t<\/div>\n\t\t<\/a>\n\t\t<\/div>\n\t\t\t\t\t\t<\/div>\n\t\t\t\t<\/div>\n\t\t\t\t<div class=\"elementor-element elementor-element-6dfdc33 elementor-flip-box--effect-slide elementor-widget__width-initial elementor-flip-box--direction-up elementor-widget elementor-widget-flip-box\" data-id=\"6dfdc33\" data-element_type=\"widget\" data-e-type=\"widget\" data-widget_type=\"flip-box.default\">\n\t\t\t\t<div class=\"elementor-widget-container\">\n\t\t\t\t\t\t\t<div class=\"elementor-flip-box\" tabindex=\"0\">\n\t\t\t<div class=\"elementor-flip-box__layer elementor-flip-box__front\">\n\t\t\t\t<div class=\"elementor-flip-box__layer__overlay\">\n\t\t\t\t\t<div class=\"elementor-flip-box__layer__inner\">\n\t\t\t\t\t\t\n\t\t\t\t\t\t\t\t\t\t\t\t\t<h3 class=\"elementor-flip-box__layer__title\">\n\t\t\t\t\t\t\t\tNachhaltige Standortbewertung \t\t\t\t\t\t\t<\/h3>\n\t\t\t\t\t\t\n\t\t\t\t\t\t\t\t\t\t\t<\/div>\n\t\t\t\t<\/div>\n\t\t\t<\/div>\n\t\t\t<a class=\"elementor-flip-box__layer elementor-flip-box__back\" href=\"https:\/\/siera-alliance.com\/de\/environment-engineering-solutions\/urban-sustainability\/sustainable-site-assessment\/\">\n\t\t\t<div class=\"elementor-flip-box__layer__overlay\">\n\t\t\t\t<div class=\"elementor-flip-box__layer__inner\">\n\t\t\t\t\t\n\t\t\t\t\t\t\t\t\t\t\t<div class=\"elementor-flip-box__layer__description\">\n\t\t\t\t\t\t\tDie SIERA Alliance ist f\u00fchrend bei der Bewertung von Standorten f\u00fcr nachhaltiges Stadtwachstum und stellt sicher, dass alle Entwicklungen einen positiven Beitrag f\u00fcr die Gemeinschaft und die Umwelt leisten. \t\t\t\t\t\t<\/div>\n\t\t\t\t\t\n\t\t\t\t\t\t\t\t\t\t\t<span class=\"elementor-flip-box__button elementor-button elementor-size-sm\">\n\t\t\t\t\t\t\tMehr erfahren\t\t\t\t\t\t<\/span>\n\t\t\t\t\t\t\t\t<\/div>\n\t\t<\/div>\n\t\t<\/a>\n\t\t<\/div>\n\t\t\t\t\t\t<\/div>\n\t\t\t\t<\/div>\n\t\t\t\t<div class=\"elementor-element elementor-element-ffc4e5f elementor-flip-box--effect-slide elementor-widget__width-initial elementor-flip-box--direction-up elementor-widget elementor-widget-flip-box\" data-id=\"ffc4e5f\" data-element_type=\"widget\" data-e-type=\"widget\" data-widget_type=\"flip-box.default\">\n\t\t\t\t<div class=\"elementor-widget-container\">\n\t\t\t\t\t\t\t<div class=\"elementor-flip-box\" tabindex=\"0\">\n\t\t\t<div class=\"elementor-flip-box__layer elementor-flip-box__front\">\n\t\t\t\t<div class=\"elementor-flip-box__layer__overlay\">\n\t\t\t\t\t<div class=\"elementor-flip-box__layer__inner\">\n\t\t\t\t\t\t\n\t\t\t\t\t\t\t\t\t\t\t\t\t<h3 class=\"elementor-flip-box__layer__title\">\n\t\t\t\t\t\t\t\tNachhaltige Standortentwicklung \t\t\t\t\t\t\t<\/h3>\n\t\t\t\t\t\t\n\t\t\t\t\t\t\t\t\t\t\t<\/div>\n\t\t\t\t<\/div>\n\t\t\t<\/div>\n\t\t\t<a class=\"elementor-flip-box__layer elementor-flip-box__back\" href=\"https:\/\/siera-alliance.com\/de\/environment-engineering-solutions\/urban-sustainability\/sustainable-site-development\/\">\n\t\t\t<div class=\"elementor-flip-box__layer__overlay\">\n\t\t\t\t<div class=\"elementor-flip-box__layer__inner\">\n\t\t\t\t\t\n\t\t\t\t\t\t\t\t\t\t\t<div class=\"elementor-flip-box__layer__description\">\n\t\t\t\t\t\t\tNachhaltige Standortentwicklung erfordert einen multidisziplin\u00e4ren Ansatz, um wirtschaftliche, \u00f6kologische und soziale Nachhaltigkeit zu gew\u00e4hrleisten. \t\t\t\t\t\t<\/div>\n\t\t\t\t\t\n\t\t\t\t\t\t\t\t\t\t\t<span class=\"elementor-flip-box__button elementor-button elementor-size-sm\">\n\t\t\t\t\t\t\tMehr erfahren\t\t\t\t\t\t<\/span>\n\t\t\t\t\t\t\t\t<\/div>\n\t\t<\/div>\n\t\t<\/a>\n\t\t<\/div>\n\t\t\t\t\t\t<\/div>\n\t\t\t\t<\/div>\n\t\t\t\t<div class=\"elementor-element elementor-element-2e0c217 elementor-flip-box--effect-slide elementor-widget__width-initial elementor-flip-box--direction-up elementor-widget elementor-widget-flip-box\" data-id=\"2e0c217\" data-element_type=\"widget\" data-e-type=\"widget\" data-widget_type=\"flip-box.default\">\n\t\t\t\t<div class=\"elementor-widget-container\">\n\t\t\t\t\t\t\t<div class=\"elementor-flip-box\" tabindex=\"0\">\n\t\t\t<div class=\"elementor-flip-box__layer elementor-flip-box__front\">\n\t\t\t\t<div class=\"elementor-flip-box__layer__overlay\">\n\t\t\t\t\t<div class=\"elementor-flip-box__layer__inner\">\n\t\t\t\t\t\t\n\t\t\t\t\t\t\t\t\t\t\t\t\t<h3 class=\"elementor-flip-box__layer__title\">\n\t\t\t\t\t\t\t\tLandschafts-Raumplanung \t\t\t\t\t\t\t<\/h3>\n\t\t\t\t\t\t\n\t\t\t\t\t\t\t\t\t\t\t<\/div>\n\t\t\t\t<\/div>\n\t\t\t<\/div>\n\t\t\t<a class=\"elementor-flip-box__layer elementor-flip-box__back\" href=\"https:\/\/siera-alliance.com\/de\/environment-engineering-solutions\/urban-sustainability\/landscape-and-open-space-planning\/\">\n\t\t\t<div class=\"elementor-flip-box__layer__overlay\">\n\t\t\t\t<div class=\"elementor-flip-box__layer__inner\">\n\t\t\t\t\t\n\t\t\t\t\t\t\t\t\t\t\t<div class=\"elementor-flip-box__layer__description\">\n\t\t\t\t\t\t\tDie Gestaltung von Freir\u00e4umen und Landschaften ist entscheidend f\u00fcr eine nachhaltige Stadtentwicklung. \t\t\t\t\t\t<\/div>\n\t\t\t\t\t\n\t\t\t\t\t\t\t\t\t\t\t<span class=\"elementor-flip-box__button elementor-button elementor-size-sm\">\n\t\t\t\t\t\t\tMehr erfahren\t\t\t\t\t\t<\/span>\n\t\t\t\t\t\t\t\t<\/div>\n\t\t<\/div>\n\t\t<\/a>\n\t\t<\/div>\n\t\t\t\t\t\t<\/div>\n\t\t\t\t<\/div>\n\t\t\t\t<div class=\"elementor-element elementor-element-0c10e7b elementor-flip-box--effect-slide elementor-widget__width-initial elementor-flip-box--direction-up elementor-widget elementor-widget-flip-box\" data-id=\"0c10e7b\" data-element_type=\"widget\" data-e-type=\"widget\" data-widget_type=\"flip-box.default\">\n\t\t\t\t<div class=\"elementor-widget-container\">\n\t\t\t\t\t\t\t<div class=\"elementor-flip-box\" tabindex=\"0\">\n\t\t\t<div class=\"elementor-flip-box__layer elementor-flip-box__front\">\n\t\t\t\t<div class=\"elementor-flip-box__layer__overlay\">\n\t\t\t\t\t<div class=\"elementor-flip-box__layer__inner\">\n\t\t\t\t\t\t\n\t\t\t\t\t\t\t\t\t\t\t\t\t<h3 class=\"elementor-flip-box__layer__title\">\n\t\t\t\t\t\t\t\tBrachfl\u00e4chenrevitalisierung\t\t\t\t\t\t\t<\/h3>\n\t\t\t\t\t\t\n\t\t\t\t\t\t\t\t\t\t\t<\/div>\n\t\t\t\t<\/div>\n\t\t\t<\/div>\n\t\t\t<a class=\"elementor-flip-box__layer elementor-flip-box__back\" href=\"https:\/\/siera-alliance.com\/de\/environment-engineering-solutions\/urban-sustainability\/brownfield-redevelopment\/\">\n\t\t\t<div class=\"elementor-flip-box__layer__overlay\">\n\t\t\t\t<div class=\"elementor-flip-box__layer__inner\">\n\t\t\t\t\t\n\t\t\t\t\t\t\t\t\t\t\t<div class=\"elementor-flip-box__layer__description\">\n\t\t\t\t\t\t\tDie SIERA Alliance hat sich darauf spezialisiert, Brachfl\u00e4chen - vormals genutzte oder kontaminierte Fl\u00e4chen - in nachhaltige, wertsch\u00f6pfende Stadtr\u00e4ume zu verwandeln. \t\t\t\t\t\t<\/div>\n\t\t\t\t\t\n\t\t\t\t\t\t\t\t\t\t\t<span class=\"elementor-flip-box__button elementor-button elementor-size-sm\">\n\t\t\t\t\t\t\tMehr erfahren\t\t\t\t\t\t<\/span>\n\t\t\t\t\t\t\t\t<\/div>\n\t\t<\/div>\n\t\t<\/a>\n\t\t<\/div>\n\t\t\t\t\t\t<\/div>\n\t\t\t\t<\/div>\n\t\t\t\t<\/div>\n\t\t\t\t\t<\/div>\n\t\t\t\t<\/div>\n\t\t\t\t<\/div>","protected":false},"excerpt":{"rendered":"<p>Siera Alliance Sustainable Site Development Environment Engineering Solutions Sustainable Site Development Sustainable site development requires a multidisciplinary approach to ensure economic, environmental, and social sustainability. At SIERA Alliance, this includes: Interdisciplinary Integration where urban planners, architects, and environmental engineers collaborate to design optimized, responsible site plans Environmental Performance Optimization through the use of green infrastructure, [&hellip;]<\/p>\n","protected":false},"author":3,"featured_media":0,"parent":8871,"menu_order":0,"comment_status":"closed","ping_status":"closed","template":"elementor_header_footer","meta":{"footnotes":""},"class_list":["post-8886","page","type-page","status-publish","hentry"],"aioseo_notices":[],"_links":{"self":[{"href":"https:\/\/siera-alliance.com\/de\/wp-json\/wp\/v2\/pages\/8886","targetHints":{"allow":["GET"]}}],"collection":[{"href":"https:\/\/siera-alliance.com\/de\/wp-json\/wp\/v2\/pages"}],"about":[{"href":"https:\/\/siera-alliance.com\/de\/wp-json\/wp\/v2\/types\/page"}],"author":[{"embeddable":true,"href":"https:\/\/siera-alliance.com\/de\/wp-json\/wp\/v2\/users\/3"}],"replies":[{"embeddable":true,"href":"https:\/\/siera-alliance.com\/de\/wp-json\/wp\/v2\/comments?post=8886"}],"version-history":[{"count":13,"href":"https:\/\/siera-alliance.com\/de\/wp-json\/wp\/v2\/pages\/8886\/revisions"}],"predecessor-version":[{"id":9166,"href":"https:\/\/siera-alliance.com\/de\/wp-json\/wp\/v2\/pages\/8886\/revisions\/9166"}],"up":[{"embeddable":true,"href":"https:\/\/siera-alliance.com\/de\/wp-json\/wp\/v2\/pages\/8871"}],"wp:attachment":[{"href":"https:\/\/siera-alliance.com\/de\/wp-json\/wp\/v2\/media?parent=8886"}],"curies":[{"name":"wp","href":"https:\/\/api.w.org\/{rel}","templated":true}]}}