{"id":8871,"date":"2025-07-22T06:55:58","date_gmt":"2025-07-22T06:55:58","guid":{"rendered":"https:\/\/siera-alliance.com\/?page_id=8871"},"modified":"2025-07-22T07:51:51","modified_gmt":"2025-07-22T07:51:51","slug":"urban-sustainability","status":"publish","type":"page","link":"https:\/\/siera-alliance.com\/de\/environment-engineering-solutions\/urban-sustainability\/","title":{"rendered":"Urbane Nachhaltigkeit"},"content":{"rendered":"<div data-elementor-type=\"wp-page\" data-elementor-id=\"8871\" class=\"elementor elementor-8871\" data-elementor-post-type=\"page\">\n\t\t\t\t<div class=\"elementor-element elementor-element-c3a5302 e-flex e-con-boxed e-con e-parent\" data-id=\"c3a5302\" data-element_type=\"container\" data-e-type=\"container\" data-settings=\"{&quot;background_background&quot;:&quot;classic&quot;}\">\n\t\t\t\t\t<div class=\"e-con-inner\">\n\t\t\t\t<div class=\"elementor-element elementor-element-95b38d5 elementor-widget__width-initial elementor-widget elementor-widget-heading\" data-id=\"95b38d5\" data-element_type=\"widget\" data-e-type=\"widget\" data-widget_type=\"heading.default\">\n\t\t\t\t<div class=\"elementor-widget-container\">\n\t\t\t\t\t<h5 class=\"elementor-heading-title elementor-size-default\">Siera Alliance<\/h5>\t\t\t\t<\/div>\n\t\t\t\t<\/div>\n\t\t\t\t<div class=\"elementor-element elementor-element-12acc08 elementor-widget__width-initial elementor-widget elementor-widget-heading\" data-id=\"12acc08\" data-element_type=\"widget\" data-e-type=\"widget\" data-widget_type=\"heading.default\">\n\t\t\t\t<div class=\"elementor-widget-container\">\n\t\t\t\t\t<h1 class=\"elementor-heading-title elementor-size-default\">Urbane Nachhaltigkeit<\/h1>\t\t\t\t<\/div>\n\t\t\t\t<\/div>\n\t\t\t\t\t<\/div>\n\t\t\t\t<\/div>\n\t\t<div class=\"elementor-element elementor-element-0b26275 e-flex e-con-boxed e-con e-parent\" data-id=\"0b26275\" data-element_type=\"container\" data-e-type=\"container\">\n\t\t\t\t\t<div class=\"e-con-inner\">\n\t\t<div class=\"elementor-element elementor-element-c12fb7d e-con-full e-flex e-con e-child\" data-id=\"c12fb7d\" data-element_type=\"container\" data-e-type=\"container\">\n\t\t\t\t<div class=\"elementor-element elementor-element-26e54b0 elementor-widget__width-initial elementor-widget elementor-widget-heading\" data-id=\"26e54b0\" data-element_type=\"widget\" data-e-type=\"widget\" data-widget_type=\"heading.default\">\n\t\t\t\t<div class=\"elementor-widget-container\">\n\t\t\t\t\t<h5 class=\"elementor-heading-title elementor-size-default\">Umwelttechnische L\u00f6sungen<\/h5>\t\t\t\t<\/div>\n\t\t\t\t<\/div>\n\t\t\t\t<div class=\"elementor-element elementor-element-8c6971c elementor-widget__width-initial elementor-widget elementor-widget-heading\" data-id=\"8c6971c\" data-element_type=\"widget\" data-e-type=\"widget\" data-widget_type=\"heading.default\">\n\t\t\t\t<div class=\"elementor-widget-container\">\n\t\t\t\t\t<h2 class=\"elementor-heading-title elementor-size-default\">Urbane Nachhaltigkeit<\/h2>\t\t\t\t<\/div>\n\t\t\t\t<\/div>\n\t\t\t\t<div class=\"elementor-element elementor-element-6fe86bb elementor-widget__width-initial elementor-widget elementor-widget-text-editor\" data-id=\"6fe86bb\" data-element_type=\"widget\" data-e-type=\"widget\" data-widget_type=\"text-editor.default\">\n\t\t\t\t<div class=\"elementor-widget-container\">\n\t\t\t\t\t\t\t\t\t<p>Urbane Umgebungen erfordern durchdachte technische L\u00f6sungen, die ein Gleichgewicht zwischen Entwicklung und Umweltverantwortung herstellen und die Schaffung nachhaltiger St\u00e4dte f\u00fcr zuk\u00fcnftige Generationen gew\u00e4hrleisten. Die SIERA Alliance ist f\u00fchrend in der Stadtplanung, -entwicklung und -sanierung, indem sie fortschrittliche umwelttechnische Verfahren mit modernen st\u00e4dtischen Bed\u00fcrfnissen verbindet. Indem wir die Zusammenarbeit f\u00f6rdern, Innovationen vorantreiben und die \u00f6kologische Nachhaltigkeit in den Vordergrund stellen, verwandeln wir urbane R\u00e4ume in bl\u00fchende, nachhaltige Gemeinschaften.<\/p><p>Diese Verpflichtung beinhaltet:<\/p><ul><li><strong>Nachhaltige Immobilien<\/strong> - Transformation des Immobiliensektors durch gr\u00fcne Praktiken und nachhaltige Entwicklungsstrategien<\/li><li><strong>Nachhaltige Standortbewertung<\/strong> - Bewertung und Verbesserung der kommunalen Infrastruktur f\u00fcr eine verbesserte urbane Resilienz und langfristige Nachhaltigkeit<\/li><li><strong>Nachhaltige Standortentwicklung<\/strong> - Optimierung des Standortpotenzials durch interdisziplin\u00e4re Strategien, die \u00f6kologische und wirtschaftliche Verantwortung sicherstellen<\/li><li><strong>Landschafts-Raumplanung<\/strong> - die Gestaltung multifunktionaler Landschaften, die \u00f6kologischen, erholsamen und klimaregulierenden Bed\u00fcrfnissen dienen<\/li><li><strong>Brachfl\u00e4chenrevitalisierung<\/strong> - Revitalisierung untergenutzter oder kontaminierter Fl\u00e4chen in nachhaltige, wertsch\u00f6pfende Stadtentwicklungen<\/li><\/ul><p><br \/>Mit diesen Strategien erm\u00f6glichen die Ingenieure der SIERA Alliance die Umwandlung von st\u00e4dtischen R\u00e4umen in Modelle f\u00fcr nachhaltiges Wachstum und widerstandsf\u00e4higes Leben.<\/p>\t\t\t\t\t\t\t\t<\/div>\n\t\t\t\t<\/div>\n\t\t\t\t<div class=\"elementor-element elementor-element-99fd144 elementor-widget elementor-widget-button\" data-id=\"99fd144\" data-element_type=\"widget\" data-e-type=\"widget\" data-widget_type=\"button.default\">\n\t\t\t\t<div class=\"elementor-widget-container\">\n\t\t\t\t\t\t\t\t\t<div class=\"elementor-button-wrapper\">\n\t\t\t\t\t<a class=\"elementor-button elementor-button-link elementor-size-sm\" href=\"https:\/\/siera-alliance.com\/de\/event-calendar\/\">\n\t\t\t\t\t\t<span class=\"elementor-button-content-wrapper\">\n\t\t\t\t\t\t\t\t\t<span class=\"elementor-button-text\">Registriere dich f\u00fcr unsere kostenlosen Webinare<\/span>\n\t\t\t\t\t<\/span>\n\t\t\t\t\t<\/a>\n\t\t\t\t<\/div>\n\t\t\t\t\t\t\t\t<\/div>\n\t\t\t\t<\/div>\n\t\t\t\t<\/div>\n\t\t<div class=\"elementor-element elementor-element-20d10d7 e-con-full e-flex e-con e-child\" data-id=\"20d10d7\" data-element_type=\"container\" data-e-type=\"container\">\n\t\t<div class=\"elementor-element elementor-element-c96175b e-con-full e-flex e-con e-child\" data-id=\"c96175b\" data-element_type=\"container\" data-e-type=\"container\">\n\t\t\t\t<div class=\"elementor-element elementor-element-c42c3e7 elementor-widget__width-initial elementor-widget elementor-widget-image\" data-id=\"c42c3e7\" data-element_type=\"widget\" data-e-type=\"widget\" data-widget_type=\"image.default\">\n\t\t\t\t<div class=\"elementor-widget-container\">\n\t\t\t\t\t\t\t\t\t\t\t\t\t\t\t<img fetchpriority=\"high\" decoding=\"async\" width=\"800\" height=\"534\" src=\"https:\/\/siera-alliance.com\/wp-content\/uploads\/2025\/07\/siera-alliance-environmental-solutions-23.webp\" class=\"attachment-large size-large wp-image-8632\" alt=\"siera alliance environmental solutions ()\" srcset=\"https:\/\/siera-alliance.com\/wp-content\/uploads\/2025\/07\/siera-alliance-environmental-solutions-23.webp 1000w, https:\/\/siera-alliance.com\/wp-content\/uploads\/2025\/07\/siera-alliance-environmental-solutions-23-300x200.webp 300w, https:\/\/siera-alliance.com\/wp-content\/uploads\/2025\/07\/siera-alliance-environmental-solutions-23-768x512.webp 768w\" sizes=\"(max-width: 800px) 100vw, 800px\" \/>\t\t\t\t\t\t\t\t\t\t\t\t\t\t\t<\/div>\n\t\t\t\t<\/div>\n\t\t\t\t<div class=\"elementor-element elementor-element-800e555 elementor-widget__width-initial elementor-widget elementor-widget-image\" data-id=\"800e555\" data-element_type=\"widget\" data-e-type=\"widget\" data-widget_type=\"image.default\">\n\t\t\t\t<div class=\"elementor-widget-container\">\n\t\t\t\t\t\t\t\t\t\t\t\t\t\t\t<img decoding=\"async\" width=\"800\" height=\"534\" src=\"https:\/\/siera-alliance.com\/wp-content\/uploads\/2025\/07\/siera-alliance-environmental-solutions-21.webp\" class=\"attachment-large size-large wp-image-8630\" alt=\"siera alliance environmental solutions ()\" srcset=\"https:\/\/siera-alliance.com\/wp-content\/uploads\/2025\/07\/siera-alliance-environmental-solutions-21.webp 1000w, https:\/\/siera-alliance.com\/wp-content\/uploads\/2025\/07\/siera-alliance-environmental-solutions-21-300x200.webp 300w, https:\/\/siera-alliance.com\/wp-content\/uploads\/2025\/07\/siera-alliance-environmental-solutions-21-768x512.webp 768w\" sizes=\"(max-width: 800px) 100vw, 800px\" \/>\t\t\t\t\t\t\t\t\t\t\t\t\t\t\t<\/div>\n\t\t\t\t<\/div>\n\t\t\t\t<\/div>\n\t\t\t\t<div class=\"elementor-element elementor-element-6b54b5a elementor-widget elementor-widget-image\" data-id=\"6b54b5a\" data-element_type=\"widget\" data-e-type=\"widget\" data-widget_type=\"image.default\">\n\t\t\t\t<div class=\"elementor-widget-container\">\n\t\t\t\t\t\t\t\t\t\t\t\t\t\t\t<img decoding=\"async\" width=\"800\" height=\"534\" src=\"https:\/\/siera-alliance.com\/wp-content\/uploads\/2025\/07\/siera-alliance-environmental-solutions-22.webp\" class=\"attachment-large size-large wp-image-8631\" alt=\"siera alliance environmental solutions ()\" srcset=\"https:\/\/siera-alliance.com\/wp-content\/uploads\/2025\/07\/siera-alliance-environmental-solutions-22.webp 1000w, https:\/\/siera-alliance.com\/wp-content\/uploads\/2025\/07\/siera-alliance-environmental-solutions-22-300x200.webp 300w, https:\/\/siera-alliance.com\/wp-content\/uploads\/2025\/07\/siera-alliance-environmental-solutions-22-768x512.webp 768w\" sizes=\"(max-width: 800px) 100vw, 800px\" \/>\t\t\t\t\t\t\t\t\t\t\t\t\t\t\t<\/div>\n\t\t\t\t<\/div>\n\t\t<div class=\"elementor-element elementor-element-a51121d e-con-full e-flex e-con e-child\" data-id=\"a51121d\" data-element_type=\"container\" data-e-type=\"container\">\n\t\t\t\t<div class=\"elementor-element elementor-element-7302d50 elementor-widget__width-initial elementor-widget elementor-widget-image\" data-id=\"7302d50\" data-element_type=\"widget\" data-e-type=\"widget\" data-widget_type=\"image.default\">\n\t\t\t\t<div class=\"elementor-widget-container\">\n\t\t\t\t\t\t\t\t\t\t\t\t\t\t\t<img loading=\"lazy\" decoding=\"async\" width=\"800\" height=\"600\" src=\"https:\/\/siera-alliance.com\/wp-content\/uploads\/2025\/07\/siera-alliance-environmental-solutions-20.webp\" class=\"attachment-large size-large wp-image-8629\" alt=\"siera alliance environmental solutions ()\" srcset=\"https:\/\/siera-alliance.com\/wp-content\/uploads\/2025\/07\/siera-alliance-environmental-solutions-20.webp 1000w, https:\/\/siera-alliance.com\/wp-content\/uploads\/2025\/07\/siera-alliance-environmental-solutions-20-300x225.webp 300w, https:\/\/siera-alliance.com\/wp-content\/uploads\/2025\/07\/siera-alliance-environmental-solutions-20-768x576.webp 768w\" sizes=\"(max-width: 800px) 100vw, 800px\" \/>\t\t\t\t\t\t\t\t\t\t\t\t\t\t\t<\/div>\n\t\t\t\t<\/div>\n\t\t\t\t<div class=\"elementor-element elementor-element-cc084a3 elementor-widget__width-initial elementor-widget elementor-widget-image\" data-id=\"cc084a3\" data-element_type=\"widget\" data-e-type=\"widget\" data-widget_type=\"image.default\">\n\t\t\t\t<div class=\"elementor-widget-container\">\n\t\t\t\t\t\t\t\t\t\t\t\t\t\t\t<img loading=\"lazy\" decoding=\"async\" width=\"800\" height=\"502\" src=\"https:\/\/siera-alliance.com\/wp-content\/uploads\/2025\/07\/siera-alliance-environmental-solutions-18.webp\" class=\"attachment-large size-large wp-image-8627\" alt=\"siera alliance environmental solutions ()\" srcset=\"https:\/\/siera-alliance.com\/wp-content\/uploads\/2025\/07\/siera-alliance-environmental-solutions-18.webp 1000w, https:\/\/siera-alliance.com\/wp-content\/uploads\/2025\/07\/siera-alliance-environmental-solutions-18-300x188.webp 300w, https:\/\/siera-alliance.com\/wp-content\/uploads\/2025\/07\/siera-alliance-environmental-solutions-18-768x482.webp 768w\" sizes=\"(max-width: 800px) 100vw, 800px\" \/>\t\t\t\t\t\t\t\t\t\t\t\t\t\t\t<\/div>\n\t\t\t\t<\/div>\n\t\t\t\t<\/div>\n\t\t\t\t<\/div>\n\t\t\t\t\t<\/div>\n\t\t\t\t<\/div>\n\t\t<div class=\"elementor-element elementor-element-bdd178f e-flex e-con-boxed e-con e-parent\" data-id=\"bdd178f\" data-element_type=\"container\" data-e-type=\"container\" data-settings=\"{&quot;background_background&quot;:&quot;classic&quot;}\">\n\t\t\t\t\t<div class=\"e-con-inner\">\n\t\t<div class=\"elementor-element elementor-element-8d7a83c e-con-full e-flex e-con e-child\" data-id=\"8d7a83c\" data-element_type=\"container\" data-e-type=\"container\">\n\t\t\t\t<div class=\"elementor-element elementor-element-16c51c4 elementor-widget__width-initial elementor-widget elementor-widget-heading\" data-id=\"16c51c4\" data-element_type=\"widget\" data-e-type=\"widget\" data-widget_type=\"heading.default\">\n\t\t\t\t<div class=\"elementor-widget-container\">\n\t\t\t\t\t<h5 class=\"elementor-heading-title elementor-size-default\">Umwelttechnische L\u00f6sungen<\/h5>\t\t\t\t<\/div>\n\t\t\t\t<\/div>\n\t\t\t\t<div class=\"elementor-element elementor-element-4fe667a elementor-widget__width-initial elementor-widget elementor-widget-heading\" data-id=\"4fe667a\" data-element_type=\"widget\" data-e-type=\"widget\" data-widget_type=\"heading.default\">\n\t\t\t\t<div class=\"elementor-widget-container\">\n\t\t\t\t\t<h2 class=\"elementor-heading-title elementor-size-default\">Technik f\u00fcr ein besseres Morgen <\/h2>\t\t\t\t<\/div>\n\t\t\t\t<\/div>\n\t\t\t\t<div class=\"elementor-element elementor-element-2d1908e elementor-widget__width-initial elementor-widget elementor-widget-text-editor\" data-id=\"2d1908e\" data-element_type=\"widget\" data-e-type=\"widget\" data-widget_type=\"text-editor.default\">\n\t\t\t\t<div class=\"elementor-widget-container\">\n\t\t\t\t\t\t\t\t\t<p>Umwelttechnische L\u00f6sungen organisieren die Auswirkungen in diesen Schwerpunktbereichen, in denen der Wandel greifbar wird.<\/p>\t\t\t\t\t\t\t\t<\/div>\n\t\t\t\t<\/div>\n\t\t\t\t<\/div>\n\t\t<div class=\"elementor-element elementor-element-4840d85 e-con-full e-flex e-con e-child\" data-id=\"4840d85\" data-element_type=\"container\" data-e-type=\"container\">\n\t\t\t\t<div class=\"elementor-element elementor-element-6b27201 elementor-flip-box--effect-slide elementor-widget__width-initial elementor-flip-box--direction-up elementor-widget elementor-widget-flip-box\" data-id=\"6b27201\" data-element_type=\"widget\" data-e-type=\"widget\" data-widget_type=\"flip-box.default\">\n\t\t\t\t<div class=\"elementor-widget-container\">\n\t\t\t\t\t\t\t<div class=\"elementor-flip-box\" tabindex=\"0\">\n\t\t\t<div class=\"elementor-flip-box__layer elementor-flip-box__front\">\n\t\t\t\t<div class=\"elementor-flip-box__layer__overlay\">\n\t\t\t\t\t<div class=\"elementor-flip-box__layer__inner\">\n\t\t\t\t\t\t\n\t\t\t\t\t\t\t\t\t\t\t\t\t<h3 class=\"elementor-flip-box__layer__title\">\n\t\t\t\t\t\t\t\tNachhaltige Immobilien \t\t\t\t\t\t\t<\/h3>\n\t\t\t\t\t\t\n\t\t\t\t\t\t\t\t\t\t\t<\/div>\n\t\t\t\t<\/div>\n\t\t\t<\/div>\n\t\t\t<a class=\"elementor-flip-box__layer elementor-flip-box__back\" href=\"https:\/\/siera-alliance.com\/de\/environment-engineering-solutions\/urban-sustainability\/sustainable-real-estate\/\">\n\t\t\t<div class=\"elementor-flip-box__layer__overlay\">\n\t\t\t\t<div class=\"elementor-flip-box__layer__inner\">\n\t\t\t\t\t\n\t\t\t\t\t\t\t\t\t\t\t<div class=\"elementor-flip-box__layer__description\">\n\t\t\t\t\t\t\tDer Immobiliensektor spielt eine zentrale Rolle bei der Gestaltung nachhaltiger St\u00e4dte, und die SIERA Alliance steht bei diesem Wandel an vorderster Front. \t\t\t\t\t\t<\/div>\n\t\t\t\t\t\n\t\t\t\t\t\t\t\t\t\t\t<span class=\"elementor-flip-box__button elementor-button elementor-size-sm\">\n\t\t\t\t\t\t\tMehr erfahren\t\t\t\t\t\t<\/span>\n\t\t\t\t\t\t\t\t<\/div>\n\t\t<\/div>\n\t\t<\/a>\n\t\t<\/div>\n\t\t\t\t\t\t<\/div>\n\t\t\t\t<\/div>\n\t\t\t\t<div class=\"elementor-element elementor-element-fa22b1b elementor-flip-box--effect-slide elementor-widget__width-initial elementor-flip-box--direction-up elementor-widget elementor-widget-flip-box\" data-id=\"fa22b1b\" data-element_type=\"widget\" data-e-type=\"widget\" data-widget_type=\"flip-box.default\">\n\t\t\t\t<div class=\"elementor-widget-container\">\n\t\t\t\t\t\t\t<div class=\"elementor-flip-box\" tabindex=\"0\">\n\t\t\t<div class=\"elementor-flip-box__layer elementor-flip-box__front\">\n\t\t\t\t<div class=\"elementor-flip-box__layer__overlay\">\n\t\t\t\t\t<div class=\"elementor-flip-box__layer__inner\">\n\t\t\t\t\t\t\n\t\t\t\t\t\t\t\t\t\t\t\t\t<h3 class=\"elementor-flip-box__layer__title\">\n\t\t\t\t\t\t\t\tNachhaltige Standortbewertung \t\t\t\t\t\t\t<\/h3>\n\t\t\t\t\t\t\n\t\t\t\t\t\t\t\t\t\t\t<\/div>\n\t\t\t\t<\/div>\n\t\t\t<\/div>\n\t\t\t<a class=\"elementor-flip-box__layer elementor-flip-box__back\" href=\"https:\/\/siera-alliance.com\/de\/environment-engineering-solutions\/urban-sustainability\/sustainable-site-assessment\/\">\n\t\t\t<div class=\"elementor-flip-box__layer__overlay\">\n\t\t\t\t<div class=\"elementor-flip-box__layer__inner\">\n\t\t\t\t\t\n\t\t\t\t\t\t\t\t\t\t\t<div class=\"elementor-flip-box__layer__description\">\n\t\t\t\t\t\t\tDie SIERA Alliance ist f\u00fchrend bei der Bewertung von Standorten f\u00fcr nachhaltiges Stadtwachstum und stellt sicher, dass alle Entwicklungen einen positiven Beitrag f\u00fcr die Gemeinschaft und die Umwelt leisten. \t\t\t\t\t\t<\/div>\n\t\t\t\t\t\n\t\t\t\t\t\t\t\t\t\t\t<span class=\"elementor-flip-box__button elementor-button elementor-size-sm\">\n\t\t\t\t\t\t\tMehr erfahren\t\t\t\t\t\t<\/span>\n\t\t\t\t\t\t\t\t<\/div>\n\t\t<\/div>\n\t\t<\/a>\n\t\t<\/div>\n\t\t\t\t\t\t<\/div>\n\t\t\t\t<\/div>\n\t\t\t\t<div class=\"elementor-element elementor-element-67d7d1e elementor-flip-box--effect-slide elementor-widget__width-initial elementor-flip-box--direction-up elementor-widget elementor-widget-flip-box\" data-id=\"67d7d1e\" data-element_type=\"widget\" data-e-type=\"widget\" data-widget_type=\"flip-box.default\">\n\t\t\t\t<div class=\"elementor-widget-container\">\n\t\t\t\t\t\t\t<div class=\"elementor-flip-box\" tabindex=\"0\">\n\t\t\t<div class=\"elementor-flip-box__layer elementor-flip-box__front\">\n\t\t\t\t<div class=\"elementor-flip-box__layer__overlay\">\n\t\t\t\t\t<div class=\"elementor-flip-box__layer__inner\">\n\t\t\t\t\t\t\n\t\t\t\t\t\t\t\t\t\t\t\t\t<h3 class=\"elementor-flip-box__layer__title\">\n\t\t\t\t\t\t\t\tNachhaltige Standortentwicklung \t\t\t\t\t\t\t<\/h3>\n\t\t\t\t\t\t\n\t\t\t\t\t\t\t\t\t\t\t<\/div>\n\t\t\t\t<\/div>\n\t\t\t<\/div>\n\t\t\t<a class=\"elementor-flip-box__layer elementor-flip-box__back\" href=\"https:\/\/siera-alliance.com\/de\/environment-engineering-solutions\/urban-sustainability\/sustainable-site-development\/\">\n\t\t\t<div class=\"elementor-flip-box__layer__overlay\">\n\t\t\t\t<div class=\"elementor-flip-box__layer__inner\">\n\t\t\t\t\t\n\t\t\t\t\t\t\t\t\t\t\t<div class=\"elementor-flip-box__layer__description\">\n\t\t\t\t\t\t\tNachhaltige Standortentwicklung erfordert einen multidisziplin\u00e4ren Ansatz, um wirtschaftliche, \u00f6kologische und soziale Nachhaltigkeit zu gew\u00e4hrleisten. \t\t\t\t\t\t<\/div>\n\t\t\t\t\t\n\t\t\t\t\t\t\t\t\t\t\t<span class=\"elementor-flip-box__button elementor-button elementor-size-sm\">\n\t\t\t\t\t\t\tMehr erfahren\t\t\t\t\t\t<\/span>\n\t\t\t\t\t\t\t\t<\/div>\n\t\t<\/div>\n\t\t<\/a>\n\t\t<\/div>\n\t\t\t\t\t\t<\/div>\n\t\t\t\t<\/div>\n\t\t\t\t<div class=\"elementor-element elementor-element-02492b3 elementor-flip-box--effect-slide elementor-widget__width-initial elementor-flip-box--direction-up elementor-widget elementor-widget-flip-box\" data-id=\"02492b3\" data-element_type=\"widget\" data-e-type=\"widget\" data-widget_type=\"flip-box.default\">\n\t\t\t\t<div class=\"elementor-widget-container\">\n\t\t\t\t\t\t\t<div class=\"elementor-flip-box\" tabindex=\"0\">\n\t\t\t<div class=\"elementor-flip-box__layer elementor-flip-box__front\">\n\t\t\t\t<div class=\"elementor-flip-box__layer__overlay\">\n\t\t\t\t\t<div class=\"elementor-flip-box__layer__inner\">\n\t\t\t\t\t\t\n\t\t\t\t\t\t\t\t\t\t\t\t\t<h3 class=\"elementor-flip-box__layer__title\">\n\t\t\t\t\t\t\t\tLandschafts-Raumplanung \t\t\t\t\t\t\t<\/h3>\n\t\t\t\t\t\t\n\t\t\t\t\t\t\t\t\t\t\t<\/div>\n\t\t\t\t<\/div>\n\t\t\t<\/div>\n\t\t\t<a class=\"elementor-flip-box__layer elementor-flip-box__back\" href=\"https:\/\/siera-alliance.com\/de\/environment-engineering-solutions\/urban-sustainability\/landscape-and-open-space-planning\/\">\n\t\t\t<div class=\"elementor-flip-box__layer__overlay\">\n\t\t\t\t<div class=\"elementor-flip-box__layer__inner\">\n\t\t\t\t\t\n\t\t\t\t\t\t\t\t\t\t\t<div class=\"elementor-flip-box__layer__description\">\n\t\t\t\t\t\t\tDie Gestaltung von Freir\u00e4umen und Landschaften ist entscheidend f\u00fcr eine nachhaltige Stadtentwicklung. \t\t\t\t\t\t<\/div>\n\t\t\t\t\t\n\t\t\t\t\t\t\t\t\t\t\t<span class=\"elementor-flip-box__button elementor-button elementor-size-sm\">\n\t\t\t\t\t\t\tMehr erfahren\t\t\t\t\t\t<\/span>\n\t\t\t\t\t\t\t\t<\/div>\n\t\t<\/div>\n\t\t<\/a>\n\t\t<\/div>\n\t\t\t\t\t\t<\/div>\n\t\t\t\t<\/div>\n\t\t\t\t<div class=\"elementor-element elementor-element-7b93c71 elementor-flip-box--effect-slide elementor-widget__width-initial elementor-flip-box--direction-up elementor-widget elementor-widget-flip-box\" data-id=\"7b93c71\" data-element_type=\"widget\" data-e-type=\"widget\" data-widget_type=\"flip-box.default\">\n\t\t\t\t<div class=\"elementor-widget-container\">\n\t\t\t\t\t\t\t<div class=\"elementor-flip-box\" tabindex=\"0\">\n\t\t\t<div class=\"elementor-flip-box__layer elementor-flip-box__front\">\n\t\t\t\t<div class=\"elementor-flip-box__layer__overlay\">\n\t\t\t\t\t<div class=\"elementor-flip-box__layer__inner\">\n\t\t\t\t\t\t\n\t\t\t\t\t\t\t\t\t\t\t\t\t<h3 class=\"elementor-flip-box__layer__title\">\n\t\t\t\t\t\t\t\tBrachfl\u00e4chenrevitalisierung\t\t\t\t\t\t\t<\/h3>\n\t\t\t\t\t\t\n\t\t\t\t\t\t\t\t\t\t\t<\/div>\n\t\t\t\t<\/div>\n\t\t\t<\/div>\n\t\t\t<a class=\"elementor-flip-box__layer elementor-flip-box__back\" href=\"https:\/\/siera-alliance.com\/de\/environment-engineering-solutions\/urban-sustainability\/brownfield-redevelopment\/\">\n\t\t\t<div class=\"elementor-flip-box__layer__overlay\">\n\t\t\t\t<div class=\"elementor-flip-box__layer__inner\">\n\t\t\t\t\t\n\t\t\t\t\t\t\t\t\t\t\t<div class=\"elementor-flip-box__layer__description\">\n\t\t\t\t\t\t\tDie SIERA Alliance hat sich darauf spezialisiert, Brachfl\u00e4chen - vormals genutzte oder kontaminierte Fl\u00e4chen - in nachhaltige, wertsch\u00f6pfende Stadtr\u00e4ume zu verwandeln. \t\t\t\t\t\t<\/div>\n\t\t\t\t\t\n\t\t\t\t\t\t\t\t\t\t\t<span class=\"elementor-flip-box__button elementor-button elementor-size-sm\">\n\t\t\t\t\t\t\tMehr erfahren\t\t\t\t\t\t<\/span>\n\t\t\t\t\t\t\t\t<\/div>\n\t\t<\/div>\n\t\t<\/a>\n\t\t<\/div>\n\t\t\t\t\t\t<\/div>\n\t\t\t\t<\/div>\n\t\t\t\t<\/div>\n\t\t\t\t\t<\/div>\n\t\t\t\t<\/div>\n\t\t\t\t<\/div>","protected":false},"excerpt":{"rendered":"<p>Siera Alliance Environment Engineering Solutions Urban Sustainability Urban environments require thoughtful engineering solutions that balance development with environmental responsibility, ensuring the creation of sustainable cities for future generations. SIERA Alliance leads the charge in urban planning, development, and regeneration by integrating advanced environmental engineering practices with modern urban needs. By fostering collaboration, driving innovation, and [&hellip;]<\/p>\n","protected":false},"author":3,"featured_media":0,"parent":8408,"menu_order":0,"comment_status":"closed","ping_status":"closed","template":"elementor_header_footer","meta":{"footnotes":""},"class_list":["post-8871","page","type-page","status-publish","hentry"],"aioseo_notices":[],"_links":{"self":[{"href":"https:\/\/siera-alliance.com\/de\/wp-json\/wp\/v2\/pages\/8871","targetHints":{"allow":["GET"]}}],"collection":[{"href":"https:\/\/siera-alliance.com\/de\/wp-json\/wp\/v2\/pages"}],"about":[{"href":"https:\/\/siera-alliance.com\/de\/wp-json\/wp\/v2\/types\/page"}],"author":[{"embeddable":true,"href":"https:\/\/siera-alliance.com\/de\/wp-json\/wp\/v2\/users\/3"}],"replies":[{"embeddable":true,"href":"https:\/\/siera-alliance.com\/de\/wp-json\/wp\/v2\/comments?post=8871"}],"version-history":[{"count":10,"href":"https:\/\/siera-alliance.com\/de\/wp-json\/wp\/v2\/pages\/8871\/revisions"}],"predecessor-version":[{"id":8919,"href":"https:\/\/siera-alliance.com\/de\/wp-json\/wp\/v2\/pages\/8871\/revisions\/8919"}],"up":[{"embeddable":true,"href":"https:\/\/siera-alliance.com\/de\/wp-json\/wp\/v2\/pages\/8408"}],"wp:attachment":[{"href":"https:\/\/siera-alliance.com\/de\/wp-json\/wp\/v2\/media?parent=8871"}],"curies":[{"name":"wp","href":"https:\/\/api.w.org\/{rel}","templated":true}]}}