{"id":8852,"date":"2025-07-21T12:37:53","date_gmt":"2025-07-21T12:37:53","guid":{"rendered":"https:\/\/siera-alliance.com\/?page_id=8852"},"modified":"2025-07-21T12:55:52","modified_gmt":"2025-07-21T12:55:52","slug":"white-papers","status":"publish","type":"page","link":"https:\/\/siera-alliance.com\/de\/white-papers\/","title":{"rendered":"Wei\u00dfb\u00fccher"},"content":{"rendered":"<div data-elementor-type=\"wp-page\" data-elementor-id=\"8852\" class=\"elementor elementor-8852\" data-elementor-post-type=\"page\">\n\t\t\t\t<div class=\"elementor-element elementor-element-aec3b21 e-flex e-con-boxed e-con e-parent\" data-id=\"aec3b21\" data-element_type=\"container\" data-e-type=\"container\" data-settings=\"{&quot;background_background&quot;:&quot;classic&quot;}\">\n\t\t\t\t\t<div class=\"e-con-inner\">\n\t\t\t\t\t<\/div>\n\t\t\t\t<\/div>\n\t\t<div class=\"elementor-element elementor-element-147dd4b e-flex e-con-boxed e-con e-parent\" data-id=\"147dd4b\" data-element_type=\"container\" data-e-type=\"container\">\n\t\t\t\t\t<div class=\"e-con-inner\">\n\t\t<div class=\"elementor-element elementor-element-b2f4bc4 e-con-full e-flex e-con e-child\" data-id=\"b2f4bc4\" data-element_type=\"container\" data-e-type=\"container\">\n\t\t<div class=\"elementor-element elementor-element-29b5e31 e-con-full e-flex e-con e-child\" data-id=\"29b5e31\" data-element_type=\"container\" data-e-type=\"container\">\n\t\t\t\t<div class=\"elementor-element elementor-element-94795e1 elementor-widget__width-initial elementor-widget elementor-widget-heading\" data-id=\"94795e1\" data-element_type=\"widget\" data-e-type=\"widget\" data-widget_type=\"heading.default\">\n\t\t\t\t<div class=\"elementor-widget-container\">\n\t\t\t\t\t<h2 class=\"elementor-heading-title elementor-size-default\">Ressourcenschonung durch Forschung vorantreiben<\/h2>\t\t\t\t<\/div>\n\t\t\t\t<\/div>\n\t\t\t\t<div class=\"elementor-element elementor-element-e1f76cb elementor-widget__width-initial elementor-widget elementor-widget-text-editor\" data-id=\"e1f76cb\" data-element_type=\"widget\" data-e-type=\"widget\" data-widget_type=\"text-editor.default\">\n\t\t\t\t<div class=\"elementor-widget-container\">\n\t\t\t\t\t\t\t\t\t<p>Die von der SIERA Alliance ver\u00f6ffentlichten Wei\u00dfb\u00fccher sind sorgf\u00e4ltig ausgearbeitet, um die dr\u00e4ngenden Herausforderungen der Nachhaltigkeitskrise durch die Brille der Umwelttechnik zu betrachten.\u00a0<\/p>\t\t\t\t\t\t\t\t<\/div>\n\t\t\t\t<\/div>\n\t\t\t\t<\/div>\n\t\t\t\t<\/div>\n\t\t\t\t\t<\/div>\n\t\t\t\t<\/div>\n\t\t<div class=\"elementor-element elementor-element-c86e8eb e-flex e-con-boxed e-con e-parent\" data-id=\"c86e8eb\" data-element_type=\"container\" data-e-type=\"container\">\n\t\t\t\t\t<div class=\"e-con-inner\">\n\t\t\t\t<div class=\"elementor-element elementor-element-8793b07 elementor-widget__width-initial elementor-widget elementor-widget-text-editor\" data-id=\"8793b07\" data-element_type=\"widget\" data-e-type=\"widget\" data-widget_type=\"text-editor.default\">\n\t\t\t\t<div class=\"elementor-widget-container\">\n\t\t\t\t\t\t\t\t\t<p>Diese umfassenden Dokumente bieten wertvolle Einblicke in die innovativen Strategien, Technologien und Praktiken, die die Zukunft der nachhaltigen Entwicklung pr\u00e4gen. Durch die Besch\u00e4ftigung mit diesen White Papers erhalten die Leser\/innen ein tieferes Verst\u00e4ndnis daf\u00fcr, wie effektive Umwelttechnik die Umweltauswirkungen von Industrien abmildern, den Ressourcenschutz f\u00f6rdern und die langfristige \u00f6kologische Widerstandsf\u00e4higkeit verbessern kann. Die SIERA Alliance setzt sich f\u00fcr die F\u00f6rderung nachhaltiger L\u00f6sungen ein, weil sie der \u00dcberzeugung ist, dass Wissen Macht bedeutet. Durch den Austausch von Forschungsergebnissen und Expertenanalysen wollen wir zu fundierten Entscheidungen anregen, die Zusammenarbeit f\u00f6rdern und zu einer kollektiven Antwort auf die Klima- und Umweltherausforderungen unserer Zeit beitragen. Wir ermutigen alle Interessengruppen, von Branchenf\u00fchrern bis hin zu politischen Entscheidungstr\u00e4gern und Umweltsch\u00fctzern, diese Papiere als Inspirationsquelle, Leitfaden und praktische L\u00f6sungen f\u00fcr eine nachhaltigere und widerstandsf\u00e4higere Zukunft zu lesen.<\/p>\t\t\t\t\t\t\t\t<\/div>\n\t\t\t\t<\/div>\n\t\t\t\t<div class=\"elementor-element elementor-element-a72de3d elementor-align-left elementor-widget__width-initial elementor-widget elementor-widget-button\" data-id=\"a72de3d\" data-element_type=\"widget\" data-e-type=\"widget\" data-widget_type=\"button.default\">\n\t\t\t\t<div class=\"elementor-widget-container\">\n\t\t\t\t\t\t\t\t\t<div class=\"elementor-button-wrapper\">\n\t\t\t\t\t<a class=\"elementor-button elementor-button-link elementor-size-sm\" href=\"https:\/\/energy.eutech.org\/\" target=\"_blank\">\n\t\t\t\t\t\t<span class=\"elementor-button-content-wrapper\">\n\t\t\t\t\t\t\t\t\t<span class=\"elementor-button-text\">Website besuchen<\/span>\n\t\t\t\t\t<\/span>\n\t\t\t\t\t<\/a>\n\t\t\t\t<\/div>\n\t\t\t\t\t\t\t\t<\/div>\n\t\t\t\t<\/div>\n\t\t\t\t\t<\/div>\n\t\t\t\t<\/div>\n\t\t\t\t<\/div>","protected":false},"excerpt":{"rendered":"<p>Driving Resource Conservation Through Research The white papers published by the SIERA Alliance are meticulously crafted to address the pressing challenges of the sustainability crisis through the lens of environmental engineering solutions.\u00a0 These comprehensive documents provide valuable insights into the innovative strategies, technologies, and practices that are shaping the future of sustainable development. By engaging [&hellip;]<\/p>\n","protected":false},"author":3,"featured_media":0,"parent":0,"menu_order":0,"comment_status":"closed","ping_status":"closed","template":"elementor_header_footer","meta":{"footnotes":""},"class_list":["post-8852","page","type-page","status-publish","hentry"],"aioseo_notices":[],"_links":{"self":[{"href":"https:\/\/siera-alliance.com\/de\/wp-json\/wp\/v2\/pages\/8852","targetHints":{"allow":["GET"]}}],"collection":[{"href":"https:\/\/siera-alliance.com\/de\/wp-json\/wp\/v2\/pages"}],"about":[{"href":"https:\/\/siera-alliance.com\/de\/wp-json\/wp\/v2\/types\/page"}],"author":[{"embeddable":true,"href":"https:\/\/siera-alliance.com\/de\/wp-json\/wp\/v2\/users\/3"}],"replies":[{"embeddable":true,"href":"https:\/\/siera-alliance.com\/de\/wp-json\/wp\/v2\/comments?post=8852"}],"version-history":[{"count":14,"href":"https:\/\/siera-alliance.com\/de\/wp-json\/wp\/v2\/pages\/8852\/revisions"}],"predecessor-version":[{"id":8867,"href":"https:\/\/siera-alliance.com\/de\/wp-json\/wp\/v2\/pages\/8852\/revisions\/8867"}],"wp:attachment":[{"href":"https:\/\/siera-alliance.com\/de\/wp-json\/wp\/v2\/media?parent=8852"}],"curies":[{"name":"wp","href":"https:\/\/api.w.org\/{rel}","templated":true}]}}