{"id":8813,"date":"2025-07-21T11:59:33","date_gmt":"2025-07-21T11:59:33","guid":{"rendered":"https:\/\/siera-alliance.com\/?page_id=8813"},"modified":"2025-07-21T12:09:50","modified_gmt":"2025-07-21T12:09:50","slug":"waste-management","status":"publish","type":"page","link":"https:\/\/siera-alliance.com\/de\/environment-engineering-solutions\/circular-economy\/waste-management\/","title":{"rendered":"Abfallwirtschaft"},"content":{"rendered":"<div data-elementor-type=\"wp-page\" data-elementor-id=\"8813\" class=\"elementor elementor-8813\" data-elementor-post-type=\"page\">\n\t\t\t\t<div class=\"elementor-element elementor-element-753f6d7 e-flex e-con-boxed e-con e-parent\" data-id=\"753f6d7\" data-element_type=\"container\" data-e-type=\"container\" data-settings=\"{&quot;background_background&quot;:&quot;classic&quot;}\">\n\t\t\t\t\t<div class=\"e-con-inner\">\n\t\t\t\t<div class=\"elementor-element elementor-element-0690cec elementor-widget__width-initial elementor-widget elementor-widget-heading\" data-id=\"0690cec\" data-element_type=\"widget\" data-e-type=\"widget\" data-widget_type=\"heading.default\">\n\t\t\t\t<div class=\"elementor-widget-container\">\n\t\t\t\t\t<h5 class=\"elementor-heading-title elementor-size-default\">Siera Alliance<\/h5>\t\t\t\t<\/div>\n\t\t\t\t<\/div>\n\t\t\t\t<div class=\"elementor-element elementor-element-8bc1e9f elementor-widget__width-initial elementor-widget elementor-widget-heading\" data-id=\"8bc1e9f\" data-element_type=\"widget\" data-e-type=\"widget\" data-widget_type=\"heading.default\">\n\t\t\t\t<div class=\"elementor-widget-container\">\n\t\t\t\t\t<h1 class=\"elementor-heading-title elementor-size-default\">Abfallwirtschaft<\/h1>\t\t\t\t<\/div>\n\t\t\t\t<\/div>\n\t\t\t\t\t<\/div>\n\t\t\t\t<\/div>\n\t\t<div class=\"elementor-element elementor-element-1ed9f65 e-flex e-con-boxed e-con e-parent\" data-id=\"1ed9f65\" data-element_type=\"container\" data-e-type=\"container\">\n\t\t\t\t\t<div class=\"e-con-inner\">\n\t\t<div class=\"elementor-element elementor-element-0b87d88 e-con-full e-flex e-con e-child\" data-id=\"0b87d88\" data-element_type=\"container\" data-e-type=\"container\">\n\t\t\t\t<div class=\"elementor-element elementor-element-db841f4 elementor-widget__width-initial elementor-widget elementor-widget-heading\" data-id=\"db841f4\" data-element_type=\"widget\" data-e-type=\"widget\" data-widget_type=\"heading.default\">\n\t\t\t\t<div class=\"elementor-widget-container\">\n\t\t\t\t\t<h5 class=\"elementor-heading-title elementor-size-default\">Umwelttechnische L\u00f6sungen<\/h5>\t\t\t\t<\/div>\n\t\t\t\t<\/div>\n\t\t\t\t<div class=\"elementor-element elementor-element-7c3b695 elementor-widget__width-initial elementor-widget elementor-widget-heading\" data-id=\"7c3b695\" data-element_type=\"widget\" data-e-type=\"widget\" data-widget_type=\"heading.default\">\n\t\t\t\t<div class=\"elementor-widget-container\">\n\t\t\t\t\t<h2 class=\"elementor-heading-title elementor-size-default\">Abfallwirtschaft<\/h2>\t\t\t\t<\/div>\n\t\t\t\t<\/div>\n\t\t\t\t<div class=\"elementor-element elementor-element-b69dda2 elementor-widget__width-initial elementor-widget elementor-widget-text-editor\" data-id=\"b69dda2\" data-element_type=\"widget\" data-e-type=\"widget\" data-widget_type=\"text-editor.default\">\n\t\t\t\t<div class=\"elementor-widget-container\">\n\t\t\t\t\t\t\t\t\t<p>Bei SIERA Alliance konzentrieren sich die Umweltingenieure auf Abfallmanagementstrategien, die die Integrit\u00e4t des Bodens erhalten und die Abh\u00e4ngigkeit von neuen Ressourcen verringern. Dazu geh\u00f6ren:<\/p><ul><li><strong>Nachhaltiger Bodenschutz<\/strong> durch die Wiederherstellung von B\u00f6den und die Verhinderung der Verschlechterung durch Industrieabf\u00e4lle<\/li><li><strong>Techniken zur Abfallreduzierung<\/strong> die Ressourcenr\u00fcckgewinnung und Recycling einbeziehen, um die Nutzung von Deponien zu minimieren<\/li><li><strong>Klimagerechte Abfalll\u00f6sungen<\/strong> entwickelt, um Nachhaltigkeitsziele zu erreichen und gleichzeitig die Kreislaufwirtschaft durch intelligente Wiederverwendungssysteme zu unterst\u00fctzen<\/li><\/ul><p><br \/>Durch fortschrittliche Abfallmanagementstrategien f\u00f6rdert die SIERA Alliance eine Kreislaufwirtschaft, die den Verbrauch nat\u00fcrlicher Ressourcen minimiert und die \u00f6kologische Widerstandsf\u00e4higkeit maximiert.<\/p>\t\t\t\t\t\t\t\t<\/div>\n\t\t\t\t<\/div>\n\t\t\t\t<div class=\"elementor-element elementor-element-3f7a6a4 elementor-align-left elementor-widget__width-initial elementor-widget elementor-widget-button\" data-id=\"3f7a6a4\" data-element_type=\"widget\" data-e-type=\"widget\" data-widget_type=\"button.default\">\n\t\t\t\t<div class=\"elementor-widget-container\">\n\t\t\t\t\t\t\t\t\t<div class=\"elementor-button-wrapper\">\n\t\t\t\t\t<a class=\"elementor-button elementor-button-link elementor-size-sm\" href=\"https:\/\/siera-alliance.com\/de\/event-calendar\/\">\n\t\t\t\t\t\t<span class=\"elementor-button-content-wrapper\">\n\t\t\t\t\t\t\t\t\t<span class=\"elementor-button-text\">Registriere dich f\u00fcr unsere kostenlosen Webinare<\/span>\n\t\t\t\t\t<\/span>\n\t\t\t\t\t<\/a>\n\t\t\t\t<\/div>\n\t\t\t\t\t\t\t\t<\/div>\n\t\t\t\t<\/div>\n\t\t\t\t<\/div>\n\t\t<div class=\"elementor-element elementor-element-93819d6 e-con-full e-flex e-con e-child\" data-id=\"93819d6\" data-element_type=\"container\" data-e-type=\"container\">\n\t\t\t\t<div class=\"elementor-element elementor-element-31400e8 elementor-widget elementor-widget-image\" data-id=\"31400e8\" data-element_type=\"widget\" data-e-type=\"widget\" data-widget_type=\"image.default\">\n\t\t\t\t<div class=\"elementor-widget-container\">\n\t\t\t\t\t\t\t\t\t\t\t\t\t\t\t<img fetchpriority=\"high\" decoding=\"async\" width=\"800\" height=\"534\" src=\"https:\/\/siera-alliance.com\/wp-content\/uploads\/2025\/07\/siera-alliance-environmental-solutions-35-1024x683.webp\" class=\"attachment-large size-large wp-image-8645\" alt=\"siera alliance environmental solutions ()\" srcset=\"https:\/\/siera-alliance.com\/wp-content\/uploads\/2025\/07\/siera-alliance-environmental-solutions-35-1024x683.webp 1024w, https:\/\/siera-alliance.com\/wp-content\/uploads\/2025\/07\/siera-alliance-environmental-solutions-35-300x200.webp 300w, https:\/\/siera-alliance.com\/wp-content\/uploads\/2025\/07\/siera-alliance-environmental-solutions-35-768x512.webp 768w, https:\/\/siera-alliance.com\/wp-content\/uploads\/2025\/07\/siera-alliance-environmental-solutions-35-1536x1024.webp 1536w, https:\/\/siera-alliance.com\/wp-content\/uploads\/2025\/07\/siera-alliance-environmental-solutions-35.webp 1672w\" sizes=\"(max-width: 800px) 100vw, 800px\" \/>\t\t\t\t\t\t\t\t\t\t\t\t\t\t\t<\/div>\n\t\t\t\t<\/div>\n\t\t<div class=\"elementor-element elementor-element-c1bb66c e-con-full e-flex e-con e-child\" data-id=\"c1bb66c\" data-element_type=\"container\" data-e-type=\"container\">\n\t\t\t\t<div class=\"elementor-element elementor-element-cc43567 elementor-widget__width-initial elementor-widget elementor-widget-image\" data-id=\"cc43567\" data-element_type=\"widget\" data-e-type=\"widget\" data-widget_type=\"image.default\">\n\t\t\t\t<div class=\"elementor-widget-container\">\n\t\t\t\t\t\t\t\t\t\t\t\t\t\t\t<img decoding=\"async\" width=\"800\" height=\"534\" src=\"https:\/\/siera-alliance.com\/wp-content\/uploads\/2025\/07\/siera-alliance-environmental-solutions-30.webp\" class=\"attachment-large size-large wp-image-8640\" alt=\"siera alliance environmental solutions ()\" srcset=\"https:\/\/siera-alliance.com\/wp-content\/uploads\/2025\/07\/siera-alliance-environmental-solutions-30.webp 1000w, https:\/\/siera-alliance.com\/wp-content\/uploads\/2025\/07\/siera-alliance-environmental-solutions-30-300x200.webp 300w, https:\/\/siera-alliance.com\/wp-content\/uploads\/2025\/07\/siera-alliance-environmental-solutions-30-768x512.webp 768w\" sizes=\"(max-width: 800px) 100vw, 800px\" \/>\t\t\t\t\t\t\t\t\t\t\t\t\t\t\t<\/div>\n\t\t\t\t<\/div>\n\t\t\t\t<div class=\"elementor-element elementor-element-5c6522a elementor-widget__width-initial elementor-widget elementor-widget-image\" data-id=\"5c6522a\" data-element_type=\"widget\" data-e-type=\"widget\" data-widget_type=\"image.default\">\n\t\t\t\t<div class=\"elementor-widget-container\">\n\t\t\t\t\t\t\t\t\t\t\t\t\t\t\t<img decoding=\"async\" width=\"800\" height=\"534\" src=\"https:\/\/siera-alliance.com\/wp-content\/uploads\/2025\/07\/siera-alliance-environmental-solutions-29.webp\" class=\"attachment-large size-large wp-image-8639\" alt=\"siera alliance environmental solutions ()\" srcset=\"https:\/\/siera-alliance.com\/wp-content\/uploads\/2025\/07\/siera-alliance-environmental-solutions-29.webp 1000w, https:\/\/siera-alliance.com\/wp-content\/uploads\/2025\/07\/siera-alliance-environmental-solutions-29-300x200.webp 300w, https:\/\/siera-alliance.com\/wp-content\/uploads\/2025\/07\/siera-alliance-environmental-solutions-29-768x512.webp 768w\" sizes=\"(max-width: 800px) 100vw, 800px\" \/>\t\t\t\t\t\t\t\t\t\t\t\t\t\t\t<\/div>\n\t\t\t\t<\/div>\n\t\t\t\t<\/div>\n\t\t\t\t<\/div>\n\t\t\t\t\t<\/div>\n\t\t\t\t<\/div>\n\t\t<div class=\"elementor-element elementor-element-65f5646 e-flex e-con-boxed e-con e-parent\" data-id=\"65f5646\" data-element_type=\"container\" data-e-type=\"container\" data-settings=\"{&quot;background_background&quot;:&quot;classic&quot;}\">\n\t\t\t\t\t<div class=\"e-con-inner\">\n\t\t<div class=\"elementor-element elementor-element-13a0b55 e-con-full e-flex e-con e-child\" data-id=\"13a0b55\" data-element_type=\"container\" data-e-type=\"container\">\n\t\t\t\t<div class=\"elementor-element elementor-element-9fa621d elementor-widget__width-initial elementor-widget elementor-widget-heading\" data-id=\"9fa621d\" data-element_type=\"widget\" data-e-type=\"widget\" data-widget_type=\"heading.default\">\n\t\t\t\t<div class=\"elementor-widget-container\">\n\t\t\t\t\t<h5 class=\"elementor-heading-title elementor-size-default\">Umwelttechnische L\u00f6sungen<\/h5>\t\t\t\t<\/div>\n\t\t\t\t<\/div>\n\t\t\t\t<div class=\"elementor-element elementor-element-baf40a6 elementor-widget__width-initial elementor-widget elementor-widget-heading\" data-id=\"baf40a6\" data-element_type=\"widget\" data-e-type=\"widget\" data-widget_type=\"heading.default\">\n\t\t\t\t<div class=\"elementor-widget-container\">\n\t\t\t\t\t<h2 class=\"elementor-heading-title elementor-size-default\">Technik f\u00fcr ein besseres Morgen <\/h2>\t\t\t\t<\/div>\n\t\t\t\t<\/div>\n\t\t\t\t<div class=\"elementor-element elementor-element-ab1e651 elementor-widget__width-initial elementor-widget elementor-widget-text-editor\" data-id=\"ab1e651\" data-element_type=\"widget\" data-e-type=\"widget\" data-widget_type=\"text-editor.default\">\n\t\t\t\t<div class=\"elementor-widget-container\">\n\t\t\t\t\t\t\t\t\t<p>Umwelttechnische L\u00f6sungen organisieren die Auswirkungen in diesen Schwerpunktbereichen, in denen der Wandel greifbar wird.<\/p>\t\t\t\t\t\t\t\t<\/div>\n\t\t\t\t<\/div>\n\t\t\t\t<\/div>\n\t\t<div class=\"elementor-element elementor-element-34c6444 e-con-full e-flex e-con e-child\" data-id=\"34c6444\" data-element_type=\"container\" data-e-type=\"container\">\n\t\t\t\t<div class=\"elementor-element elementor-element-98ad740 elementor-flip-box--effect-slide elementor-widget__width-initial elementor-flip-box--direction-up elementor-widget elementor-widget-flip-box\" data-id=\"98ad740\" data-element_type=\"widget\" data-e-type=\"widget\" data-widget_type=\"flip-box.default\">\n\t\t\t\t<div class=\"elementor-widget-container\">\n\t\t\t\t\t\t\t<div class=\"elementor-flip-box\" tabindex=\"0\">\n\t\t\t<div class=\"elementor-flip-box__layer elementor-flip-box__front\">\n\t\t\t\t<div class=\"elementor-flip-box__layer__overlay\">\n\t\t\t\t\t<div class=\"elementor-flip-box__layer__inner\">\n\t\t\t\t\t\t\n\t\t\t\t\t\t\t\t\t\t\t\t\t<h3 class=\"elementor-flip-box__layer__title\">\n\t\t\t\t\t\t\t\tDeponie-Management \t\t\t\t\t\t\t<\/h3>\n\t\t\t\t\t\t\n\t\t\t\t\t\t\t\t\t\t\t<\/div>\n\t\t\t\t<\/div>\n\t\t\t<\/div>\n\t\t\t<a class=\"elementor-flip-box__layer elementor-flip-box__back\" href=\"https:\/\/siera-alliance.com\/de\/environment-engineering-solutions\/circular-economy\/landfill-management\/\">\n\t\t\t<div class=\"elementor-flip-box__layer__overlay\">\n\t\t\t\t<div class=\"elementor-flip-box__layer__inner\">\n\t\t\t\t\t\n\t\t\t\t\t\t\t\t\t\t\t<div class=\"elementor-flip-box__layer__description\">\n\t\t\t\t\t\t\tDas Deponiemanagement ist ein Eckpfeiler der nachhaltigen Abfallentsorgung, und die Umweltingenieure der SIERA Alliance\t\t\t\t\t\t<\/div>\n\t\t\t\t\t\n\t\t\t\t\t\t\t\t\t\t\t<span class=\"elementor-flip-box__button elementor-button elementor-size-sm\">\n\t\t\t\t\t\t\tMehr erfahren\t\t\t\t\t\t<\/span>\n\t\t\t\t\t\t\t\t<\/div>\n\t\t<\/div>\n\t\t<\/a>\n\t\t<\/div>\n\t\t\t\t\t\t<\/div>\n\t\t\t\t<\/div>\n\t\t\t\t<div class=\"elementor-element elementor-element-8caee44 elementor-flip-box--effect-slide elementor-widget__width-initial elementor-flip-box--direction-up elementor-widget elementor-widget-flip-box\" data-id=\"8caee44\" data-element_type=\"widget\" data-e-type=\"widget\" data-widget_type=\"flip-box.default\">\n\t\t\t\t<div class=\"elementor-widget-container\">\n\t\t\t\t\t\t\t<div class=\"elementor-flip-box\" tabindex=\"0\">\n\t\t\t<div class=\"elementor-flip-box__layer elementor-flip-box__front\">\n\t\t\t\t<div class=\"elementor-flip-box__layer__overlay\">\n\t\t\t\t\t<div class=\"elementor-flip-box__layer__inner\">\n\t\t\t\t\t\t\n\t\t\t\t\t\t\t\t\t\t\t\t\t<h3 class=\"elementor-flip-box__layer__title\">\n\t\t\t\t\t\t\t\tAbfallwirtschaft \t\t\t\t\t\t\t<\/h3>\n\t\t\t\t\t\t\n\t\t\t\t\t\t\t\t\t\t\t<\/div>\n\t\t\t\t<\/div>\n\t\t\t<\/div>\n\t\t\t<a class=\"elementor-flip-box__layer elementor-flip-box__back\" href=\"https:\/\/siera-alliance.com\/de\/environment-engineering-solutions\/circular-economy\/waste-management\/\">\n\t\t\t<div class=\"elementor-flip-box__layer__overlay\">\n\t\t\t\t<div class=\"elementor-flip-box__layer__inner\">\n\t\t\t\t\t\n\t\t\t\t\t\t\t\t\t\t\t<div class=\"elementor-flip-box__layer__description\">\n\t\t\t\t\t\t\tBei SIERA Alliance konzentrieren sich die Umweltingenieure auf Abfallmanagementstrategien, die die Integrit\u00e4t des Bodens erhalten und die Abh\u00e4ngigkeit von neuen Ressourcen verringern. \t\t\t\t\t\t<\/div>\n\t\t\t\t\t\n\t\t\t\t\t\t\t\t\t\t\t<span class=\"elementor-flip-box__button elementor-button elementor-size-sm\">\n\t\t\t\t\t\t\tMehr erfahren\t\t\t\t\t\t<\/span>\n\t\t\t\t\t\t\t\t<\/div>\n\t\t<\/div>\n\t\t<\/a>\n\t\t<\/div>\n\t\t\t\t\t\t<\/div>\n\t\t\t\t<\/div>\n\t\t\t\t<div class=\"elementor-element elementor-element-81e9852 elementor-flip-box--effect-slide elementor-widget__width-initial elementor-flip-box--direction-up elementor-widget elementor-widget-flip-box\" data-id=\"81e9852\" data-element_type=\"widget\" data-e-type=\"widget\" data-widget_type=\"flip-box.default\">\n\t\t\t\t<div class=\"elementor-widget-container\">\n\t\t\t\t\t\t\t<div class=\"elementor-flip-box\" tabindex=\"0\">\n\t\t\t<div class=\"elementor-flip-box__layer elementor-flip-box__front\">\n\t\t\t\t<div class=\"elementor-flip-box__layer__overlay\">\n\t\t\t\t\t<div class=\"elementor-flip-box__layer__inner\">\n\t\t\t\t\t\t\n\t\t\t\t\t\t\t\t\t\t\t\t\t<h3 class=\"elementor-flip-box__layer__title\">\n\t\t\t\t\t\t\t\tGeb\u00e4ude-Revitalisierung \t\t\t\t\t\t\t<\/h3>\n\t\t\t\t\t\t\n\t\t\t\t\t\t\t\t\t\t\t<\/div>\n\t\t\t\t<\/div>\n\t\t\t<\/div>\n\t\t\t<a class=\"elementor-flip-box__layer elementor-flip-box__back\" href=\"https:\/\/siera-alliance.com\/de\/environment-engineering-solutions\/circular-economy\/building-revitalization\/\">\n\t\t\t<div class=\"elementor-flip-box__layer__overlay\">\n\t\t\t\t<div class=\"elementor-flip-box__layer__inner\">\n\t\t\t\t\t\n\t\t\t\t\t\t\t\t\t\t\t<div class=\"elementor-flip-box__layer__description\">\n\t\t\t\t\t\t\tDie Revitalisierung von Geb\u00e4uden ist eine nachhaltige Alternative zum Abriss und gew\u00e4hrleistet die weitere Nutzung bestehender Strukturen. \t\t\t\t\t\t<\/div>\n\t\t\t\t\t\n\t\t\t\t\t\t\t\t\t\t\t<span class=\"elementor-flip-box__button elementor-button elementor-size-sm\">\n\t\t\t\t\t\t\tMehr erfahren\t\t\t\t\t\t<\/span>\n\t\t\t\t\t\t\t\t<\/div>\n\t\t<\/div>\n\t\t<\/a>\n\t\t<\/div>\n\t\t\t\t\t\t<\/div>\n\t\t\t\t<\/div>\n\t\t\t\t<div class=\"elementor-element elementor-element-319df07 elementor-flip-box--effect-slide elementor-widget__width-initial elementor-flip-box--direction-up elementor-widget elementor-widget-flip-box\" data-id=\"319df07\" data-element_type=\"widget\" data-e-type=\"widget\" data-widget_type=\"flip-box.default\">\n\t\t\t\t<div class=\"elementor-widget-container\">\n\t\t\t\t\t\t\t<div class=\"elementor-flip-box\" tabindex=\"0\">\n\t\t\t<div class=\"elementor-flip-box__layer elementor-flip-box__front\">\n\t\t\t\t<div class=\"elementor-flip-box__layer__overlay\">\n\t\t\t\t\t<div class=\"elementor-flip-box__layer__inner\">\n\t\t\t\t\t\t\n\t\t\t\t\t\t\t\t\t\t\t\t\t<h3 class=\"elementor-flip-box__layer__title\">\n\t\t\t\t\t\t\t\tR\u00fcckbau von Geb\u00e4uden \t\t\t\t\t\t\t<\/h3>\n\t\t\t\t\t\t\n\t\t\t\t\t\t\t\t\t\t\t<\/div>\n\t\t\t\t<\/div>\n\t\t\t<\/div>\n\t\t\t<a class=\"elementor-flip-box__layer elementor-flip-box__back\" href=\"https:\/\/siera-alliance.com\/de\/environment-engineering-solutions\/circular-economy\/building-deconstruction\/\">\n\t\t\t<div class=\"elementor-flip-box__layer__overlay\">\n\t\t\t\t<div class=\"elementor-flip-box__layer__inner\">\n\t\t\t\t\t\n\t\t\t\t\t\t\t\t\t\t\t<div class=\"elementor-flip-box__layer__description\">\n\t\t\t\t\t\t\tBeim Geb\u00e4uder\u00fcckbau geht es um den sorgf\u00e4ltigen R\u00fcckbau von Bauwerken, wobei der Schwerpunkt auf Umweltvertr\u00e4glichkeit und Arbeitssicherheit liegt. \t\t\t\t\t\t<\/div>\n\t\t\t\t\t\n\t\t\t\t\t\t\t\t\t\t\t<span class=\"elementor-flip-box__button elementor-button elementor-size-sm\">\n\t\t\t\t\t\t\tMehr erfahren\t\t\t\t\t\t<\/span>\n\t\t\t\t\t\t\t\t<\/div>\n\t\t<\/div>\n\t\t<\/a>\n\t\t<\/div>\n\t\t\t\t\t\t<\/div>\n\t\t\t\t<\/div>\n\t\t\t\t<\/div>\n\t\t\t\t\t<\/div>\n\t\t\t\t<\/div>\n\t\t\t\t<\/div>","protected":false},"excerpt":{"rendered":"<p>Siera Alliance Waste Management Environment Engineering Solutions Waste Management At SIERA Alliance, environmental engineers focus on waste management strategies that conserve soil integrity and reduce reliance on virgin resources. This includes: Sustainable Soil Protection through soil restoration and the prevention of degradation caused by industrial waste Waste Reduction Techniques that incorporate resource recovery and recycling [&hellip;]<\/p>\n","protected":false},"author":3,"featured_media":0,"parent":8792,"menu_order":0,"comment_status":"closed","ping_status":"closed","template":"elementor_header_footer","meta":{"footnotes":""},"class_list":["post-8813","page","type-page","status-publish","hentry"],"aioseo_notices":[],"_links":{"self":[{"href":"https:\/\/siera-alliance.com\/de\/wp-json\/wp\/v2\/pages\/8813","targetHints":{"allow":["GET"]}}],"collection":[{"href":"https:\/\/siera-alliance.com\/de\/wp-json\/wp\/v2\/pages"}],"about":[{"href":"https:\/\/siera-alliance.com\/de\/wp-json\/wp\/v2\/types\/page"}],"author":[{"embeddable":true,"href":"https:\/\/siera-alliance.com\/de\/wp-json\/wp\/v2\/users\/3"}],"replies":[{"embeddable":true,"href":"https:\/\/siera-alliance.com\/de\/wp-json\/wp\/v2\/comments?post=8813"}],"version-history":[{"count":10,"href":"https:\/\/siera-alliance.com\/de\/wp-json\/wp\/v2\/pages\/8813\/revisions"}],"predecessor-version":[{"id":8848,"href":"https:\/\/siera-alliance.com\/de\/wp-json\/wp\/v2\/pages\/8813\/revisions\/8848"}],"up":[{"embeddable":true,"href":"https:\/\/siera-alliance.com\/de\/wp-json\/wp\/v2\/pages\/8792"}],"wp:attachment":[{"href":"https:\/\/siera-alliance.com\/de\/wp-json\/wp\/v2\/media?parent=8813"}],"curies":[{"name":"wp","href":"https:\/\/api.w.org\/{rel}","templated":true}]}}