{"id":8323,"date":"2025-07-15T11:10:35","date_gmt":"2025-07-15T11:10:35","guid":{"rendered":"https:\/\/siera-alliance.com\/?page_id=8323"},"modified":"2025-07-17T12:19:35","modified_gmt":"2025-07-17T12:19:35","slug":"carbon-footprint","status":"publish","type":"page","link":"https:\/\/siera-alliance.com\/de\/environment-engineering-solutions\/climate-solutions\/carbon-footprint\/","title":{"rendered":"Kohlenstoff-Fu\u00dfabdruck"},"content":{"rendered":"<div data-elementor-type=\"wp-page\" data-elementor-id=\"8323\" class=\"elementor elementor-8323\" data-elementor-post-type=\"page\">\n\t\t\t\t<div class=\"elementor-element elementor-element-753f6d7 e-flex e-con-boxed e-con e-parent\" data-id=\"753f6d7\" data-element_type=\"container\" data-e-type=\"container\" data-settings=\"{&quot;background_background&quot;:&quot;classic&quot;}\">\n\t\t\t\t\t<div class=\"e-con-inner\">\n\t\t\t\t<div class=\"elementor-element elementor-element-0690cec elementor-widget__width-initial elementor-widget elementor-widget-heading\" data-id=\"0690cec\" data-element_type=\"widget\" data-e-type=\"widget\" data-widget_type=\"heading.default\">\n\t\t\t\t<div class=\"elementor-widget-container\">\n\t\t\t\t\t<h5 class=\"elementor-heading-title elementor-size-default\">Siera Alliance<\/h5>\t\t\t\t<\/div>\n\t\t\t\t<\/div>\n\t\t\t\t<div class=\"elementor-element elementor-element-8bc1e9f elementor-widget__width-initial elementor-widget elementor-widget-heading\" data-id=\"8bc1e9f\" data-element_type=\"widget\" data-e-type=\"widget\" data-widget_type=\"heading.default\">\n\t\t\t\t<div class=\"elementor-widget-container\">\n\t\t\t\t\t<h1 class=\"elementor-heading-title elementor-size-default\">Kohlenstoff-Fu\u00dfabdruck<\/h1>\t\t\t\t<\/div>\n\t\t\t\t<\/div>\n\t\t\t\t\t<\/div>\n\t\t\t\t<\/div>\n\t\t<div class=\"elementor-element elementor-element-1ed9f65 e-flex e-con-boxed e-con e-parent\" data-id=\"1ed9f65\" data-element_type=\"container\" data-e-type=\"container\">\n\t\t\t\t\t<div class=\"e-con-inner\">\n\t\t<div class=\"elementor-element elementor-element-0b87d88 e-con-full e-flex e-con e-child\" data-id=\"0b87d88\" data-element_type=\"container\" data-e-type=\"container\">\n\t\t\t\t<div class=\"elementor-element elementor-element-db841f4 elementor-widget__width-initial elementor-widget elementor-widget-heading\" data-id=\"db841f4\" data-element_type=\"widget\" data-e-type=\"widget\" data-widget_type=\"heading.default\">\n\t\t\t\t<div class=\"elementor-widget-container\">\n\t\t\t\t\t<h5 class=\"elementor-heading-title elementor-size-default\">Umwelttechnische L\u00f6sungen<\/h5>\t\t\t\t<\/div>\n\t\t\t\t<\/div>\n\t\t\t\t<div class=\"elementor-element elementor-element-7c3b695 elementor-widget__width-initial elementor-widget elementor-widget-heading\" data-id=\"7c3b695\" data-element_type=\"widget\" data-e-type=\"widget\" data-widget_type=\"heading.default\">\n\t\t\t\t<div class=\"elementor-widget-container\">\n\t\t\t\t\t<h2 class=\"elementor-heading-title elementor-size-default\">Kohlenstoff-Fu\u00dfabdruck<\/h2>\t\t\t\t<\/div>\n\t\t\t\t<\/div>\n\t\t\t\t<div class=\"elementor-element elementor-element-b69dda2 elementor-widget__width-initial elementor-widget elementor-widget-text-editor\" data-id=\"b69dda2\" data-element_type=\"widget\" data-e-type=\"widget\" data-widget_type=\"text-editor.default\">\n\t\t\t\t<div class=\"elementor-widget-container\">\n\t\t\t\t\t\t\t\t\t<p>Die Umwelttechnik ist der Schl\u00fcssel zum Management und zur Verringerung des CO2-Fu\u00dfabdrucks in allen Branchen, indem sie Strategien umsetzt, die Emissionen verfolgen und verringern. Dazu geh\u00f6ren:<\/p><ul><li><strong>Kohlenstoff-Tracking<\/strong> durch pr\u00e4zise technische Hilfsmittel und Systeme zur \u00dcberwachung der Emissionen im gesamten Betrieb<\/li><li><strong>Innovative Emissionsreduzierung<\/strong> durch die Entwicklung energieeffizienter Systeme und nachhaltiger Technologien, die den Kohlenstoffaussto\u00df minimieren<\/li><li><strong>Wege zur Kohlenstoffneutralit\u00e4t<\/strong> durch ausgekl\u00fcgelte L\u00f6sungen, die Klimaschutzinitiativen in die betrieblichen Abl\u00e4ufe integrieren<\/li><\/ul><p><br \/>Die SIERA Alliance bef\u00e4higt Organisationen, ihren Kohlenstoff-Fu\u00dfabdruck zu reduzieren und die Herausforderung der Emissionen in eine Chance f\u00fcr eine nachhaltige Transformation der Industrie zu verwandeln.<\/p>\t\t\t\t\t\t\t\t<\/div>\n\t\t\t\t<\/div>\n\t\t\t\t<div class=\"elementor-element elementor-element-3f7a6a4 elementor-align-left elementor-widget__width-initial elementor-widget elementor-widget-button\" data-id=\"3f7a6a4\" data-element_type=\"widget\" data-e-type=\"widget\" data-widget_type=\"button.default\">\n\t\t\t\t<div class=\"elementor-widget-container\">\n\t\t\t\t\t\t\t\t\t<div class=\"elementor-button-wrapper\">\n\t\t\t\t\t<a class=\"elementor-button elementor-button-link elementor-size-sm\" href=\"https:\/\/siera-alliance.com\/de\/event-calendar\/\">\n\t\t\t\t\t\t<span class=\"elementor-button-content-wrapper\">\n\t\t\t\t\t\t\t\t\t<span class=\"elementor-button-text\">Registriere dich f\u00fcr unsere kostenlosen Webinare<\/span>\n\t\t\t\t\t<\/span>\n\t\t\t\t\t<\/a>\n\t\t\t\t<\/div>\n\t\t\t\t\t\t\t\t<\/div>\n\t\t\t\t<\/div>\n\t\t\t\t<\/div>\n\t\t<div class=\"elementor-element elementor-element-93819d6 e-con-full e-flex e-con e-child\" data-id=\"93819d6\" data-element_type=\"container\" data-e-type=\"container\">\n\t\t\t\t<div class=\"elementor-element elementor-element-31400e8 elementor-widget elementor-widget-image\" data-id=\"31400e8\" data-element_type=\"widget\" data-e-type=\"widget\" data-widget_type=\"image.default\">\n\t\t\t\t<div class=\"elementor-widget-container\">\n\t\t\t\t\t\t\t\t\t\t\t\t\t\t\t<img fetchpriority=\"high\" decoding=\"async\" width=\"800\" height=\"600\" src=\"https:\/\/siera-alliance.com\/wp-content\/uploads\/2025\/07\/siera-alliance-solutions-7-1024x768.webp\" class=\"attachment-large size-large wp-image-8297\" alt=\"siera alliance solutions ()\" srcset=\"https:\/\/siera-alliance.com\/wp-content\/uploads\/2025\/07\/siera-alliance-solutions-7-1024x768.webp 1024w, https:\/\/siera-alliance.com\/wp-content\/uploads\/2025\/07\/siera-alliance-solutions-7-300x225.webp 300w, https:\/\/siera-alliance.com\/wp-content\/uploads\/2025\/07\/siera-alliance-solutions-7-768x576.webp 768w, https:\/\/siera-alliance.com\/wp-content\/uploads\/2025\/07\/siera-alliance-solutions-7.webp 1152w\" sizes=\"(max-width: 800px) 100vw, 800px\" \/>\t\t\t\t\t\t\t\t\t\t\t\t\t\t\t<\/div>\n\t\t\t\t<\/div>\n\t\t<div class=\"elementor-element elementor-element-c1bb66c e-con-full e-flex e-con e-child\" data-id=\"c1bb66c\" data-element_type=\"container\" data-e-type=\"container\">\n\t\t\t\t<div class=\"elementor-element elementor-element-cc43567 elementor-widget__width-initial elementor-widget elementor-widget-image\" data-id=\"cc43567\" data-element_type=\"widget\" data-e-type=\"widget\" data-widget_type=\"image.default\">\n\t\t\t\t<div class=\"elementor-widget-container\">\n\t\t\t\t\t\t\t\t\t\t\t\t\t\t\t<img decoding=\"async\" width=\"800\" height=\"534\" src=\"https:\/\/siera-alliance.com\/wp-content\/uploads\/2025\/07\/siera-alliance-solutions-6.webp\" class=\"attachment-large size-large wp-image-8296\" alt=\"siera alliance solutions ()\" srcset=\"https:\/\/siera-alliance.com\/wp-content\/uploads\/2025\/07\/siera-alliance-solutions-6.webp 1000w, https:\/\/siera-alliance.com\/wp-content\/uploads\/2025\/07\/siera-alliance-solutions-6-300x200.webp 300w, https:\/\/siera-alliance.com\/wp-content\/uploads\/2025\/07\/siera-alliance-solutions-6-768x512.webp 768w\" sizes=\"(max-width: 800px) 100vw, 800px\" \/>\t\t\t\t\t\t\t\t\t\t\t\t\t\t\t<\/div>\n\t\t\t\t<\/div>\n\t\t\t\t<div class=\"elementor-element elementor-element-5c6522a elementor-widget__width-initial elementor-widget elementor-widget-image\" data-id=\"5c6522a\" data-element_type=\"widget\" data-e-type=\"widget\" data-widget_type=\"image.default\">\n\t\t\t\t<div class=\"elementor-widget-container\">\n\t\t\t\t\t\t\t\t\t\t\t\t\t\t\t<img decoding=\"async\" width=\"800\" height=\"534\" src=\"https:\/\/siera-alliance.com\/wp-content\/uploads\/2025\/07\/siera-alliance-images-2-1024x684.webp\" class=\"attachment-large size-large wp-image-8462\" alt=\"siera alliance images ()\" srcset=\"https:\/\/siera-alliance.com\/wp-content\/uploads\/2025\/07\/siera-alliance-images-2-1024x684.webp 1024w, https:\/\/siera-alliance.com\/wp-content\/uploads\/2025\/07\/siera-alliance-images-2-300x201.webp 300w, https:\/\/siera-alliance.com\/wp-content\/uploads\/2025\/07\/siera-alliance-images-2-768x513.webp 768w, https:\/\/siera-alliance.com\/wp-content\/uploads\/2025\/07\/siera-alliance-images-2.webp 1173w\" sizes=\"(max-width: 800px) 100vw, 800px\" \/>\t\t\t\t\t\t\t\t\t\t\t\t\t\t\t<\/div>\n\t\t\t\t<\/div>\n\t\t\t\t<\/div>\n\t\t\t\t<\/div>\n\t\t\t\t\t<\/div>\n\t\t\t\t<\/div>\n\t\t<div class=\"elementor-element elementor-element-bd5fafb e-flex e-con-boxed e-con e-parent\" data-id=\"bd5fafb\" data-element_type=\"container\" data-e-type=\"container\" data-settings=\"{&quot;background_background&quot;:&quot;classic&quot;}\">\n\t\t\t\t\t<div class=\"e-con-inner\">\n\t\t<div class=\"elementor-element elementor-element-fbf4310 e-con-full e-flex e-con e-child\" data-id=\"fbf4310\" data-element_type=\"container\" data-e-type=\"container\">\n\t\t\t\t<div class=\"elementor-element elementor-element-42ab2e0 elementor-widget__width-initial elementor-widget elementor-widget-heading\" data-id=\"42ab2e0\" data-element_type=\"widget\" data-e-type=\"widget\" data-widget_type=\"heading.default\">\n\t\t\t\t<div class=\"elementor-widget-container\">\n\t\t\t\t\t<h5 class=\"elementor-heading-title elementor-size-default\">Umwelttechnische L\u00f6sungen<\/h5>\t\t\t\t<\/div>\n\t\t\t\t<\/div>\n\t\t\t\t<div class=\"elementor-element elementor-element-1d32e14 elementor-widget__width-initial elementor-widget elementor-widget-heading\" data-id=\"1d32e14\" data-element_type=\"widget\" data-e-type=\"widget\" data-widget_type=\"heading.default\">\n\t\t\t\t<div class=\"elementor-widget-container\">\n\t\t\t\t\t<h2 class=\"elementor-heading-title elementor-size-default\">Technik f\u00fcr ein besseres Morgen <\/h2>\t\t\t\t<\/div>\n\t\t\t\t<\/div>\n\t\t\t\t<div class=\"elementor-element elementor-element-f6c62f5 elementor-widget__width-initial elementor-widget elementor-widget-text-editor\" data-id=\"f6c62f5\" data-element_type=\"widget\" data-e-type=\"widget\" data-widget_type=\"text-editor.default\">\n\t\t\t\t<div class=\"elementor-widget-container\">\n\t\t\t\t\t\t\t\t\t<p>Umwelttechnische L\u00f6sungen organisieren die Auswirkungen in diesen Schwerpunktbereichen, in denen der Wandel greifbar wird.<\/p>\t\t\t\t\t\t\t\t<\/div>\n\t\t\t\t<\/div>\n\t\t\t\t<\/div>\n\t\t<div class=\"elementor-element elementor-element-d1bd647 e-con-full e-flex e-con e-child\" data-id=\"d1bd647\" data-element_type=\"container\" data-e-type=\"container\">\n\t\t\t\t<div class=\"elementor-element elementor-element-f2410fa elementor-flip-box--effect-slide elementor-widget__width-initial elementor-flip-box--direction-up elementor-widget elementor-widget-flip-box\" data-id=\"f2410fa\" data-element_type=\"widget\" data-e-type=\"widget\" data-widget_type=\"flip-box.default\">\n\t\t\t\t<div class=\"elementor-widget-container\">\n\t\t\t\t\t\t\t<div class=\"elementor-flip-box\" tabindex=\"0\">\n\t\t\t<div class=\"elementor-flip-box__layer elementor-flip-box__front\">\n\t\t\t\t<div class=\"elementor-flip-box__layer__overlay\">\n\t\t\t\t\t<div class=\"elementor-flip-box__layer__inner\">\n\t\t\t\t\t\t\n\t\t\t\t\t\t\t\t\t\t\t\t\t<h3 class=\"elementor-flip-box__layer__title\">\n\t\t\t\t\t\t\t\tKlimaschutz\t\t\t\t\t\t\t<\/h3>\n\t\t\t\t\t\t\n\t\t\t\t\t\t\t\t\t\t\t<\/div>\n\t\t\t\t<\/div>\n\t\t\t<\/div>\n\t\t\t<a class=\"elementor-flip-box__layer elementor-flip-box__back\" href=\"https:\/\/siera-alliance.com\/de\/climate-solutions\/climate-protection\/\">\n\t\t\t<div class=\"elementor-flip-box__layer__overlay\">\n\t\t\t\t<div class=\"elementor-flip-box__layer__inner\">\n\t\t\t\t\t\n\t\t\t\t\t\t\t\t\t\t\t<div class=\"elementor-flip-box__layer__description\">\n\t\t\t\t\t\t\tUmfassende Klimaschutzdienstleistungen, die sich auf die Reduzierung des CO2-Fu\u00dfabdrucks, die Verbesserung der Energieeffizienz und die Umsetzung nachhaltiger Praktiken in allen Branchen konzentrieren.\t\t\t\t\t\t<\/div>\n\t\t\t\t\t\n\t\t\t\t\t\t\t\t\t\t\t<span class=\"elementor-flip-box__button elementor-button elementor-size-sm\">\n\t\t\t\t\t\t\tMehr erfahren\t\t\t\t\t\t<\/span>\n\t\t\t\t\t\t\t\t<\/div>\n\t\t<\/div>\n\t\t<\/a>\n\t\t<\/div>\n\t\t\t\t\t\t<\/div>\n\t\t\t\t<\/div>\n\t\t\t\t<div class=\"elementor-element elementor-element-0875d45 elementor-flip-box--effect-slide elementor-widget__width-initial elementor-flip-box--direction-up elementor-widget elementor-widget-flip-box\" data-id=\"0875d45\" data-element_type=\"widget\" data-e-type=\"widget\" data-widget_type=\"flip-box.default\">\n\t\t\t\t<div class=\"elementor-widget-container\">\n\t\t\t\t\t\t\t<div class=\"elementor-flip-box\" tabindex=\"0\">\n\t\t\t<div class=\"elementor-flip-box__layer elementor-flip-box__front\">\n\t\t\t\t<div class=\"elementor-flip-box__layer__overlay\">\n\t\t\t\t\t<div class=\"elementor-flip-box__layer__inner\">\n\t\t\t\t\t\t\n\t\t\t\t\t\t\t\t\t\t\t\t\t<h3 class=\"elementor-flip-box__layer__title\">\n\t\t\t\t\t\t\t\tKlimaanpassung\t\t\t\t\t\t\t<\/h3>\n\t\t\t\t\t\t\n\t\t\t\t\t\t\t\t\t\t\t<\/div>\n\t\t\t\t<\/div>\n\t\t\t<\/div>\n\t\t\t<a class=\"elementor-flip-box__layer elementor-flip-box__back\" href=\"https:\/\/siera-alliance.com\/de\/climate-solutions\/climate-adaptation\/\">\n\t\t\t<div class=\"elementor-flip-box__layer__overlay\">\n\t\t\t\t<div class=\"elementor-flip-box__layer__inner\">\n\t\t\t\t\t\n\t\t\t\t\t\t\t\t\t\t\t<div class=\"elementor-flip-box__layer__description\">\n\t\t\t\t\t\t\tWir helfen Organisationen dabei, ihr Verm\u00f6gen zu sch\u00fctzen und ihre Nachhaltigkeit zu sichern, indem wir Schwachstellen analysieren und Klimaszenarien prognostizieren und so verwertbare Erkenntnisse f\u00fcr das Risikomanagement liefern.\t\t\t\t\t\t<\/div>\n\t\t\t\t\t\n\t\t\t\t\t\t\t\t\t\t\t<span class=\"elementor-flip-box__button elementor-button elementor-size-sm\">\n\t\t\t\t\t\t\tMehr erfahren\t\t\t\t\t\t<\/span>\n\t\t\t\t\t\t\t\t<\/div>\n\t\t<\/div>\n\t\t<\/a>\n\t\t<\/div>\n\t\t\t\t\t\t<\/div>\n\t\t\t\t<\/div>\n\t\t\t\t<div class=\"elementor-element elementor-element-cf8e9c6 elementor-flip-box--effect-slide elementor-widget__width-initial elementor-flip-box--direction-up elementor-widget elementor-widget-flip-box\" data-id=\"cf8e9c6\" data-element_type=\"widget\" data-e-type=\"widget\" data-widget_type=\"flip-box.default\">\n\t\t\t\t<div class=\"elementor-widget-container\">\n\t\t\t\t\t\t\t<div class=\"elementor-flip-box\" tabindex=\"0\">\n\t\t\t<div class=\"elementor-flip-box__layer elementor-flip-box__front\">\n\t\t\t\t<div class=\"elementor-flip-box__layer__overlay\">\n\t\t\t\t\t<div class=\"elementor-flip-box__layer__inner\">\n\t\t\t\t\t\t\n\t\t\t\t\t\t\t\t\t\t\t\t\t<h3 class=\"elementor-flip-box__layer__title\">\n\t\t\t\t\t\t\t\tKohlenstoff-Fu\u00dfabdruck\t\t\t\t\t\t\t<\/h3>\n\t\t\t\t\t\t\n\t\t\t\t\t\t\t\t\t\t\t<\/div>\n\t\t\t\t<\/div>\n\t\t\t<\/div>\n\t\t\t<a class=\"elementor-flip-box__layer elementor-flip-box__back\" href=\"https:\/\/siera-alliance.com\/de\/climate-solutions\/carbon-footprint\/\">\n\t\t\t<div class=\"elementor-flip-box__layer__overlay\">\n\t\t\t\t<div class=\"elementor-flip-box__layer__inner\">\n\t\t\t\t\t\n\t\t\t\t\t\t\t\t\t\t\t<div class=\"elementor-flip-box__layer__description\">\n\t\t\t\t\t\t\tVerfolgen, Reduzieren und Kompensieren von Kohlenstoffemissionen durch Treibhausgasinventare, ma\u00dfgeschneiderte Reduktionsstrategien und Sicherstellen der Einhaltung von Vorschriften, um Nachhaltigkeitsziele zu erreichen.\t\t\t\t\t\t<\/div>\n\t\t\t\t\t\n\t\t\t\t\t\t\t\t\t\t\t<span class=\"elementor-flip-box__button elementor-button elementor-size-sm\">\n\t\t\t\t\t\t\tMehr erfahren\t\t\t\t\t\t<\/span>\n\t\t\t\t\t\t\t\t<\/div>\n\t\t<\/div>\n\t\t<\/a>\n\t\t<\/div>\n\t\t\t\t\t\t<\/div>\n\t\t\t\t<\/div>\n\t\t\t\t<div class=\"elementor-element elementor-element-d8e8503 elementor-flip-box--effect-slide elementor-widget__width-initial elementor-flip-box--direction-up elementor-widget elementor-widget-flip-box\" data-id=\"d8e8503\" data-element_type=\"widget\" data-e-type=\"widget\" data-widget_type=\"flip-box.default\">\n\t\t\t\t<div class=\"elementor-widget-container\">\n\t\t\t\t\t\t\t<div class=\"elementor-flip-box\" tabindex=\"0\">\n\t\t\t<div class=\"elementor-flip-box__layer elementor-flip-box__front\">\n\t\t\t\t<div class=\"elementor-flip-box__layer__overlay\">\n\t\t\t\t\t<div class=\"elementor-flip-box__layer__inner\">\n\t\t\t\t\t\t\n\t\t\t\t\t\t\t\t\t\t\t\t\t<h3 class=\"elementor-flip-box__layer__title\">\n\t\t\t\t\t\t\t\tNachhaltigkeitsberichterstattung \t\t\t\t\t\t\t<\/h3>\n\t\t\t\t\t\t\n\t\t\t\t\t\t\t\t\t\t\t<\/div>\n\t\t\t\t<\/div>\n\t\t\t<\/div>\n\t\t\t<a class=\"elementor-flip-box__layer elementor-flip-box__back\" href=\"https:\/\/siera-alliance.com\/de\/climate-solutions\/sustainability-reporting\/\">\n\t\t\t<div class=\"elementor-flip-box__layer__overlay\">\n\t\t\t\t<div class=\"elementor-flip-box__layer__inner\">\n\t\t\t\t\t\n\t\t\t\t\t\t\t\t\t\t\t<div class=\"elementor-flip-box__layer__description\">\n\t\t\t\t\t\t\tDie SIERA Alliance legt Wert auf Transparenz in der Nachhaltigkeitsberichterstattung und nutzt datengest\u00fctzte Erkenntnisse, um die Umweltauswirkungen zu verfolgen und zu verbessern.\t\t\t\t\t\t<\/div>\n\t\t\t\t\t\n\t\t\t\t\t\t\t\t\t\t\t<span class=\"elementor-flip-box__button elementor-button elementor-size-sm\">\n\t\t\t\t\t\t\tMehr erfahren\t\t\t\t\t\t<\/span>\n\t\t\t\t\t\t\t\t<\/div>\n\t\t<\/div>\n\t\t<\/a>\n\t\t<\/div>\n\t\t\t\t\t\t<\/div>\n\t\t\t\t<\/div>\n\t\t\t\t<\/div>\n\t\t\t\t\t<\/div>\n\t\t\t\t<\/div>\n\t\t\t\t<\/div>","protected":false},"excerpt":{"rendered":"<p>Siera Alliance Carbon Footprint Environment Engineering Solutions Carbon Footprint Environmental engineering is key to managing and reducing carbon footprints across industries by implementing strategies that track and lower emissions. This includes: Carbon Tracking through precise engineering tools and systems to monitor emissions across operations Innovative Emission Reduction by designing energy-efficient systems and sustainable technologies that [&hellip;]<\/p>\n","protected":false},"author":3,"featured_media":0,"parent":8284,"menu_order":0,"comment_status":"closed","ping_status":"closed","template":"elementor_header_footer","meta":{"footnotes":""},"class_list":["post-8323","page","type-page","status-publish","hentry"],"aioseo_notices":[],"_links":{"self":[{"href":"https:\/\/siera-alliance.com\/de\/wp-json\/wp\/v2\/pages\/8323","targetHints":{"allow":["GET"]}}],"collection":[{"href":"https:\/\/siera-alliance.com\/de\/wp-json\/wp\/v2\/pages"}],"about":[{"href":"https:\/\/siera-alliance.com\/de\/wp-json\/wp\/v2\/types\/page"}],"author":[{"embeddable":true,"href":"https:\/\/siera-alliance.com\/de\/wp-json\/wp\/v2\/users\/3"}],"replies":[{"embeddable":true,"href":"https:\/\/siera-alliance.com\/de\/wp-json\/wp\/v2\/comments?post=8323"}],"version-history":[{"count":25,"href":"https:\/\/siera-alliance.com\/de\/wp-json\/wp\/v2\/pages\/8323\/revisions"}],"predecessor-version":[{"id":8469,"href":"https:\/\/siera-alliance.com\/de\/wp-json\/wp\/v2\/pages\/8323\/revisions\/8469"}],"up":[{"embeddable":true,"href":"https:\/\/siera-alliance.com\/de\/wp-json\/wp\/v2\/pages\/8284"}],"wp:attachment":[{"href":"https:\/\/siera-alliance.com\/de\/wp-json\/wp\/v2\/media?parent=8323"}],"curies":[{"name":"wp","href":"https:\/\/api.w.org\/{rel}","templated":true}]}}