{"id":6520,"date":"2025-05-06T11:44:59","date_gmt":"2025-05-06T11:44:59","guid":{"rendered":"https:\/\/siera-alliance.com\/?page_id=6520"},"modified":"2025-07-02T08:16:33","modified_gmt":"2025-07-02T08:16:33","slug":"rural-areas","status":"publish","type":"page","link":"https:\/\/siera-alliance.com\/de\/rural-areas\/","title":{"rendered":"L\u00e4ndliche Gebiete"},"content":{"rendered":"<div data-elementor-type=\"wp-page\" data-elementor-id=\"6520\" class=\"elementor elementor-6520\" data-elementor-post-type=\"page\">\n\t\t\t\t<div class=\"elementor-element elementor-element-753f6d7 e-flex e-con-boxed e-con e-parent\" data-id=\"753f6d7\" data-element_type=\"container\" data-e-type=\"container\" data-settings=\"{&quot;background_background&quot;:&quot;classic&quot;}\">\n\t\t\t\t\t<div class=\"e-con-inner\">\n\t\t\t\t<div class=\"elementor-element elementor-element-0690cec elementor-widget__width-initial elementor-widget elementor-widget-heading\" data-id=\"0690cec\" data-element_type=\"widget\" data-e-type=\"widget\" data-widget_type=\"heading.default\">\n\t\t\t\t<div class=\"elementor-widget-container\">\n\t\t\t\t\t<h5 class=\"elementor-heading-title elementor-size-default\">Siera Alliance<\/h5>\t\t\t\t<\/div>\n\t\t\t\t<\/div>\n\t\t\t\t<div class=\"elementor-element elementor-element-8bc1e9f elementor-widget__width-initial elementor-widget elementor-widget-heading\" data-id=\"8bc1e9f\" data-element_type=\"widget\" data-e-type=\"widget\" data-widget_type=\"heading.default\">\n\t\t\t\t<div class=\"elementor-widget-container\">\n\t\t\t\t\t<h1 class=\"elementor-heading-title elementor-size-default\">L\u00e4ndliche Gebiete<\/h1>\t\t\t\t<\/div>\n\t\t\t\t<\/div>\n\t\t\t\t\t<\/div>\n\t\t\t\t<\/div>\n\t\t<div class=\"elementor-element elementor-element-1ed9f65 e-flex e-con-boxed e-con e-parent\" data-id=\"1ed9f65\" data-element_type=\"container\" data-e-type=\"container\">\n\t\t\t\t\t<div class=\"e-con-inner\">\n\t\t<div class=\"elementor-element elementor-element-0b87d88 e-con-full e-flex e-con e-child\" data-id=\"0b87d88\" data-element_type=\"container\" data-e-type=\"container\">\n\t\t\t\t<div class=\"elementor-element elementor-element-db841f4 elementor-widget__width-initial elementor-widget elementor-widget-heading\" data-id=\"db841f4\" data-element_type=\"widget\" data-e-type=\"widget\" data-widget_type=\"heading.default\">\n\t\t\t\t<div class=\"elementor-widget-container\">\n\t\t\t\t\t<h5 class=\"elementor-heading-title elementor-size-default\">Siera Alliance<\/h5>\t\t\t\t<\/div>\n\t\t\t\t<\/div>\n\t\t\t\t<div class=\"elementor-element elementor-element-7c3b695 elementor-widget__width-initial elementor-widget elementor-widget-heading\" data-id=\"7c3b695\" data-element_type=\"widget\" data-e-type=\"widget\" data-widget_type=\"heading.default\">\n\t\t\t\t<div class=\"elementor-widget-container\">\n\t\t\t\t\t<h2 class=\"elementor-heading-title elementor-size-default\">Nachhaltige L\u00f6sungen f\u00fcr l\u00e4ndliche Gebiete<\/h2>\t\t\t\t<\/div>\n\t\t\t\t<\/div>\n\t\t\t\t<div class=\"elementor-element elementor-element-b69dda2 elementor-widget__width-initial elementor-widget elementor-widget-text-editor\" data-id=\"b69dda2\" data-element_type=\"widget\" data-e-type=\"widget\" data-widget_type=\"text-editor.default\">\n\t\t\t\t<div class=\"elementor-widget-container\">\n\t\t\t\t\t\t\t\t\t<p>Die SIERA Alliance setzt sich daf\u00fcr ein, l\u00e4ndliche Gebiete durch nachhaltige Infrastruktur und Umweltpraktiken zu ver\u00e4ndern, die sowohl die Lebensqualit\u00e4t als auch die \u00f6kologische Gesundheit verbessern. Unsere L\u00f6sungen konzentrieren sich auf die besonderen Herausforderungen, mit denen l\u00e4ndliche Gemeinden konfrontiert sind, und f\u00f6rdern gleichzeitig die langfristige Widerstandsf\u00e4higkeit.<\/p><p>Wir setzen fortschrittliche Technologien und innovative Strategien ein, um die l\u00e4ndliche Infrastruktur zu verbessern - von Wasser- und Abwassersystemen bis hin zu Abfallmanagement und Energiel\u00f6sungen. Durch die Verbesserung landwirtschaftlicher Praktiken, ein besseres Wassermanagement und die F\u00f6rderung erneuerbarer Energien tragen wir dazu bei, dass l\u00e4ndliche Gebiete autarker und umweltfreundlicher werden.<\/p><p>Unsere Umweltingenieure konzentrieren sich auch auf die Wiederherstellung von Land und das Management von \u00d6kosystemen, indem sie degradierte Gebiete rehabilitieren und eine nachhaltige Landnutzung f\u00f6rdern. Durch Ma\u00dfnahmen wie Bodenschutz, Aufforstung und Wiederaufforstung verbessern wir die Artenvielfalt, steigern die landwirtschaftliche Produktivit\u00e4t und mildern die Auswirkungen des Klimawandels. Indem wir die Nachhaltigkeit in den Vordergrund stellen, helfen wir den l\u00e4ndlichen Gebieten zu gedeihen und erhalten gleichzeitig eine starke Verbindung zur Umwelt f\u00fcr zuk\u00fcnftige Generationen.<\/p>\t\t\t\t\t\t\t\t<\/div>\n\t\t\t\t<\/div>\n\t\t\t\t<div class=\"elementor-element elementor-element-045c26f elementor-align-left elementor-widget__width-initial elementor-widget elementor-widget-button\" data-id=\"045c26f\" data-element_type=\"widget\" data-e-type=\"widget\" data-widget_type=\"button.default\">\n\t\t\t\t<div class=\"elementor-widget-container\">\n\t\t\t\t\t\t\t\t\t<div class=\"elementor-button-wrapper\">\n\t\t\t\t\t<a class=\"elementor-button elementor-button-link elementor-size-sm\" href=\"https:\/\/siera-alliance.com\/de\/about-us\/\" target=\"_blank\">\n\t\t\t\t\t\t<span class=\"elementor-button-content-wrapper\">\n\t\t\t\t\t\t\t\t\t<span class=\"elementor-button-text\">Mehr erfahren<\/span>\n\t\t\t\t\t<\/span>\n\t\t\t\t\t<\/a>\n\t\t\t\t<\/div>\n\t\t\t\t\t\t\t\t<\/div>\n\t\t\t\t<\/div>\n\t\t\t\t<\/div>\n\t\t<div class=\"elementor-element elementor-element-7369653 e-con-full e-flex e-con e-child\" data-id=\"7369653\" data-element_type=\"container\" data-e-type=\"container\">\n\t\t\t\t<div class=\"elementor-element elementor-element-b9afafa elementor-widget elementor-widget-image\" data-id=\"b9afafa\" data-element_type=\"widget\" data-e-type=\"widget\" data-widget_type=\"image.default\">\n\t\t\t\t<div class=\"elementor-widget-container\">\n\t\t\t\t\t\t\t\t\t\t\t\t\t\t\t<img fetchpriority=\"high\" decoding=\"async\" width=\"667\" height=\"1000\" src=\"https:\/\/siera-alliance.com\/wp-content\/uploads\/2025\/07\/siera-alliance-23.webp\" class=\"attachment-large size-large wp-image-8197\" alt=\"siera alliance ()\" srcset=\"https:\/\/siera-alliance.com\/wp-content\/uploads\/2025\/07\/siera-alliance-23.webp 667w, https:\/\/siera-alliance.com\/wp-content\/uploads\/2025\/07\/siera-alliance-23-200x300.webp 200w\" sizes=\"(max-width: 667px) 100vw, 667px\" \/>\t\t\t\t\t\t\t\t\t\t\t\t\t\t\t<\/div>\n\t\t\t\t<\/div>\n\t\t\t\t<div class=\"elementor-element elementor-element-ed59d81 elementor-widget__width-initial elementor-absolute elementor-widget elementor-widget-image\" data-id=\"ed59d81\" data-element_type=\"widget\" data-e-type=\"widget\" data-settings=\"{&quot;_position&quot;:&quot;absolute&quot;}\" data-widget_type=\"image.default\">\n\t\t\t\t<div class=\"elementor-widget-container\">\n\t\t\t\t\t\t\t\t\t\t\t\t\t\t\t<img decoding=\"async\" width=\"667\" height=\"1000\" src=\"https:\/\/siera-alliance.com\/wp-content\/uploads\/2025\/07\/siera-alliance-22.webp\" class=\"attachment-large size-large wp-image-8198\" alt=\"siera alliance ()\" srcset=\"https:\/\/siera-alliance.com\/wp-content\/uploads\/2025\/07\/siera-alliance-22.webp 667w, https:\/\/siera-alliance.com\/wp-content\/uploads\/2025\/07\/siera-alliance-22-200x300.webp 200w\" sizes=\"(max-width: 667px) 100vw, 667px\" \/>\t\t\t\t\t\t\t\t\t\t\t\t\t\t\t<\/div>\n\t\t\t\t<\/div>\n\t\t\t\t<\/div>\n\t\t\t\t\t<\/div>\n\t\t\t\t<\/div>\n\t\t<div class=\"elementor-element elementor-element-ef1c2ef e-flex e-con-boxed e-con e-child\" data-id=\"ef1c2ef\" data-element_type=\"container\" data-e-type=\"container\">\n\t\t\t\t\t<div class=\"e-con-inner\">\n\t\t\t\t<div class=\"elementor-element elementor-element-d5fe7a8 elementor-widget__width-initial elementor-view-default elementor-position-block-start elementor-widget elementor-widget-icon-box\" data-id=\"d5fe7a8\" data-element_type=\"widget\" data-e-type=\"widget\" data-widget_type=\"icon-box.default\">\n\t\t\t\t<div class=\"elementor-widget-container\">\n\t\t\t\t\t\t\t<div class=\"elementor-icon-box-wrapper\">\n\n\t\t\t\t\t\t<div class=\"elementor-icon-box-icon\">\n\t\t\t\t<span  class=\"elementor-icon\">\n\t\t\t\t<i aria-hidden=\"true\" class=\"icon icon-leaf\"><\/i>\t\t\t\t<\/span>\n\t\t\t<\/div>\n\t\t\t\n\t\t\t\t\t\t<div class=\"elementor-icon-box-content\">\n\n\t\t\t\t\t\t\t\t\t<h3 class=\"elementor-icon-box-title\">\n\t\t\t\t\t\t<span  >\n\t\t\t\t\t\t\tNachhaltigkeit\t\t\t\t\t\t<\/span>\n\t\t\t\t\t<\/h3>\n\t\t\t\t\n\t\t\t\t\t\t\t\t\t<p class=\"elementor-icon-box-description\">\n\t\t\t\t\t\tUnser Schwerpunkt liegt auf der Schaffung einer widerstandsf\u00e4higen st\u00e4dtischen Umwelt mit gr\u00fcner Infrastruktur, die sicherstellt, dass die Gemeinden so gebaut werden, dass sie sich an eine sich ver\u00e4ndernde Welt anpassen und gedeihen k\u00f6nnen. Unsere Projekte tragen zur langfristigen Nachhaltigkeit bei und schaffen ein Gleichgewicht zwischen l\u00e4ndlicher Entwicklung und \u00f6kologischer Verantwortung.\t\t\t\t\t<\/p>\n\t\t\t\t\n\t\t\t<\/div>\n\t\t\t\n\t\t<\/div>\n\t\t\t\t\t\t<\/div>\n\t\t\t\t<\/div>\n\t\t\t\t<div class=\"elementor-element elementor-element-878bab7 elementor-widget__width-initial elementor-view-default elementor-position-block-start elementor-widget elementor-widget-icon-box\" data-id=\"878bab7\" data-element_type=\"widget\" data-e-type=\"widget\" data-widget_type=\"icon-box.default\">\n\t\t\t\t<div class=\"elementor-widget-container\">\n\t\t\t\t\t\t\t<div class=\"elementor-icon-box-wrapper\">\n\n\t\t\t\t\t\t<div class=\"elementor-icon-box-icon\">\n\t\t\t\t<span  class=\"elementor-icon\">\n\t\t\t\t<i aria-hidden=\"true\" class=\"icon icon-planting\"><\/i>\t\t\t\t<\/span>\n\t\t\t<\/div>\n\t\t\t\n\t\t\t\t\t\t<div class=\"elementor-icon-box-content\">\n\n\t\t\t\t\t\t\t\t\t<h3 class=\"elementor-icon-box-title\">\n\t\t\t\t\t\t<span  >\n\t\t\t\t\t\t\tiESG\t\t\t\t\t\t<\/span>\n\t\t\t\t\t<\/h3>\n\t\t\t\t\n\t\t\t\t\t\t\t\t\t<p class=\"elementor-icon-box-description\">\n\t\t\t\t\t\tWir bem\u00fchen uns, Entwicklungsm\u00f6glichkeiten sowohl f\u00fcr st\u00e4dtische als auch f\u00fcr l\u00e4ndliche Gemeinden zug\u00e4nglich zu machen. Wir konzentrieren uns darauf, durch ESG-Rahmenbedingungen, die soziale Gerechtigkeit und Umweltschutz f\u00f6rdern, reale Auswirkungen zu erzielen.\t\t\t\t\t<\/p>\n\t\t\t\t\n\t\t\t<\/div>\n\t\t\t\n\t\t<\/div>\n\t\t\t\t\t\t<\/div>\n\t\t\t\t<\/div>\n\t\t\t\t<div class=\"elementor-element elementor-element-c5a2792 elementor-widget__width-initial elementor-view-default elementor-position-block-start elementor-widget elementor-widget-icon-box\" data-id=\"c5a2792\" data-element_type=\"widget\" data-e-type=\"widget\" data-widget_type=\"icon-box.default\">\n\t\t\t\t<div class=\"elementor-widget-container\">\n\t\t\t\t\t\t\t<div class=\"elementor-icon-box-wrapper\">\n\n\t\t\t\t\t\t<div class=\"elementor-icon-box-icon\">\n\t\t\t\t<span  class=\"elementor-icon\">\n\t\t\t\t<i aria-hidden=\"true\" class=\"icon icon-arrows\"><\/i>\t\t\t\t<\/span>\n\t\t\t<\/div>\n\t\t\t\n\t\t\t\t\t\t<div class=\"elementor-icon-box-content\">\n\n\t\t\t\t\t\t\t\t\t<h3 class=\"elementor-icon-box-title\">\n\t\t\t\t\t\t<span  >\n\t\t\t\t\t\t\tGreen Deal\t\t\t\t\t\t<\/span>\n\t\t\t\t\t<\/h3>\n\t\t\t\t\n\t\t\t\t\t\t\t\t\t<p class=\"elementor-icon-box-description\">\n\t\t\t\t\t\tMit unserer Arbeit unterst\u00fctzen wir aktiv den globalen Wandel hin zu einer nachhaltigen Infrastruktur im Einklang mit dem Green Deal der EU. Wir setzen uns daf\u00fcr ein, die Entwicklung zu f\u00f6rdern und gleichzeitig eine verantwortungsvolle Landnutzung zu unterst\u00fctzen und die biologische Vielfalt f\u00fcr k\u00fcnftige Generationen zu erhalten.\t\t\t\t\t<\/p>\n\t\t\t\t\n\t\t\t<\/div>\n\t\t\t\n\t\t<\/div>\n\t\t\t\t\t\t<\/div>\n\t\t\t\t<\/div>\n\t\t\t\t\t<\/div>\n\t\t\t\t<\/div>\n\t\t<div class=\"elementor-element elementor-element-2673f99 e-flex e-con-boxed e-con e-parent\" data-id=\"2673f99\" data-element_type=\"container\" data-e-type=\"container\" data-settings=\"{&quot;background_background&quot;:&quot;classic&quot;}\">\n\t\t\t\t\t<div class=\"e-con-inner\">\n\t\t\t\t<div class=\"elementor-element elementor-element-54e9365 elementor-widget__width-initial elementor-widget elementor-widget-heading\" data-id=\"54e9365\" data-element_type=\"widget\" data-e-type=\"widget\" data-widget_type=\"heading.default\">\n\t\t\t\t<div class=\"elementor-widget-container\">\n\t\t\t\t\t<h2 class=\"elementor-heading-title elementor-size-default\">Was wir anbieten<\/h2>\t\t\t\t<\/div>\n\t\t\t\t<\/div>\n\t\t\t\t<div class=\"elementor-element elementor-element-42c56a6 elementor-widget__width-initial elementor-widget elementor-widget-text-editor\" data-id=\"42c56a6\" data-element_type=\"widget\" data-e-type=\"widget\" data-widget_type=\"text-editor.default\">\n\t\t\t\t<div class=\"elementor-widget-container\">\n\t\t\t\t\t\t\t\t\t<p>Angetrieben von der SIERA Alliance konzentrieren wir uns auf eine nachhaltige st\u00e4dtische und l\u00e4ndliche Entwicklung, indem wir Impact-Finanzierungsinstrumente und fortschrittliche Baupraktiken nutzen, um widerstandsf\u00e4hige Gemeinden zu schaffen, die mit der notwendigen Infrastruktur ausgestattet sind und gleichzeitig die Umwelt sch\u00fctzen.<\/p>\t\t\t\t\t\t\t\t<\/div>\n\t\t\t\t<\/div>\n\t\t\t\t<div class=\"elementor-element elementor-element-0e2a552 elementor-widget-divider--view-line elementor-widget elementor-widget-divider\" data-id=\"0e2a552\" data-element_type=\"widget\" data-e-type=\"widget\" data-widget_type=\"divider.default\">\n\t\t\t\t<div class=\"elementor-widget-container\">\n\t\t\t\t\t\t\t<div class=\"elementor-divider\">\n\t\t\t<span class=\"elementor-divider-separator\">\n\t\t\t\t\t\t<\/span>\n\t\t<\/div>\n\t\t\t\t\t\t<\/div>\n\t\t\t\t<\/div>\n\t\t\t\t<div class=\"elementor-element elementor-element-484a616 elementor-widget__width-initial elementor-widget elementor-widget-heading\" data-id=\"484a616\" data-element_type=\"widget\" data-e-type=\"widget\" data-widget_type=\"heading.default\">\n\t\t\t\t<div class=\"elementor-widget-container\">\n\t\t\t\t\t<h2 class=\"elementor-heading-title elementor-size-default\">Warum es wichtig ist<\/h2>\t\t\t\t<\/div>\n\t\t\t\t<\/div>\n\t\t\t\t<div class=\"elementor-element elementor-element-c7faeda elementor-widget__width-initial elementor-widget elementor-widget-text-editor\" data-id=\"c7faeda\" data-element_type=\"widget\" data-e-type=\"widget\" data-widget_type=\"text-editor.default\">\n\t\t\t\t<div class=\"elementor-widget-container\">\n\t\t\t\t\t\t\t\t\t<p>In Zusammenarbeit mit den Mitgliedern der SIERA Alliance - f\u00fchrenden Umweltingenieuren - f\u00f6rdern unsere Projekte das Wirtschaftswachstum und sorgen gleichzeitig f\u00fcr eine verantwortungsvolle Umwelt. Unsere Arbeit bef\u00e4higt Gemeinden in der Stadt und auf dem Land, in einer nachhaltigen Zukunft zu gedeihen. Mach mit bei unserer Mission, die Zukunft des l\u00e4ndlichen Raums f\u00fcr eine bessere Zukunft neu zu definieren.<\/p>\t\t\t\t\t\t\t\t<\/div>\n\t\t\t\t<\/div>\n\t\t\t\t\t<\/div>\n\t\t\t\t<\/div>\n\t\t\t\t<\/div>","protected":false},"excerpt":{"rendered":"<p>Siera Alliance Rural Areas Siera Alliance Sustainable Solutions for Rural Areas At SIERA Alliance, we are dedicated to transforming rural areas through sustainable infrastructure and environmental practices that enhance both the quality of life and ecological health. Our solutions focus on addressing the unique challenges faced by rural communities while fostering long-term resilience. We implement [&hellip;]<\/p>\n","protected":false},"author":3,"featured_media":0,"parent":0,"menu_order":0,"comment_status":"closed","ping_status":"closed","template":"elementor_header_footer","meta":{"footnotes":""},"class_list":["post-6520","page","type-page","status-publish","hentry"],"aioseo_notices":[],"_links":{"self":[{"href":"https:\/\/siera-alliance.com\/de\/wp-json\/wp\/v2\/pages\/6520","targetHints":{"allow":["GET"]}}],"collection":[{"href":"https:\/\/siera-alliance.com\/de\/wp-json\/wp\/v2\/pages"}],"about":[{"href":"https:\/\/siera-alliance.com\/de\/wp-json\/wp\/v2\/types\/page"}],"author":[{"embeddable":true,"href":"https:\/\/siera-alliance.com\/de\/wp-json\/wp\/v2\/users\/3"}],"replies":[{"embeddable":true,"href":"https:\/\/siera-alliance.com\/de\/wp-json\/wp\/v2\/comments?post=6520"}],"version-history":[{"count":7,"href":"https:\/\/siera-alliance.com\/de\/wp-json\/wp\/v2\/pages\/6520\/revisions"}],"predecessor-version":[{"id":8201,"href":"https:\/\/siera-alliance.com\/de\/wp-json\/wp\/v2\/pages\/6520\/revisions\/8201"}],"wp:attachment":[{"href":"https:\/\/siera-alliance.com\/de\/wp-json\/wp\/v2\/media?parent=6520"}],"curies":[{"name":"wp","href":"https:\/\/api.w.org\/{rel}","templated":true}]}}