{"id":3506,"date":"2024-09-12T13:24:25","date_gmt":"2024-09-12T13:24:25","guid":{"rendered":"https:\/\/siera-alliance.com\/?page_id=3506"},"modified":"2026-04-13T12:44:00","modified_gmt":"2026-04-13T12:44:00","slug":"siera-alliance-members","status":"publish","type":"page","link":"https:\/\/siera-alliance.com\/de\/siera-alliance-members\/","title":{"rendered":"SIERA-Allianz-Mitglieder"},"content":{"rendered":"<div data-elementor-type=\"wp-page\" data-elementor-id=\"3506\" class=\"elementor elementor-3506\" data-elementor-post-type=\"page\">\n\t\t\t\t<div class=\"elementor-element elementor-element-2f2d95c8 e-flex e-con-boxed e-con e-parent\" data-id=\"2f2d95c8\" data-element_type=\"container\" data-e-type=\"container\" data-settings=\"{&quot;background_background&quot;:&quot;classic&quot;}\">\n\t\t\t\t\t<div class=\"e-con-inner\">\n\t\t\t\t\t<\/div>\n\t\t\t\t<\/div>\n\t\t<div class=\"elementor-element elementor-element-f2034cf e-flex e-con-boxed e-con e-parent\" data-id=\"f2034cf\" data-element_type=\"container\" data-e-type=\"container\">\n\t\t\t\t\t<div class=\"e-con-inner\">\n\t\t<div class=\"elementor-element elementor-element-1903a8c e-con-full e-flex e-con e-child\" data-id=\"1903a8c\" data-element_type=\"container\" data-e-type=\"container\">\n\t\t<div class=\"elementor-element elementor-element-f431adc e-con-full e-flex e-con e-child\" data-id=\"f431adc\" data-element_type=\"container\" data-e-type=\"container\">\n\t\t\t\t<div class=\"elementor-element elementor-element-6ecb9f2 elementor-widget__width-initial elementor-widget elementor-widget-heading\" data-id=\"6ecb9f2\" data-element_type=\"widget\" data-e-type=\"widget\" data-widget_type=\"heading.default\">\n\t\t\t\t<div class=\"elementor-widget-container\">\n\t\t\t\t\t<h2 class=\"elementor-heading-title elementor-size-default\">F\u00fchrende SIERA-Allianz-Mitglieder Beratungsunternehmen f\u00fcr Wirkung und Nachhaltigkeit<\/h2>\t\t\t\t<\/div>\n\t\t\t\t<\/div>\n\t\t\t\t<\/div>\n\t\t\t\t<\/div>\n\t\t\t\t\t<\/div>\n\t\t\t\t<\/div>\n\t\t<div class=\"elementor-element elementor-element-0485fcf e-flex e-con-boxed e-con e-parent\" data-id=\"0485fcf\" data-element_type=\"container\" data-e-type=\"container\">\n\t\t\t\t\t<div class=\"e-con-inner\">\n\t\t\t\t<div class=\"elementor-element elementor-element-9da6883 elementor-widget__width-initial elementor-widget elementor-widget-text-editor\" data-id=\"9da6883\" data-element_type=\"widget\" data-e-type=\"widget\" data-widget_type=\"text-editor.default\">\n\t\t\t\t<div class=\"elementor-widget-container\">\n\t\t\t\t\t\t\t\t\t<p>Die SIERA-Allianz verbindet f\u00fchrende Umwelttechnik-Beratungsunternehmen, die sich auf wirkungsorientierte L\u00f6sungen spezialisiert haben. Auf der Grundlage des \u201cSIERA Periodic Table of Impact\u201d wenden unsere Partner die h\u00f6chsten ESG-Standards an, um nachhaltige Praktiken in ihren Betrieben zu gew\u00e4hrleisten. Die SIERA Alliance konzentriert sich haupts\u00e4chlich auf die DACH-Region (Deutschland, \u00d6sterreich und die Schweiz) und f\u00f6rdert eine Kultur der Umweltverantwortung, Nachhaltigkeit und Wirkung.<\/p>\t\t\t\t\t\t\t\t<\/div>\n\t\t\t\t<\/div>\n\t\t\t\t\t<\/div>\n\t\t\t\t<\/div>\n\t\t<div class=\"elementor-element elementor-element-b761fee e-flex e-con-boxed e-con e-parent\" data-id=\"b761fee\" data-element_type=\"container\" data-e-type=\"container\" data-settings=\"{&quot;background_background&quot;:&quot;classic&quot;}\">\n\t\t\t\t\t<div class=\"e-con-inner\">\n\t\t\t\t<div class=\"elementor-element elementor-element-802d542 elementor-widget__width-initial elementor-widget elementor-widget-heading\" data-id=\"802d542\" data-element_type=\"widget\" data-e-type=\"widget\" data-widget_type=\"heading.default\">\n\t\t\t\t<div class=\"elementor-widget-container\">\n\t\t\t\t\t<h3 class=\"elementor-heading-title elementor-size-default\">Mehr Wirkung durch Kompetenz und Innovation<\/h3>\t\t\t\t<\/div>\n\t\t\t\t<\/div>\n\t\t\t\t\t<\/div>\n\t\t\t\t<\/div>\n\t\t<div class=\"elementor-element elementor-element-3dff8d6 e-flex e-con-boxed e-con e-parent\" data-id=\"3dff8d6\" data-element_type=\"container\" data-e-type=\"container\">\n\t\t\t\t\t<div class=\"e-con-inner\">\n\t\t\t\t<div class=\"elementor-element elementor-element-e63d921 elementor-widget__width-initial elementor-widget elementor-widget-heading\" data-id=\"e63d921\" data-element_type=\"widget\" data-e-type=\"widget\" data-widget_type=\"heading.default\">\n\t\t\t\t<div class=\"elementor-widget-container\">\n\t\t\t\t\t<h3 class=\"elementor-heading-title elementor-size-default\">Unsere Mitglieder<\/h3>\t\t\t\t<\/div>\n\t\t\t\t<\/div>\n\t\t\t\t<div class=\"elementor-element elementor-element-bec5265 elementor-widget__width-initial elementor-widget elementor-widget-text-editor\" data-id=\"bec5265\" data-element_type=\"widget\" data-e-type=\"widget\" data-widget_type=\"text-editor.default\">\n\t\t\t\t<div class=\"elementor-widget-container\">\n\t\t\t\t\t\t\t\t\t<p>Die SIERA-Allianz ist stolz darauf, f\u00fchrende <strong>Umwelttechnik<\/strong> Beratungsunternehmen mit jahrzehntelanger Erfahrung, die unsere Mission in der DACH-Region vertreten. Unsere Mitglieder engagieren sich f\u00fcr Nachhaltigkeitsinitiativen, die sicherstellen, dass ihre Kunden von einer Kultur der Umweltverantwortung, der Nachhaltigkeit und des Einflusses profitieren.<\/p>\t\t\t\t\t\t\t\t<\/div>\n\t\t\t\t<\/div>\n\t\t<div class=\"elementor-element elementor-element-2d7eee5 e-con-full e-flex e-con e-child\" data-id=\"2d7eee5\" data-element_type=\"container\" data-e-type=\"container\">\n\t\t\t\t<div class=\"elementor-element elementor-element-849d4e2 elementor-widget elementor-widget-elementskit-client-logo\" data-id=\"849d4e2\" data-element_type=\"widget\" data-e-type=\"widget\" data-widget_type=\"elementskit-client-logo.default\">\n\t\t\t\t<div class=\"elementor-widget-container\">\n\t\t\t\t\t<div class=\"ekit-wid-con\" >\t\t<div class=\"elementskit-clients-slider slider-dotted dot_dashed simple_logo_image\" data-config=\"{&quot;rtl&quot;:false,&quot;arrows&quot;:false,&quot;dots&quot;:true,&quot;autoplay&quot;:true,&quot;speed&quot;:1000,&quot;slidesPerView&quot;:7,&quot;slidesPerGroup&quot;:3,&quot;pauseOnHover&quot;:true,&quot;loop&quot;:true,&quot;breakpoints&quot;:{&quot;320&quot;:{&quot;slidesPerView&quot;:3,&quot;slidesPerGroup&quot;:1,&quot;spaceBetween&quot;:10},&quot;768&quot;:{&quot;slidesPerView&quot;:4,&quot;slidesPerGroup&quot;:1,&quot;spaceBetween&quot;:10},&quot;1024&quot;:{&quot;slidesPerView&quot;:7,&quot;slidesPerGroup&quot;:3,&quot;spaceBetween&quot;:30}}}\" data-direction=\"\">\n\t\t\t<div class=\"ekit-main-swiper swiper\">\n\t\t\t\t<div class=\"swiper-wrapper\">\n\t\t\t\t\t\t\t\t\t\t\t<div class=\"elementskit-client-slider-item swiper-slide\">\n\t\t\t\t\t\t\t<div class=\"swiper-slide-inner\">\n\t\t\t\t\t\t\t\t<div class=\"single-client image-switcher\" title=\"\">\n\t\t\t\t\t\t\t\t\t\t\t\t\t\t\t\t\t\t\t<a href=\"https:\/\/mullundpartner.de\/\" target=\"_blank\">\n\t\t\t\t\t\t\t\t\t\t\t<span class=\"content-image\">\n\t\t\t\t\t\t\t\t\t\t\t\t<img fetchpriority=\"high\" decoding=\"async\" width=\"400\" height=\"414\" src=\"https:\/\/siera-alliance.com\/wp-content\/uploads\/2025\/05\/MP_Ingenieurgesellschaft.webp\" class=\"\" alt=\"M&amp;P Ingenieurgesellschaft\" srcset=\"https:\/\/siera-alliance.com\/wp-content\/uploads\/2025\/05\/MP_Ingenieurgesellschaft.webp 400w, https:\/\/siera-alliance.com\/wp-content\/uploads\/2025\/05\/MP_Ingenieurgesellschaft-290x300.webp 290w\" sizes=\"(max-width: 400px) 100vw, 400px\" \/>\t\t\t\t\t\t\t\t\t\t\t<\/span>\n\t\t\t\t\t\t\t\t\t\t<\/a>\n\t\t\t\t\t\t\t\t\t\t\t\t\t\t\t\t\t<\/div>\n\t\t\t\t\t\t\t<\/div>\n\t\t\t\t\t\t<\/div>\n\t\t\t\t\t\t\t\t\t\t\t<div class=\"elementskit-client-slider-item swiper-slide\">\n\t\t\t\t\t\t\t<div class=\"swiper-slide-inner\">\n\t\t\t\t\t\t\t\t<div class=\"single-client image-switcher\" title=\"\">\n\t\t\t\t\t\t\t\t\t\t\t\t\t\t\t\t\t\t\t<a href=\"https:\/\/tucherundpartner.de\/\" target=\"_blank\">\n\t\t\t\t\t\t\t\t\t\t\t<span class=\"content-image\">\n\t\t\t\t\t\t\t\t\t\t\t\t<img decoding=\"async\" width=\"400\" height=\"414\" src=\"https:\/\/siera-alliance.com\/wp-content\/uploads\/2025\/05\/TP.webp\" class=\"\" alt=\"T&amp;P\" srcset=\"https:\/\/siera-alliance.com\/wp-content\/uploads\/2025\/05\/TP.webp 400w, https:\/\/siera-alliance.com\/wp-content\/uploads\/2025\/05\/TP-290x300.webp 290w\" sizes=\"(max-width: 400px) 100vw, 400px\" \/>\t\t\t\t\t\t\t\t\t\t\t<\/span>\n\t\t\t\t\t\t\t\t\t\t<\/a>\n\t\t\t\t\t\t\t\t\t\t\t\t\t\t\t\t\t<\/div>\n\t\t\t\t\t\t\t<\/div>\n\t\t\t\t\t\t<\/div>\n\t\t\t\t\t\t\t\t\t\t\t<div class=\"elementskit-client-slider-item swiper-slide\">\n\t\t\t\t\t\t\t<div class=\"swiper-slide-inner\">\n\t\t\t\t\t\t\t\t<div class=\"single-client image-switcher\" title=\"\">\n\t\t\t\t\t\t\t\t\t\t\t\t\t\t\t\t\t\t\t<a href=\"https:\/\/mup-ibl.com\/\" target=\"_blank\">\n\t\t\t\t\t\t\t\t\t\t\t<span class=\"content-image\">\n\t\t\t\t\t\t\t\t\t\t\t\t<img decoding=\"async\" width=\"400\" height=\"414\" src=\"https:\/\/siera-alliance.com\/wp-content\/uploads\/2025\/05\/MP_Umwelttechnik.webp\" class=\"\" alt=\"M&amp;P Umwelttechnik\" srcset=\"https:\/\/siera-alliance.com\/wp-content\/uploads\/2025\/05\/MP_Umwelttechnik.webp 400w, https:\/\/siera-alliance.com\/wp-content\/uploads\/2025\/05\/MP_Umwelttechnik-290x300.webp 290w\" sizes=\"(max-width: 400px) 100vw, 400px\" \/>\t\t\t\t\t\t\t\t\t\t\t<\/span>\n\t\t\t\t\t\t\t\t\t\t<\/a>\n\t\t\t\t\t\t\t\t\t\t\t\t\t\t\t\t\t<\/div>\n\t\t\t\t\t\t\t<\/div>\n\t\t\t\t\t\t<\/div>\n\t\t\t\t\t\t\t\t\t\t\t<div class=\"elementskit-client-slider-item swiper-slide\">\n\t\t\t\t\t\t\t<div class=\"swiper-slide-inner\">\n\t\t\t\t\t\t\t\t<div class=\"single-client image-switcher\" title=\"\">\n\t\t\t\t\t\t\t\t\t\t\t\t\t\t\t\t\t\t\t<a href=\"https:\/\/mup-climate.com\/\" target=\"_blank\">\n\t\t\t\t\t\t\t\t\t\t\t<span class=\"content-image\">\n\t\t\t\t\t\t\t\t\t\t\t\t<img loading=\"lazy\" decoding=\"async\" width=\"400\" height=\"414\" src=\"https:\/\/siera-alliance.com\/wp-content\/uploads\/2025\/05\/MP_Climate-2.webp\" class=\"\" alt=\"M&amp;P Climate\" srcset=\"https:\/\/siera-alliance.com\/wp-content\/uploads\/2025\/05\/MP_Climate-2.webp 400w, https:\/\/siera-alliance.com\/wp-content\/uploads\/2025\/05\/MP_Climate-2-290x300.webp 290w\" sizes=\"(max-width: 400px) 100vw, 400px\" \/>\t\t\t\t\t\t\t\t\t\t\t<\/span>\n\t\t\t\t\t\t\t\t\t\t<\/a>\n\t\t\t\t\t\t\t\t\t\t\t\t\t\t\t\t\t<\/div>\n\t\t\t\t\t\t\t<\/div>\n\t\t\t\t\t\t<\/div>\n\t\t\t\t\t\t\t\t\t\t\t<div class=\"elementskit-client-slider-item swiper-slide\">\n\t\t\t\t\t\t\t<div class=\"swiper-slide-inner\">\n\t\t\t\t\t\t\t\t<div class=\"single-client image-switcher\" title=\"\">\n\t\t\t\t\t\t\t\t\t\t\t\t\t\t\t\t\t\t\t<a href=\"https:\/\/mup-energy.com\/\" target=\"_blank\">\n\t\t\t\t\t\t\t\t\t\t\t<span class=\"content-image\">\n\t\t\t\t\t\t\t\t\t\t\t\t<img loading=\"lazy\" decoding=\"async\" width=\"400\" height=\"414\" src=\"https:\/\/siera-alliance.com\/wp-content\/uploads\/2025\/05\/MP_Energy.webp\" class=\"\" alt=\"M&amp;P Energy\" srcset=\"https:\/\/siera-alliance.com\/wp-content\/uploads\/2025\/05\/MP_Energy.webp 400w, https:\/\/siera-alliance.com\/wp-content\/uploads\/2025\/05\/MP_Energy-290x300.webp 290w\" sizes=\"(max-width: 400px) 100vw, 400px\" \/>\t\t\t\t\t\t\t\t\t\t\t<\/span>\n\t\t\t\t\t\t\t\t\t\t<\/a>\n\t\t\t\t\t\t\t\t\t\t\t\t\t\t\t\t\t<\/div>\n\t\t\t\t\t\t\t<\/div>\n\t\t\t\t\t\t<\/div>\n\t\t\t\t\t\t\t\t\t\t\t<div class=\"elementskit-client-slider-item swiper-slide\">\n\t\t\t\t\t\t\t<div class=\"swiper-slide-inner\">\n\t\t\t\t\t\t\t\t<div class=\"single-client image-switcher\" title=\"\">\n\t\t\t\t\t\t\t\t\t\t\t\t\t\t\t\t\t\t\t<a href=\"https:\/\/www.mup-water.com\/\" target=\"_blank\">\n\t\t\t\t\t\t\t\t\t\t\t<span class=\"content-image\">\n\t\t\t\t\t\t\t\t\t\t\t\t<img loading=\"lazy\" decoding=\"async\" width=\"400\" height=\"414\" src=\"https:\/\/siera-alliance.com\/wp-content\/uploads\/2025\/05\/MP_Water.webp\" class=\"\" alt=\"M&amp;P Water\" srcset=\"https:\/\/siera-alliance.com\/wp-content\/uploads\/2025\/05\/MP_Water.webp 400w, https:\/\/siera-alliance.com\/wp-content\/uploads\/2025\/05\/MP_Water-290x300.webp 290w\" sizes=\"(max-width: 400px) 100vw, 400px\" \/>\t\t\t\t\t\t\t\t\t\t\t<\/span>\n\t\t\t\t\t\t\t\t\t\t<\/a>\n\t\t\t\t\t\t\t\t\t\t\t\t\t\t\t\t\t<\/div>\n\t\t\t\t\t\t\t<\/div>\n\t\t\t\t\t\t<\/div>\n\t\t\t\t\t\t\t\t\t\t\t<div class=\"elementskit-client-slider-item swiper-slide\">\n\t\t\t\t\t\t\t<div class=\"swiper-slide-inner\">\n\t\t\t\t\t\t\t\t<div class=\"single-client image-switcher\" title=\"\">\n\t\t\t\t\t\t\t\t\t\t\t\t\t\t\t\t\t\t\t<a href=\"https:\/\/icp-ing.de\/\" target=\"_blank\">\n\t\t\t\t\t\t\t\t\t\t\t<span class=\"content-image\">\n\t\t\t\t\t\t\t\t\t\t\t\t<img loading=\"lazy\" decoding=\"async\" width=\"655\" height=\"515\" src=\"https:\/\/siera-alliance.com\/wp-content\/uploads\/2025\/05\/ICP_Logo-1.webp\" class=\"\" alt=\"ICP Logo ()\" srcset=\"https:\/\/siera-alliance.com\/wp-content\/uploads\/2025\/05\/ICP_Logo-1.webp 655w, https:\/\/siera-alliance.com\/wp-content\/uploads\/2025\/05\/ICP_Logo-1-300x236.webp 300w\" sizes=\"(max-width: 655px) 100vw, 655px\" \/>\t\t\t\t\t\t\t\t\t\t\t<\/span>\n\t\t\t\t\t\t\t\t\t\t<\/a>\n\t\t\t\t\t\t\t\t\t\t\t\t\t\t\t\t\t<\/div>\n\t\t\t\t\t\t\t<\/div>\n\t\t\t\t\t\t<\/div>\n\t\t\t\t\t\t\t\t\t\t\t<div class=\"elementskit-client-slider-item swiper-slide\">\n\t\t\t\t\t\t\t<div class=\"swiper-slide-inner\">\n\t\t\t\t\t\t\t\t<div class=\"single-client image-switcher\" title=\"\">\n\t\t\t\t\t\t\t\t\t\t\t\t\t\t\t\t\t\t\t<a href=\"https:\/\/duerselen-immobilien.de\/\" target=\"_blank\">\n\t\t\t\t\t\t\t\t\t\t\t<span class=\"content-image\">\n\t\t\t\t\t\t\t\t\t\t\t\t<img loading=\"lazy\" decoding=\"async\" width=\"300\" height=\"300\" src=\"https:\/\/siera-alliance.com\/wp-content\/uploads\/2024\/09\/durselen.jpg\" class=\"\" alt=\"\" srcset=\"https:\/\/siera-alliance.com\/wp-content\/uploads\/2024\/09\/durselen.jpg 300w, https:\/\/siera-alliance.com\/wp-content\/uploads\/2024\/09\/durselen-150x150.jpg 150w\" sizes=\"(max-width: 300px) 100vw, 300px\" \/>\t\t\t\t\t\t\t\t\t\t\t<\/span>\n\t\t\t\t\t\t\t\t\t\t<\/a>\n\t\t\t\t\t\t\t\t\t\t\t\t\t\t\t\t\t<\/div>\n\t\t\t\t\t\t\t<\/div>\n\t\t\t\t\t\t<\/div>\n\t\t\t\t\t\t\t\t\t\t\t<div class=\"elementskit-client-slider-item swiper-slide\">\n\t\t\t\t\t\t\t<div class=\"swiper-slide-inner\">\n\t\t\t\t\t\t\t\t<div class=\"single-client image-switcher\" title=\"\">\n\t\t\t\t\t\t\t\t\t\t\t\t\t\t\t\t\t\t\t<a href=\"https:\/\/burmeier-ingenieure.de\/\" target=\"_blank\">\n\t\t\t\t\t\t\t\t\t\t\t<span class=\"content-image\">\n\t\t\t\t\t\t\t\t\t\t\t\t<img loading=\"lazy\" decoding=\"async\" width=\"515\" height=\"240\" src=\"https:\/\/siera-alliance.com\/wp-content\/uploads\/2025\/05\/BIG_Logo-1.webp\" class=\"\" alt=\"BIG Logo ()\" srcset=\"https:\/\/siera-alliance.com\/wp-content\/uploads\/2025\/05\/BIG_Logo-1.webp 515w, https:\/\/siera-alliance.com\/wp-content\/uploads\/2025\/05\/BIG_Logo-1-300x140.webp 300w\" sizes=\"(max-width: 515px) 100vw, 515px\" \/>\t\t\t\t\t\t\t\t\t\t\t<\/span>\n\t\t\t\t\t\t\t\t\t\t<\/a>\n\t\t\t\t\t\t\t\t\t\t\t\t\t\t\t\t\t<\/div>\n\t\t\t\t\t\t\t<\/div>\n\t\t\t\t\t\t<\/div>\n\t\t\t\t\t\t\t\t\t\t\t<div class=\"elementskit-client-slider-item swiper-slide\">\n\t\t\t\t\t\t\t<div class=\"swiper-slide-inner\">\n\t\t\t\t\t\t\t\t<div class=\"single-client image-switcher\" title=\"\">\n\t\t\t\t\t\t\t\t\t\t\t\t\t\t\t\t\t\t\t<a href=\"https:\/\/seecon.de\/\" target=\"_blank\">\n\t\t\t\t\t\t\t\t\t\t\t<span class=\"content-image\">\n\t\t\t\t\t\t\t\t\t\t\t\t<img loading=\"lazy\" decoding=\"async\" width=\"1124\" height=\"320\" src=\"https:\/\/siera-alliance.com\/wp-content\/uploads\/2025\/05\/Seecon_Logo-1.webp\" class=\"\" alt=\"Seecon Logo ()\" srcset=\"https:\/\/siera-alliance.com\/wp-content\/uploads\/2025\/05\/Seecon_Logo-1.webp 1124w, https:\/\/siera-alliance.com\/wp-content\/uploads\/2025\/05\/Seecon_Logo-1-300x85.webp 300w, https:\/\/siera-alliance.com\/wp-content\/uploads\/2025\/05\/Seecon_Logo-1-1024x292.webp 1024w, https:\/\/siera-alliance.com\/wp-content\/uploads\/2025\/05\/Seecon_Logo-1-768x219.webp 768w\" sizes=\"(max-width: 1124px) 100vw, 1124px\" \/>\t\t\t\t\t\t\t\t\t\t\t<\/span>\n\t\t\t\t\t\t\t\t\t\t<\/a>\n\t\t\t\t\t\t\t\t\t\t\t\t\t\t\t\t\t<\/div>\n\t\t\t\t\t\t\t<\/div>\n\t\t\t\t\t\t<\/div>\n\t\t\t\t\t\t\t\t\t\t\t<div class=\"elementskit-client-slider-item swiper-slide\">\n\t\t\t\t\t\t\t<div class=\"swiper-slide-inner\">\n\t\t\t\t\t\t\t\t<div class=\"single-client image-switcher\" title=\"\">\n\t\t\t\t\t\t\t\t\t\t\t\t\t\t\t\t\t\t\t<a href=\"https:\/\/taberg.de\/\">\n\t\t\t\t\t\t\t\t\t\t\t<span class=\"content-image\">\n\t\t\t\t\t\t\t\t\t\t\t\t<img loading=\"lazy\" decoding=\"async\" width=\"1370\" height=\"1370\" src=\"https:\/\/siera-alliance.com\/wp-content\/uploads\/2025\/06\/Taberg_Logo-1-1.webp\" class=\"\" alt=\"Taberg Logo\" srcset=\"https:\/\/siera-alliance.com\/wp-content\/uploads\/2025\/06\/Taberg_Logo-1-1.webp 1370w, https:\/\/siera-alliance.com\/wp-content\/uploads\/2025\/06\/Taberg_Logo-1-1-300x300.webp 300w, https:\/\/siera-alliance.com\/wp-content\/uploads\/2025\/06\/Taberg_Logo-1-1-1024x1024.webp 1024w, https:\/\/siera-alliance.com\/wp-content\/uploads\/2025\/06\/Taberg_Logo-1-1-150x150.webp 150w, https:\/\/siera-alliance.com\/wp-content\/uploads\/2025\/06\/Taberg_Logo-1-1-768x768.webp 768w\" sizes=\"(max-width: 1370px) 100vw, 1370px\" \/>\t\t\t\t\t\t\t\t\t\t\t<\/span>\n\t\t\t\t\t\t\t\t\t\t<\/a>\n\t\t\t\t\t\t\t\t\t\t\t\t\t\t\t\t\t<\/div>\n\t\t\t\t\t\t\t<\/div>\n\t\t\t\t\t\t<\/div>\n\t\t\t\t\t\t\t\t\t<\/div>\n\n\t\t\t\t\t\t\t\t\t<div class=\"swiper-pagination\"><\/div>\n\t\t\t\t\n\t\t\t\t\t\t\t<\/div><!-- .elementskit-clients-slider END -->\n\t\t<\/div>\n\t\t<\/div>\t\t\t\t<\/div>\n\t\t\t\t<\/div>\n\t\t\t\t<\/div>\n\t\t\t\t\t<\/div>\n\t\t\t\t<\/div>\n\t\t<div class=\"elementor-element elementor-element-5876fb87 e-flex e-con-boxed e-con e-parent\" data-id=\"5876fb87\" data-element_type=\"container\" data-e-type=\"container\" data-settings=\"{&quot;background_background&quot;:&quot;classic&quot;}\">\n\t\t\t\t\t<div class=\"e-con-inner\">\n\t\t\t\t<div class=\"elementor-element elementor-element-eab5274 elementor-widget__width-initial elementor-widget elementor-widget-heading\" data-id=\"eab5274\" data-element_type=\"widget\" data-e-type=\"widget\" data-widget_type=\"heading.default\">\n\t\t\t\t<div class=\"elementor-widget-container\">\n\t\t\t\t\t<h3 class=\"elementor-heading-title elementor-size-default\">SIERA Alliance Mitglieder L\u00f6sungen\n\n<br>Angetrieben von SIERA Alliance<\/h3>\t\t\t\t<\/div>\n\t\t\t\t<\/div>\n\t\t\t\t<div class=\"elementor-element elementor-element-3692603 elementor-align-center elementor-widget__width-initial elementor-widget elementor-widget-button\" data-id=\"3692603\" data-element_type=\"widget\" data-e-type=\"widget\" data-widget_type=\"button.default\">\n\t\t\t\t<div class=\"elementor-widget-container\">\n\t\t\t\t\t\t\t\t\t<div class=\"elementor-button-wrapper\">\n\t\t\t\t\t<a class=\"elementor-button elementor-button-link elementor-size-sm\" href=\"\/de\/contact-us\/\">\n\t\t\t\t\t\t<span class=\"elementor-button-content-wrapper\">\n\t\t\t\t\t\t\t\t\t<span class=\"elementor-button-text\">Jetzt verbinden<\/span>\n\t\t\t\t\t<\/span>\n\t\t\t\t\t<\/a>\n\t\t\t\t<\/div>\n\t\t\t\t\t\t\t\t<\/div>\n\t\t\t\t<\/div>\n\t\t\t\t\t<\/div>\n\t\t\t\t<\/div>\n\t\t\t\t<\/div>","protected":false},"excerpt":{"rendered":"<p>Leading SIERA Alliance Members Consultancy for Impact and Sustainability SIERA Alliance connects premier Environmental Engineering consulting companies that specialize in impact-driven solutions. With a foundation in the \u201cSIERA Periodic Table of Impact,\u201d our partners apply the highest ESG standards to maintain sustainable practices across their operations. Focused primarily in the DACH region (Germany, Austria, and [&hellip;]<\/p>\n","protected":false},"author":2,"featured_media":0,"parent":0,"menu_order":0,"comment_status":"closed","ping_status":"closed","template":"elementor_header_footer","meta":{"footnotes":""},"class_list":["post-3506","page","type-page","status-publish","hentry"],"aioseo_notices":[],"_links":{"self":[{"href":"https:\/\/siera-alliance.com\/de\/wp-json\/wp\/v2\/pages\/3506","targetHints":{"allow":["GET"]}}],"collection":[{"href":"https:\/\/siera-alliance.com\/de\/wp-json\/wp\/v2\/pages"}],"about":[{"href":"https:\/\/siera-alliance.com\/de\/wp-json\/wp\/v2\/types\/page"}],"author":[{"embeddable":true,"href":"https:\/\/siera-alliance.com\/de\/wp-json\/wp\/v2\/users\/2"}],"replies":[{"embeddable":true,"href":"https:\/\/siera-alliance.com\/de\/wp-json\/wp\/v2\/comments?post=3506"}],"version-history":[{"count":123,"href":"https:\/\/siera-alliance.com\/de\/wp-json\/wp\/v2\/pages\/3506\/revisions"}],"predecessor-version":[{"id":10940,"href":"https:\/\/siera-alliance.com\/de\/wp-json\/wp\/v2\/pages\/3506\/revisions\/10940"}],"wp:attachment":[{"href":"https:\/\/siera-alliance.com\/de\/wp-json\/wp\/v2\/media?parent=3506"}],"curies":[{"name":"wp","href":"https:\/\/api.w.org\/{rel}","templated":true}]}}