{"id":2967,"date":"2024-08-30T13:53:28","date_gmt":"2024-08-30T13:53:28","guid":{"rendered":"https:\/\/siera-alliance.com\/?page_id=2967"},"modified":"2025-05-26T13:15:18","modified_gmt":"2025-05-26T13:15:18","slug":"governance","status":"publish","type":"page","link":"https:\/\/siera-alliance.com\/de\/governance\/","title":{"rendered":"Governance"},"content":{"rendered":"<div data-elementor-type=\"wp-page\" data-elementor-id=\"2967\" class=\"elementor elementor-2967\" data-elementor-post-type=\"page\">\n\t\t\t\t<div class=\"elementor-element elementor-element-c3a5302 e-flex e-con-boxed e-con e-parent\" data-id=\"c3a5302\" data-element_type=\"container\" data-e-type=\"container\" data-settings=\"{&quot;background_background&quot;:&quot;classic&quot;}\">\n\t\t\t\t\t<div class=\"e-con-inner\">\n\t\t\t\t<div class=\"elementor-element elementor-element-95b38d5 elementor-widget__width-initial elementor-widget elementor-widget-heading\" data-id=\"95b38d5\" data-element_type=\"widget\" data-e-type=\"widget\" data-widget_type=\"heading.default\">\n\t\t\t\t<div class=\"elementor-widget-container\">\n\t\t\t\t\t<h5 class=\"elementor-heading-title elementor-size-default\">Siera Alliance<\/h5>\t\t\t\t<\/div>\n\t\t\t\t<\/div>\n\t\t\t\t<div class=\"elementor-element elementor-element-12acc08 elementor-widget__width-initial elementor-widget elementor-widget-heading\" data-id=\"12acc08\" data-element_type=\"widget\" data-e-type=\"widget\" data-widget_type=\"heading.default\">\n\t\t\t\t<div class=\"elementor-widget-container\">\n\t\t\t\t\t<h1 class=\"elementor-heading-title elementor-size-default\">Governance<\/h1>\t\t\t\t<\/div>\n\t\t\t\t<\/div>\n\t\t\t\t\t<\/div>\n\t\t\t\t<\/div>\n\t\t<div class=\"elementor-element elementor-element-0b26275 e-flex e-con-boxed e-con e-parent\" data-id=\"0b26275\" data-element_type=\"container\" data-e-type=\"container\">\n\t\t\t\t\t<div class=\"e-con-inner\">\n\t\t<div class=\"elementor-element elementor-element-20d10d7 e-con-full e-flex e-con e-child\" data-id=\"20d10d7\" data-element_type=\"container\" data-e-type=\"container\">\n\t\t\t\t<div class=\"elementor-element elementor-element-6b54b5a elementor-widget elementor-widget-image\" data-id=\"6b54b5a\" data-element_type=\"widget\" data-e-type=\"widget\" data-widget_type=\"image.default\">\n\t\t\t\t<div class=\"elementor-widget-container\">\n\t\t\t\t\t\t\t\t\t\t\t\t\t\t\t<img fetchpriority=\"high\" decoding=\"async\" width=\"800\" height=\"533\" src=\"https:\/\/siera-alliance.com\/wp-content\/uploads\/2024\/07\/plant-growing-coins-glass-jar-money-green-grass.jpg\" class=\"attachment-large size-large wp-image-523\" alt=\"\" srcset=\"https:\/\/siera-alliance.com\/wp-content\/uploads\/2024\/07\/plant-growing-coins-glass-jar-money-green-grass.jpg 1000w, https:\/\/siera-alliance.com\/wp-content\/uploads\/2024\/07\/plant-growing-coins-glass-jar-money-green-grass-300x200.jpg 300w, https:\/\/siera-alliance.com\/wp-content\/uploads\/2024\/07\/plant-growing-coins-glass-jar-money-green-grass-768x511.jpg 768w\" sizes=\"(max-width: 800px) 100vw, 800px\" \/>\t\t\t\t\t\t\t\t\t\t\t\t\t\t\t<\/div>\n\t\t\t\t<\/div>\n\t\t<div class=\"elementor-element elementor-element-c96175b e-con-full e-flex e-con e-child\" data-id=\"c96175b\" data-element_type=\"container\" data-e-type=\"container\">\n\t\t\t\t<div class=\"elementor-element elementor-element-c42c3e7 elementor-widget elementor-widget-image\" data-id=\"c42c3e7\" data-element_type=\"widget\" data-e-type=\"widget\" data-widget_type=\"image.default\">\n\t\t\t\t<div class=\"elementor-widget-container\">\n\t\t\t\t\t\t\t\t\t\t\t\t\t\t\t<img decoding=\"async\" width=\"800\" height=\"534\" src=\"https:\/\/siera-alliance.com\/wp-content\/uploads\/2024\/07\/realistic-water-drop-with-ecosystem-1024x683.jpg\" class=\"attachment-large size-large wp-image-522\" alt=\"\" srcset=\"https:\/\/siera-alliance.com\/wp-content\/uploads\/2024\/07\/realistic-water-drop-with-ecosystem-1024x683.jpg 1024w, https:\/\/siera-alliance.com\/wp-content\/uploads\/2024\/07\/realistic-water-drop-with-ecosystem-300x200.jpg 300w, https:\/\/siera-alliance.com\/wp-content\/uploads\/2024\/07\/realistic-water-drop-with-ecosystem-768x512.jpg 768w, https:\/\/siera-alliance.com\/wp-content\/uploads\/2024\/07\/realistic-water-drop-with-ecosystem-1536x1024.jpg 1536w, https:\/\/siera-alliance.com\/wp-content\/uploads\/2024\/07\/realistic-water-drop-with-ecosystem-2048x1365.jpg 2048w, https:\/\/siera-alliance.com\/wp-content\/uploads\/2024\/07\/realistic-water-drop-with-ecosystem-scaled.jpg 1350w\" sizes=\"(max-width: 800px) 100vw, 800px\" \/>\t\t\t\t\t\t\t\t\t\t\t\t\t\t\t<\/div>\n\t\t\t\t<\/div>\n\t\t\t\t<div class=\"elementor-element elementor-element-800e555 elementor-widget elementor-widget-image\" data-id=\"800e555\" data-element_type=\"widget\" data-e-type=\"widget\" data-widget_type=\"image.default\">\n\t\t\t\t<div class=\"elementor-widget-container\">\n\t\t\t\t\t\t\t\t\t\t\t\t\t\t\t<img decoding=\"async\" width=\"800\" height=\"531\" src=\"https:\/\/siera-alliance.com\/wp-content\/uploads\/2024\/07\/image-21.png\" class=\"attachment-large size-large wp-image-445\" alt=\"\" srcset=\"https:\/\/siera-alliance.com\/wp-content\/uploads\/2024\/07\/image-21.png 929w, https:\/\/siera-alliance.com\/wp-content\/uploads\/2024\/07\/image-21-300x199.png 300w, https:\/\/siera-alliance.com\/wp-content\/uploads\/2024\/07\/image-21-768x510.png 768w\" sizes=\"(max-width: 800px) 100vw, 800px\" \/>\t\t\t\t\t\t\t\t\t\t\t\t\t\t\t<\/div>\n\t\t\t\t<\/div>\n\t\t\t\t<\/div>\n\t\t\t\t<\/div>\n\t\t<div class=\"elementor-element elementor-element-c12fb7d e-con-full e-flex e-con e-child\" data-id=\"c12fb7d\" data-element_type=\"container\" data-e-type=\"container\">\n\t\t\t\t<div class=\"elementor-element elementor-element-1484b71 elementor-widget__width-initial elementor-widget elementor-widget-heading\" data-id=\"1484b71\" data-element_type=\"widget\" data-e-type=\"widget\" data-widget_type=\"heading.default\">\n\t\t\t\t<div class=\"elementor-widget-container\">\n\t\t\t\t\t<h5 class=\"elementor-heading-title elementor-size-default\">Governance<\/h5>\t\t\t\t<\/div>\n\t\t\t\t<\/div>\n\t\t\t\t<div class=\"elementor-element elementor-element-7f34e8f elementor-widget__width-initial elementor-widget elementor-widget-heading\" data-id=\"7f34e8f\" data-element_type=\"widget\" data-e-type=\"widget\" data-widget_type=\"heading.default\">\n\t\t\t\t<div class=\"elementor-widget-container\">\n\t\t\t\t\t<h2 class=\"elementor-heading-title elementor-size-default\">Stewards der Integrit\u00e4t und Transparenz<\/h2>\t\t\t\t<\/div>\n\t\t\t\t<\/div>\n\t\t\t\t<div class=\"elementor-element elementor-element-1097c2c elementor-widget__width-initial elementor-widget elementor-widget-text-editor\" data-id=\"1097c2c\" data-element_type=\"widget\" data-e-type=\"widget\" data-widget_type=\"text-editor.default\">\n\t\t\t\t<div class=\"elementor-widget-container\">\n\t\t\t\t\t\t\t\t\t<p>Eine starke Unternehmensf\u00fchrung ist der Grundstein f\u00fcr nachhaltigen Unternehmenserfolg. Wir von SIERA Alliance helfen Unternehmen dabei, einen soliden Governance-Rahmen zu schaffen, der Rechenschaftspflicht, Transparenz und ethisches Verhalten in allen Gesch\u00e4ftsbereichen gew\u00e4hrleistet. Unsere Dienstleistungen sind darauf ausgerichtet, das Vertrauen der Stakeholder - einschlie\u00dflich Investoren, Kunden und Mitarbeiter - zu st\u00e4rken, indem wir die strikte Einhaltung von Vorschriften und Best Practices f\u00f6rdern.<\/p>\n<p>Wir unterst\u00fctzen Unternehmen dabei, eine solide Grundlage f\u00fcr Entscheidungen, Risikomanagement und langfristiges Wachstum zu schaffen. Indem sie der Governance Priorit\u00e4t einr\u00e4umen, k\u00f6nnen Unternehmen ihren Ruf sch\u00fctzen, Risiken mindern und ein stabiles Umfeld schaffen, das eine nachhaltige Entwicklung und positive gesellschaftliche Auswirkungen unterst\u00fctzt.<\/p>\t\t\t\t\t\t\t\t<\/div>\n\t\t\t\t<\/div>\n\t\t\t\t<div class=\"elementor-element elementor-element-95a491e elementor-align-left elementor-widget__width-initial elementor-widget elementor-widget-button\" data-id=\"95a491e\" data-element_type=\"widget\" data-e-type=\"widget\" data-widget_type=\"button.default\">\n\t\t\t\t<div class=\"elementor-widget-container\">\n\t\t\t\t\t\t\t\t\t<div class=\"elementor-button-wrapper\">\n\t\t\t\t\t<a class=\"elementor-button elementor-button-link elementor-size-sm\" href=\"#our-expertise\">\n\t\t\t\t\t\t<span class=\"elementor-button-content-wrapper\">\n\t\t\t\t\t\t\t\t\t<span class=\"elementor-button-text\">Mehr erfahren<\/span>\n\t\t\t\t\t<\/span>\n\t\t\t\t\t<\/a>\n\t\t\t\t<\/div>\n\t\t\t\t\t\t\t\t<\/div>\n\t\t\t\t<\/div>\n\t\t\t\t<\/div>\n\t\t\t\t\t<\/div>\n\t\t\t\t<\/div>\n\t\t<div class=\"elementor-element elementor-element-7e094e7 e-flex e-con-boxed e-con e-parent\" data-id=\"7e094e7\" data-element_type=\"container\" data-e-type=\"container\" id=\"our-expertise\" data-settings=\"{&quot;background_background&quot;:&quot;classic&quot;}\">\n\t\t\t\t\t<div class=\"e-con-inner\">\n\t\t<div class=\"elementor-element elementor-element-b726358 e-con-full e-flex e-con e-child\" data-id=\"b726358\" data-element_type=\"container\" data-e-type=\"container\">\n\t\t\t\t<div class=\"elementor-element elementor-element-52808fc elementor-widget__width-initial elementor-widget elementor-widget-heading\" data-id=\"52808fc\" data-element_type=\"widget\" data-e-type=\"widget\" data-widget_type=\"heading.default\">\n\t\t\t\t<div class=\"elementor-widget-container\">\n\t\t\t\t\t<h5 class=\"elementor-heading-title elementor-size-default\">Governance<\/h5>\t\t\t\t<\/div>\n\t\t\t\t<\/div>\n\t\t\t\t<div class=\"elementor-element elementor-element-8cfecc9 elementor-widget__width-initial elementor-widget elementor-widget-heading\" data-id=\"8cfecc9\" data-element_type=\"widget\" data-e-type=\"widget\" data-widget_type=\"heading.default\">\n\t\t\t\t<div class=\"elementor-widget-container\">\n\t\t\t\t\t<h2 class=\"elementor-heading-title elementor-size-default\">Unser Fachwissen<\/h2>\t\t\t\t<\/div>\n\t\t\t\t<\/div>\n\t\t\t\t<div class=\"elementor-element elementor-element-3fbe441 elementor-widget__width-initial elementor-widget elementor-widget-text-editor\" data-id=\"3fbe441\" data-element_type=\"widget\" data-e-type=\"widget\" data-widget_type=\"text-editor.default\">\n\t\t\t\t<div class=\"elementor-widget-container\">\n\t\t\t\t\t\t\t\t\t<p>Wir von SIERA Alliance sind darauf spezialisiert, Unternehmensrichtlinien zu entwickeln, die die Unternehmensf\u00fchrung verbessern und Rechenschaftspflicht, Transparenz und ethische Gesch\u00e4ftspraktiken gew\u00e4hrleisten.<\/p>\t\t\t\t\t\t\t\t<\/div>\n\t\t\t\t<\/div>\n\t\t\t\t<\/div>\n\t\t<div class=\"elementor-element elementor-element-8d72b8a e-con-full e-flex e-con e-child\" data-id=\"8d72b8a\" data-element_type=\"container\" data-e-type=\"container\">\n\t\t\t\t<div class=\"elementor-element elementor-element-d3368a0 elementor-flip-box--effect-fade elementor-widget__width-initial elementor-widget elementor-widget-flip-box\" data-id=\"d3368a0\" data-element_type=\"widget\" data-e-type=\"widget\" data-widget_type=\"flip-box.default\">\n\t\t\t\t<div class=\"elementor-widget-container\">\n\t\t\t\t\t\t\t<div class=\"elementor-flip-box\" tabindex=\"0\">\n\t\t\t<div class=\"elementor-flip-box__layer elementor-flip-box__front\">\n\t\t\t\t<div class=\"elementor-flip-box__layer__overlay\">\n\t\t\t\t\t<div class=\"elementor-flip-box__layer__inner\">\n\t\t\t\t\t\t\n\t\t\t\t\t\t\t\t\t\t\t\t\t<h3 class=\"elementor-flip-box__layer__title\">\n\t\t\t\t\t\t\t\tEntwicklung der Unternehmenspolitik\t\t\t\t\t\t\t<\/h3>\n\t\t\t\t\t\t\n\t\t\t\t\t\t\t\t\t\t\t<\/div>\n\t\t\t\t<\/div>\n\t\t\t<\/div>\n\t\t\t<a class=\"elementor-flip-box__layer elementor-flip-box__back\" href=\"https:\/\/siera-alliance.com\/de\/themes\/corporate-policy-development\/\">\n\t\t\t<div class=\"elementor-flip-box__layer__overlay\">\n\t\t\t\t<div class=\"elementor-flip-box__layer__inner\">\n\t\t\t\t\t\t\t\t\t\t\t<h3 class=\"elementor-flip-box__layer__title\">\n\t\t\t\t\t\t\tEntwicklung der Unternehmenspolitik\t\t\t\t\t\t<\/h3>\n\t\t\t\t\t\n\t\t\t\t\t\n\t\t\t\t\t\t\t\t<\/div>\n\t\t<\/div>\n\t\t<\/a>\n\t\t<\/div>\n\t\t\t\t\t\t<\/div>\n\t\t\t\t<\/div>\n\t\t\t\t<\/div>\n\t\t\t\t\t<\/div>\n\t\t\t\t<\/div>\n\t\t\t\t<\/div>","protected":false},"excerpt":{"rendered":"<p>Siera Alliance Governance Stewards of Integrity and Transparency Strong governance is the cornerstone of sustainable business success. At SIERA Alliance, we help organizations establish robust governance frameworks that ensure accountability, transparency, and ethical behaviour across all operations. Our services are designed to foster trust among stakeholders\u2014including investors, customers, and employees\u2014by promoting rigorous compliance with regulations [&hellip;]<\/p>\n","protected":false},"author":2,"featured_media":0,"parent":0,"menu_order":0,"comment_status":"closed","ping_status":"closed","template":"elementor_header_footer","meta":{"footnotes":""},"class_list":["post-2967","page","type-page","status-publish","hentry"],"aioseo_notices":[],"_links":{"self":[{"href":"https:\/\/siera-alliance.com\/de\/wp-json\/wp\/v2\/pages\/2967","targetHints":{"allow":["GET"]}}],"collection":[{"href":"https:\/\/siera-alliance.com\/de\/wp-json\/wp\/v2\/pages"}],"about":[{"href":"https:\/\/siera-alliance.com\/de\/wp-json\/wp\/v2\/types\/page"}],"author":[{"embeddable":true,"href":"https:\/\/siera-alliance.com\/de\/wp-json\/wp\/v2\/users\/2"}],"replies":[{"embeddable":true,"href":"https:\/\/siera-alliance.com\/de\/wp-json\/wp\/v2\/comments?post=2967"}],"version-history":[{"count":12,"href":"https:\/\/siera-alliance.com\/de\/wp-json\/wp\/v2\/pages\/2967\/revisions"}],"predecessor-version":[{"id":7048,"href":"https:\/\/siera-alliance.com\/de\/wp-json\/wp\/v2\/pages\/2967\/revisions\/7048"}],"wp:attachment":[{"href":"https:\/\/siera-alliance.com\/de\/wp-json\/wp\/v2\/media?parent=2967"}],"curies":[{"name":"wp","href":"https:\/\/api.w.org\/{rel}","templated":true}]}}